{"id":307753,"date":"2020-04-30T21:16:58","date_gmt":"2024-02-06T10:59:44","guid":{"rendered":"https:\/\/www.moskito.cz\/produkt\/spyderco-titanium-chaparral-klappmesser\/"},"modified":"2025-07-11T07:51:18","modified_gmt":"2025-07-11T06:51:18","slug":"spyderco-titanium-chaparral-klappmesser","status":"publish","type":"product","link":"https:\/\/www.moskito.cz\/de\/produkt\/spyderco-titanium-chaparral-klappmesser\/","title":{"rendered":"Spyderco Titanium Chaparral Klappmesser"},"content":{"rendered":"<p>Spyderco Titanium Chaparral Klappmesser.<\/p>\n<p>Spyderco ist ein Unternehmen mit Sitz in Colorado, USA. Diese weltber\u00fchmten Messer mit dem Spinnensymbol sind auf maximale Funktionalit\u00e4t und komfortable Nutzung ausgelegt. Spyderco f\u00fchrte eine Reihe von Innovationen in der Messerherstellung ein, die sp\u00e4ter von vielen anderen Messerherstellern \u00fcbernommen wurden. Dabei handelt es sich beispielsweise um ein Loch in der Klinge, das das \u00d6ffnen des Messers mit einer Hand erm\u00f6glicht, einen Taschenclip zum Halten des Messers oder eine teilweise gezahnte Klinge.<\/p>\n<p>Die Spyderco Chaparral-Serie bietet ein \u00e4u\u00dferst raffiniertes Design mit modernster<br \/>\n Materialien und Griffmodifikationen. Die neueste Erg\u00e4nzung dieser Linie ist das massive Titan<br \/>\n Pr\u00e4ziser CNC-gefr\u00e4ster Einsatz mit einem komplexen dreidimensionalen \u201eStufenmuster\u201c.<br \/>\n Dieses hervorragend gefertigte Messer verf\u00fcgt \u00fcber eine vollst\u00e4ndig geschliffene Klinge aus rostfreiem Stahl<br \/>\n CTS\u2122 XHP, mit einem hinteren Verriegelungsmechanismus und einer umkehrbaren Drahtschnalle,<br \/>\n das beidh\u00e4ndiges Tragen unterst\u00fctzt.<br \/>\n Technische Daten<\/p>\n<p>Geschlossen: 91 mm<br \/>\n Gesamtl\u00e4nge: 161 mm<br \/>\n Klinge: 2,75&#8243; (70 mm)<br \/>\n Kante: 2,30&#8243; (58 mm)<br \/>\n Klingenst\u00e4rke: 0,077&#8243; (1,9 mm)<br \/>\n Klingenstahl: CTS-XHP<br \/>\n Schliff: Vollst\u00e4ndig flach<br \/>\n Griffmaterial: Titan<\/p>\n","protected":false},"excerpt":{"rendered":"<p>Verschlussmesser.<\/p>\n","protected":false},"featured_media":190085,"comment_status":"open","ping_status":"closed","template":"","meta":[],"pwb-brand":[3427],"product_brand":[],"product_cat":[3285,3303],"product_tag":[3669],"class_list":{"0":"post-307753","1":"product","2":"type-product","3":"status-publish","4":"has-post-thumbnail","6":"pwb-brand-spyderco-de","7":"product_cat-messer","8":"product_cat-schliesmesser","9":"product_tag-b2b-de","11":"first","12":"outofstock","13":"taxable","14":"shipping-taxable","15":"purchasable","16":"product-type-simple"},"brands":[{"id":3427,"name":"Spyderco","slug":"spyderco-de"}],"_links":{"self":[{"href":"https:\/\/www.moskito.cz\/de\/wp-json\/wp\/v2\/product\/307753","targetHints":{"allow":["GET"]}}],"collection":[{"href":"https:\/\/www.moskito.cz\/de\/wp-json\/wp\/v2\/product"}],"about":[{"href":"https:\/\/www.moskito.cz\/de\/wp-json\/wp\/v2\/types\/product"}],"replies":[{"embeddable":true,"href":"https:\/\/www.moskito.cz\/de\/wp-json\/wp\/v2\/comments?post=307753"}],"wp:featuredmedia":[{"embeddable":true,"href":"https:\/\/www.moskito.cz\/de\/wp-json\/wp\/v2\/media\/190085"}],"wp:attachment":[{"href":"https:\/\/www.moskito.cz\/de\/wp-json\/wp\/v2\/media?parent=307753"}],"wp:term":[{"taxonomy":"pwb-brand","embeddable":true,"href":"https:\/\/www.moskito.cz\/de\/wp-json\/wp\/v2\/pwb-brand?post=307753"},{"taxonomy":"product_brand","embeddable":true,"href":"https:\/\/www.moskito.cz\/de\/wp-json\/wp\/v2\/product_brand?post=307753"},{"taxonomy":"product_cat","embeddable":true,"href":"https:\/\/www.moskito.cz\/de\/wp-json\/wp\/v2\/product_cat?post=307753"},{"taxonomy":"product_tag","embeddable":true,"href":"https:\/\/www.moskito.cz\/de\/wp-json\/wp\/v2\/product_tag?post=307753"}],"curies":[{"name":"wp","href":"https:\/\/api.w.org\/{rel}","templated":true}]}}