{"id":307774,"date":"2020-05-01T21:05:20","date_gmt":"2024-02-06T10:59:51","guid":{"rendered":"https:\/\/www.moskito.cz\/produkt\/victorinox-alliance-small-241539-uhr\/"},"modified":"2025-07-11T07:51:21","modified_gmt":"2025-07-11T06:51:21","slug":"victorinox-alliance-small-241539-uhr","status":"publish","type":"product","link":"https:\/\/www.moskito.cz\/de\/produkt\/victorinox-alliance-small-241539-uhr\/","title":{"rendered":"Victorinox Alliance Small 241539 Uhr"},"content":{"rendered":"<p><strong>Victorinox Alliance Small 241539 Uhr.<\/p>\n<p>Die Victorinox Schweizer Uhr aus der Modellreihe Alliance mit der Bezeichnung 241539 ist sehr wasserdicht. Sie verf\u00fcgen \u00fcber ein Quarzwerk und ein langlebiges Saphirglas mit Antireflexbeschichtung.<\/p>\n<table>\n<tbody>\n<tr>\n<td>Bestimmung<\/td>\n<td>Damen<\/td>\n<\/tr>\n<tr>\n<td>Herkunft<\/td>\n<td>schweizerisch<\/td>\n<\/tr>\n<tr>\n<td>Verwenden<\/td>\n<td>Sozial<\/td>\n<\/tr>\n<tr>\n<td>Wasserdicht<\/td>\n<td>100 m<\/td>\n<\/tr>\n<tr>\n<td>Fahren<\/td>\n<td>Batterie-Quarz<\/td>\n<\/tr>\n<tr>\n<td>Die Maschine<\/td>\n<td>Ronda 705<\/td>\n<\/tr>\n<tr>\n<td>Batterie<\/td>\n<td>Ja<\/td>\n<\/tr>\n<tr>\n<td>W\u00e4hlen<\/td>\n<td>Analog<\/td>\n<\/tr>\n<tr>\n<td>Folienmaterial<\/td>\n<td>Saphir \u2013 entspiegelt<\/td>\n<\/tr>\n<tr>\n<td>Geh\u00e4usematerial<\/td>\n<td>Edelstahl<\/td>\n<\/tr>\n<tr>\n<td>Bandmaterial<\/td>\n<td>Edelstahl<\/td>\n<\/tr>\n<tr>\n<td>Geh\u00e4useform<\/td>\n<td>Runden<\/td>\n<\/tr>\n<tr>\n<td>Geh\u00e4usegr\u00f6\u00dfe<\/td>\n<td>30mm<\/td>\n<\/tr>\n<tr>\n<td>Zifferblattfarbe<\/td>\n<td>Wei\u00df<\/td>\n<\/tr>\n<tr>\n<td>Armbandfarbe<\/td>\n<td>Grau<\/td>\n<\/tr>\n<tr>\n<td>Datum<\/td>\n<td>Ja<\/td>\n<\/tr>\n<tr>\n<td>Deckel mit Gewinde<\/td>\n<td>Ja<\/td>\n<\/tr>\n<tr>\n<td>Garantie<\/td>\n<td>5 Jahre<\/td>\n<\/tr>\n<\/tbody>\n<\/table>\n","protected":false},"excerpt":{"rendered":"<p>Victorinox-Uhren.<\/p>\n","protected":false},"featured_media":182956,"comment_status":"open","ping_status":"closed","template":"","meta":[],"pwb-brand":[3535],"product_brand":[],"product_cat":[3347],"product_tag":[],"class_list":{"0":"post-307774","1":"product","2":"type-product","3":"status-publish","4":"has-post-thumbnail","6":"pwb-brand-victorinox-de","7":"product_cat-uhren","9":"first","10":"instock","11":"taxable","12":"shipping-taxable","13":"purchasable","14":"product-type-simple"},"brands":[{"id":3535,"name":"Victorinox","slug":"victorinox-de"}],"_links":{"self":[{"href":"https:\/\/www.moskito.cz\/de\/wp-json\/wp\/v2\/product\/307774","targetHints":{"allow":["GET"]}}],"collection":[{"href":"https:\/\/www.moskito.cz\/de\/wp-json\/wp\/v2\/product"}],"about":[{"href":"https:\/\/www.moskito.cz\/de\/wp-json\/wp\/v2\/types\/product"}],"replies":[{"embeddable":true,"href":"https:\/\/www.moskito.cz\/de\/wp-json\/wp\/v2\/comments?post=307774"}],"wp:featuredmedia":[{"embeddable":true,"href":"https:\/\/www.moskito.cz\/de\/wp-json\/wp\/v2\/media\/182956"}],"wp:attachment":[{"href":"https:\/\/www.moskito.cz\/de\/wp-json\/wp\/v2\/media?parent=307774"}],"wp:term":[{"taxonomy":"pwb-brand","embeddable":true,"href":"https:\/\/www.moskito.cz\/de\/wp-json\/wp\/v2\/pwb-brand?post=307774"},{"taxonomy":"product_brand","embeddable":true,"href":"https:\/\/www.moskito.cz\/de\/wp-json\/wp\/v2\/product_brand?post=307774"},{"taxonomy":"product_cat","embeddable":true,"href":"https:\/\/www.moskito.cz\/de\/wp-json\/wp\/v2\/product_cat?post=307774"},{"taxonomy":"product_tag","embeddable":true,"href":"https:\/\/www.moskito.cz\/de\/wp-json\/wp\/v2\/product_tag?post=307774"}],"curies":[{"name":"wp","href":"https:\/\/api.w.org\/{rel}","templated":true}]}}