{"id":307779,"date":"2020-05-06T11:51:38","date_gmt":"2024-02-06T10:59:54","guid":{"rendered":"https:\/\/www.moskito.cz\/produkt\/joker-nc47-schliessmesser\/"},"modified":"2025-07-11T07:51:21","modified_gmt":"2025-07-11T06:51:21","slug":"joker-nc47-schliessmesser","status":"publish","type":"product","link":"https:\/\/www.moskito.cz\/de\/produkt\/joker-nc47-schliessmesser\/","title":{"rendered":"Joker NC47 Schlie\u00dfmesser"},"content":{"rendered":"<p>Joker NC47 Schlie\u00dfmesser.<\/p>\n<p>Joker-Messer stammen aus der spanischen Stadt Albacete, die f\u00fcr die traditionelle Herstellung von Messern und Dolchen bekannt ist.<\/p>\n<p>Dose f\u00fcr J\u00e4ger Joker Cocker mit rechten Eckm\u00fcndungen.<\/p>\n<p>&#8211; Stahl: 1.4116 &#8211; martensitischer Edelstahl<br \/>\n&#8211; Klingenl\u00e4nge 9 cm<br \/>\n&#8211; Klingensicherung: Backlock<br \/>\n&#8211; Gewicht: 135g<br \/>\n&#8211; Griff: Horn<\/p>\n<p>&nbsp;<\/p>\n","protected":false},"excerpt":{"rendered":"<p><strong>Joker<\/strong> -Messer stammen aus der spanischen Stadt Albacete, die f\u00fcr die traditionelle Herstellung von Messern und Dolchen bekannt ist.<br \/>\n<strong>Entworfen und hergestellt in Spanien (Albacete)<\/strong><\/p>\n","protected":false},"featured_media":192455,"comment_status":"open","ping_status":"closed","template":"","meta":[],"pwb-brand":[3415],"product_brand":[],"product_cat":[3303,3285],"product_tag":[],"class_list":{"0":"post-307779","1":"product","2":"type-product","3":"status-publish","4":"has-post-thumbnail","6":"pwb-brand-joker-de","7":"product_cat-schliesmesser","8":"product_cat-messer","10":"first","11":"outofstock","12":"sale","13":"taxable","14":"shipping-taxable","15":"purchasable","16":"product-type-simple"},"brands":[{"id":3415,"name":"Joker","slug":"joker-de"}],"_links":{"self":[{"href":"https:\/\/www.moskito.cz\/de\/wp-json\/wp\/v2\/product\/307779","targetHints":{"allow":["GET"]}}],"collection":[{"href":"https:\/\/www.moskito.cz\/de\/wp-json\/wp\/v2\/product"}],"about":[{"href":"https:\/\/www.moskito.cz\/de\/wp-json\/wp\/v2\/types\/product"}],"replies":[{"embeddable":true,"href":"https:\/\/www.moskito.cz\/de\/wp-json\/wp\/v2\/comments?post=307779"}],"wp:featuredmedia":[{"embeddable":true,"href":"https:\/\/www.moskito.cz\/de\/wp-json\/wp\/v2\/media\/192455"}],"wp:attachment":[{"href":"https:\/\/www.moskito.cz\/de\/wp-json\/wp\/v2\/media?parent=307779"}],"wp:term":[{"taxonomy":"pwb-brand","embeddable":true,"href":"https:\/\/www.moskito.cz\/de\/wp-json\/wp\/v2\/pwb-brand?post=307779"},{"taxonomy":"product_brand","embeddable":true,"href":"https:\/\/www.moskito.cz\/de\/wp-json\/wp\/v2\/product_brand?post=307779"},{"taxonomy":"product_cat","embeddable":true,"href":"https:\/\/www.moskito.cz\/de\/wp-json\/wp\/v2\/product_cat?post=307779"},{"taxonomy":"product_tag","embeddable":true,"href":"https:\/\/www.moskito.cz\/de\/wp-json\/wp\/v2\/product_tag?post=307779"}],"curies":[{"name":"wp","href":"https:\/\/api.w.org\/{rel}","templated":true}]}}