{"id":307784,"date":"2020-05-23T16:03:30","date_gmt":"2024-02-06T11:00:03","guid":{"rendered":"https:\/\/www.moskito.cz\/produkt\/keltisches-messer-mit-tac-force-verschluss\/"},"modified":"2025-07-11T07:51:24","modified_gmt":"2025-07-11T06:51:24","slug":"keltisches-messer-mit-tac-force-verschluss","status":"publish","type":"product","link":"https:\/\/www.moskito.cz\/de\/produkt\/keltisches-messer-mit-tac-force-verschluss\/","title":{"rendered":"Keltisches Messer mit Tac-Force-Verschluss"},"content":{"rendered":"<div>\n<div>Keltisches Messer mit Tac-Force-Verschluss.<\/div>\n<div>Klappmesser in Form eines historischen keltischen Kreuzes. Das Messer hat eine Oberfl\u00e4chenbehandlung und ist aus Edelstahl gefertigt.<\/div>\n<div>Die Klingenl\u00e4nge betr\u00e4gt 9 cm. Das Messer verf\u00fcgt \u00fcber einen Clip zum bequemen Tragen.<\/div>\n<\/div>\n<div>\n<div id=\"tw-target\">\n<div id=\"kAz1tf\">\n<div id=\"tw-target-text-container\" tabindex=\"0\">\n<pre id=\"tw-target-text\" dir=\"ltr\" data-placeholder=\"P\u0159eklad\"><span lang=\"cs\"> <\/span><\/pre>\n<\/div>\n<\/div>\n<\/div>\n<\/div>\n","protected":false},"excerpt":{"rendered":"<p>Sicherheitsmesser.<\/p>\n","protected":false},"featured_media":168372,"comment_status":"open","ping_status":"closed","template":"","meta":[],"pwb-brand":[3607],"product_brand":[],"product_cat":[3285,3303],"product_tag":[],"class_list":{"0":"post-307784","1":"product","2":"type-product","3":"status-publish","4":"has-post-thumbnail","6":"pwb-brand-tac-force-de","7":"product_cat-messer","8":"product_cat-schliesmesser","10":"first","11":"outofstock","12":"taxable","13":"shipping-taxable","14":"purchasable","15":"product-type-simple"},"brands":[{"id":3607,"name":"Tac Force","slug":"tac-force-de"}],"_links":{"self":[{"href":"https:\/\/www.moskito.cz\/de\/wp-json\/wp\/v2\/product\/307784","targetHints":{"allow":["GET"]}}],"collection":[{"href":"https:\/\/www.moskito.cz\/de\/wp-json\/wp\/v2\/product"}],"about":[{"href":"https:\/\/www.moskito.cz\/de\/wp-json\/wp\/v2\/types\/product"}],"replies":[{"embeddable":true,"href":"https:\/\/www.moskito.cz\/de\/wp-json\/wp\/v2\/comments?post=307784"}],"wp:featuredmedia":[{"embeddable":true,"href":"https:\/\/www.moskito.cz\/de\/wp-json\/wp\/v2\/media\/168372"}],"wp:attachment":[{"href":"https:\/\/www.moskito.cz\/de\/wp-json\/wp\/v2\/media?parent=307784"}],"wp:term":[{"taxonomy":"pwb-brand","embeddable":true,"href":"https:\/\/www.moskito.cz\/de\/wp-json\/wp\/v2\/pwb-brand?post=307784"},{"taxonomy":"product_brand","embeddable":true,"href":"https:\/\/www.moskito.cz\/de\/wp-json\/wp\/v2\/product_brand?post=307784"},{"taxonomy":"product_cat","embeddable":true,"href":"https:\/\/www.moskito.cz\/de\/wp-json\/wp\/v2\/product_cat?post=307784"},{"taxonomy":"product_tag","embeddable":true,"href":"https:\/\/www.moskito.cz\/de\/wp-json\/wp\/v2\/product_tag?post=307784"}],"curies":[{"name":"wp","href":"https:\/\/api.w.org\/{rel}","templated":true}]}}