{"id":307797,"date":"2020-06-02T09:49:38","date_gmt":"2020-06-02T08:49:38","guid":{"rendered":"https:\/\/www.moskito.cz\/produkt\/armbrust-barnett-wildcat-c6-set-4x32\/"},"modified":"2026-03-30T09:59:07","modified_gmt":"2026-03-30T08:59:07","slug":"armbrust-barnett-wildcat-c6-set-4x32","status":"publish","type":"product","link":"https:\/\/www.moskito.cz\/de\/produkt\/armbrust-barnett-wildcat-c6-set-4x32\/","title":{"rendered":"Armbrust BARNETT WILDCAT C6 Set 4&#215;32"},"content":{"rendered":"<p>Armbrust BARNETT WILDCAT C6 Set 4&#215;32.<\/p>\n<p>Die Armbrust oder Armbrust ist urspr\u00fcnglich eine historische Waffe, die haupts\u00e4chlich im Mittelalter entweder zur Jagd oder zum Kampf eingesetzt wurde. Sie zeichnete sich durch ihre enorme Schlagkraft und gro\u00dfe Reichweite aus. Heutzutage ist die Jagd mit dieser Waffe in den meisten europ\u00e4ischen L\u00e4ndern gesetzlich verboten. Heutzutage wird die Armbrust haupts\u00e4chlich zu Sport- und Freizeitzwecken eingesetzt. Moderne Armbr\u00fcste, mit Ausnahme der Kinderpfeile mit Saugnapf, bleiben weiterhin Waffen und fallen somit unter das Waffen- und Munitionsgesetz. Ihr Verkauf ist ab 18 Jahren kostenlos.<\/p>\n<p>Wenn der Besitzer einige Grunds\u00e4tze befolgt, wird die Armbrust jahrelang als Unterhaltungsquelle im Freien dienen:<\/p>\n<ol>\n<li>Behandeln Sie die Armbrust wie eine Waffe \u2013 lassen Sie sie nicht geladen, zielen Sie nicht auf Menschen und Tiere, auch wenn sie zum Spa\u00df ungeladen ist, und achten Sie beim Schie\u00dfen darauf, dass sich niemand im Schie\u00dfbereich bewegt (laufende Kinder, Hunde usw.). .<\/li>\n<li>Ein Pfeil einer Armbrust hat eine gro\u00dfe Reichweite, bis zu 1,5 km, wenn er in die Luft geschossen wird. Schie\u00dfen Sie immer in einem sicheren Bereich (Gegenhang, Fangnetz, &#8230;) und reservieren Sie einen ausreichend langen, freien und sicheren Bereich zum Schie\u00dfen.<\/li>\n<li><strong>Schie\u00dfen Sie die Armbrust NIEMALS LEER \u2013 also ohne Pfeil.<\/strong>  Fehlender Pfeilwiderstand f\u00fchrt zur Zerst\u00f6rung der Sehne bzw. des Bogens.<\/li>\n<li>Verwenden Sie Pfeile mit der richtigen L\u00e4nge und dem richtigen Gewicht. Leichtere Pfeile f\u00fchren zu einem h\u00f6heren Verschlei\u00df und k\u00f6nnen sogar zur Zerst\u00f6rung der Armbrust f\u00fchren.<\/li>\n<li>Schmieren Sie die Armbrustsehne regelm\u00e4\u00dfig mit Sehnenfett, um ihre Lebensdauer zu verl\u00e4ngern.<\/li>\n<li>Verwenden Sie einen geeigneten Landeplatz f\u00fcr Pfeile. Beim Aufprall muss der Pfeil allm\u00e4hlich und nicht auf einmal abgebremst werden, andererseits muss er bei der Landung vollst\u00e4ndig gestoppt werden. Geeignete Landepl\u00e4tze sind neben den handels\u00fcblichen auch Strohballen, von einem Holzrahmen heruntergezogenes Stroh oder eine ausreichende Schicht alter Lumpen, in einen Jutesack gestopft usw.<\/li>\n<\/ol>\n<p>Die Barnett Wildcat C6-Armbrust ist eine Mittelklasse-Rollenarmbrust mit einer Zugkraft von 140 lb (63 kg) und Armen mit einem Rollenachsenabstand von 26,25 Zoll (67 cm).<\/p>\n<p>Das Herz besteht aus einer Magnesiumlegierung, der Schaft aus leichtem Verbundwerkstoff und ist mit einem Schutzstreifen ausgestattet. Die Grundausstattung der Armbrust ist mehrstrahlig<\/p>\n<p>4&#215;32-Zielfernrohr, Rollenwickler, 3 Pfeilhalter und 3 St\u00fcck 20-Zoll-Pfeile.<\/p>\n<p>Zu verkaufen ab 18 Jahren.<\/p>\n<p>&nbsp;<\/p>\n","protected":false},"excerpt":{"rendered":"<p>Eine der \u00e4ltesten m\u00e4chtigen mechanischen Waffen ist die Armbrust. Dank des technischen Fortschritts gibt es heute nicht mehr nur klassische Reflexarmbr\u00fcste, sondern auch Flaschenzugarmbr\u00fcste, die durch ihre Rollen kompakter sind und bei geringerer Leistung eine h\u00f6here Leistung erzielen. F\u00fcr den Spa\u00df am Scheibenschie\u00dfen haben wir Pistolenarmbr\u00fcste. Sport- und Jagdarmbr\u00fcste.<\/p>\n","protected":false},"featured_media":168501,"comment_status":"open","ping_status":"closed","template":"","meta":[],"pwb-brand":[3612],"product_brand":[],"product_cat":[3615,3614],"product_tag":[],"class_list":{"0":"post-307797","1":"product","2":"type-product","3":"status-publish","4":"has-post-thumbnail","6":"pwb-brand-barnett-de","7":"product_cat-armbrustrolle","8":"product_cat-armbrust","10":"first","11":"instock","12":"taxable","13":"shipping-taxable","14":"purchasable","15":"product-type-simple"},"brands":[{"id":3612,"name":"Barnett","slug":"barnett-de"}],"_links":{"self":[{"href":"https:\/\/www.moskito.cz\/de\/wp-json\/wp\/v2\/product\/307797","targetHints":{"allow":["GET"]}}],"collection":[{"href":"https:\/\/www.moskito.cz\/de\/wp-json\/wp\/v2\/product"}],"about":[{"href":"https:\/\/www.moskito.cz\/de\/wp-json\/wp\/v2\/types\/product"}],"replies":[{"embeddable":true,"href":"https:\/\/www.moskito.cz\/de\/wp-json\/wp\/v2\/comments?post=307797"}],"wp:featuredmedia":[{"embeddable":true,"href":"https:\/\/www.moskito.cz\/de\/wp-json\/wp\/v2\/media\/168501"}],"wp:attachment":[{"href":"https:\/\/www.moskito.cz\/de\/wp-json\/wp\/v2\/media?parent=307797"}],"wp:term":[{"taxonomy":"pwb-brand","embeddable":true,"href":"https:\/\/www.moskito.cz\/de\/wp-json\/wp\/v2\/pwb-brand?post=307797"},{"taxonomy":"product_brand","embeddable":true,"href":"https:\/\/www.moskito.cz\/de\/wp-json\/wp\/v2\/product_brand?post=307797"},{"taxonomy":"product_cat","embeddable":true,"href":"https:\/\/www.moskito.cz\/de\/wp-json\/wp\/v2\/product_cat?post=307797"},{"taxonomy":"product_tag","embeddable":true,"href":"https:\/\/www.moskito.cz\/de\/wp-json\/wp\/v2\/product_tag?post=307797"}],"curies":[{"name":"wp","href":"https:\/\/api.w.org\/{rel}","templated":true}]}}