{"id":307806,"date":"2020-05-18T16:03:57","date_gmt":"2024-02-06T11:00:21","guid":{"rendered":"https:\/\/www.moskito.cz\/produkt\/cold-steel-black-talon-ii-klappmesser\/"},"modified":"2025-07-11T07:51:23","modified_gmt":"2025-07-11T06:51:23","slug":"cold-steel-black-talon-ii-klappmesser","status":"publish","type":"product","link":"https:\/\/www.moskito.cz\/de\/produkt\/cold-steel-black-talon-ii-klappmesser\/","title":{"rendered":"Cold Steel Black Talon II Klappmesser"},"content":{"rendered":"<p>Cold Steel Black Talon II Klappmesser.<\/p>\n<p>Das amerikanische Unternehmen Cold Steel hat seinen Ursprung in Ventura, Kalifornien. Die Marke wurde 1980 mit dem Fokus gegr\u00fcndet, die st\u00e4rksten und sch\u00e4rfsten Messer der Welt herzustellen. In den letzten drei Jahrzehnten stand Cold Steel an der Spitze vieler Innovationen, die dazu beigetragen haben, das kommerzielle Messer als Ganzes zu definieren. Der Hersteller achtet auf eine hohe Verarbeitungsqualit\u00e4t und arbeitet kontinuierlich daran, sein Ziel zu erreichen, die st\u00e4rksten und sch\u00e4rfsten Messer der Welt anzubieten. Ein umfangreiches Sortiment an Einsatz- oder Jagdmessern sorgt f\u00fcr eine breite Nutzerbasis und treue Fans.<\/p>\n<p>Die Klinge besteht aus hochwertigem CTS XHP-Edelstahl mit einem sehr hohen Kohlenstoffanteil (1,6 %), der eine gute Schnitthaltigkeit bietet, besonders verschlei\u00dffest ist und eine hohe H\u00e4rte erreicht. Dieser legierte Stahl kommt in seinen Eigenschaften Pulverstahl nahe. Der Griff besteht aus strapazierf\u00e4higem G10-Material mit rutschfester Oberfl\u00e4che. Das Messer ist mit einer verbesserten Tri-Ad Lock-R\u00fcckensicherung ausgestattet, die \u00e4u\u00dferst zuverl\u00e4ssig und sicher ist. Der Taschenclip kann auf beiden Seiten des Griffs angebracht werden.<\/p>\n<p>Klingenst\u00e4rke: 3,5 mm<br \/>\n Griffmaterial: Langes G-10<br \/>\n Stahl: S35VN<br \/>\n Gesamtgr\u00f6\u00dfe: 24 cm<br \/>\n Klingenl\u00e4nge: 10 cm<br \/>\n Farbe: Schwarz\/Silber<br \/>\n Gewicht: 136,07 g<\/p>\n<p>&nbsp;<\/p>\n","protected":false},"excerpt":{"rendered":"<p><strong>Das Black Talon II Plain Edge von Cold Steel ist ein Klappmesser mit glatter Schneide. Die Form der Klinge \u00e4hnelt einer Tierklaue. Diese Klingenform macht sie zu einer sehr gef\u00e4hrlichen Waffe.<\/strong><\/p>\n","protected":false},"featured_media":168336,"comment_status":"open","ping_status":"closed","template":"","meta":[],"pwb-brand":[3602],"product_brand":[],"product_cat":[3285,3303],"product_tag":[3669],"class_list":{"0":"post-307806","1":"product","2":"type-product","3":"status-publish","4":"has-post-thumbnail","6":"pwb-brand-kalter-stahl","7":"product_cat-messer","8":"product_cat-schliesmesser","9":"product_tag-b2b-de","11":"first","12":"instock","13":"taxable","14":"shipping-taxable","15":"purchasable","16":"product-type-simple"},"brands":[{"id":3602,"name":"Kalter Stahl","slug":"kalter-stahl"}],"_links":{"self":[{"href":"https:\/\/www.moskito.cz\/de\/wp-json\/wp\/v2\/product\/307806","targetHints":{"allow":["GET"]}}],"collection":[{"href":"https:\/\/www.moskito.cz\/de\/wp-json\/wp\/v2\/product"}],"about":[{"href":"https:\/\/www.moskito.cz\/de\/wp-json\/wp\/v2\/types\/product"}],"replies":[{"embeddable":true,"href":"https:\/\/www.moskito.cz\/de\/wp-json\/wp\/v2\/comments?post=307806"}],"wp:featuredmedia":[{"embeddable":true,"href":"https:\/\/www.moskito.cz\/de\/wp-json\/wp\/v2\/media\/168336"}],"wp:attachment":[{"href":"https:\/\/www.moskito.cz\/de\/wp-json\/wp\/v2\/media?parent=307806"}],"wp:term":[{"taxonomy":"pwb-brand","embeddable":true,"href":"https:\/\/www.moskito.cz\/de\/wp-json\/wp\/v2\/pwb-brand?post=307806"},{"taxonomy":"product_brand","embeddable":true,"href":"https:\/\/www.moskito.cz\/de\/wp-json\/wp\/v2\/product_brand?post=307806"},{"taxonomy":"product_cat","embeddable":true,"href":"https:\/\/www.moskito.cz\/de\/wp-json\/wp\/v2\/product_cat?post=307806"},{"taxonomy":"product_tag","embeddable":true,"href":"https:\/\/www.moskito.cz\/de\/wp-json\/wp\/v2\/product_tag?post=307806"}],"curies":[{"name":"wp","href":"https:\/\/api.w.org\/{rel}","templated":true}]}}