{"id":307812,"date":"2020-05-23T17:44:56","date_gmt":"2024-02-06T11:00:23","guid":{"rendered":"https:\/\/www.moskito.cz\/produkt\/tac-force-speedster-klappmesser\/"},"modified":"2025-07-11T07:51:25","modified_gmt":"2025-07-11T06:51:25","slug":"tac-force-speedster-klappmesser","status":"publish","type":"product","link":"https:\/\/www.moskito.cz\/de\/produkt\/tac-force-speedster-klappmesser\/","title":{"rendered":"Tac Force Speedster Klappmesser"},"content":{"rendered":"<p>Tac Force Speedster Klappmesser.<\/p>\n<p>Dieses unglaublich preiswerte Messer von Tac-Force hat ein attraktives Aussehen, das in dieser Preisklasse selten ist.<\/p>\n<p>Schwarzes Pakkaholz verleiht dem Messer eine besondere Note. Die Klinge aus rostfreiem Stahl hat eine graue Oberfl\u00e4che und ist im Bajonettstil gehalten. Das Messer verf\u00fcgt \u00fcber eine \u00d6ffnungshilfe und einen Clip. Die Gesamtl\u00e4nge des Messers betr\u00e4gt 22 cm. Die L\u00e4nge der Klinge betr\u00e4gt 10 cm.<\/p>\n<p>&nbsp;<\/p>\n<div id=\"tw-target-text-container\" class=\"tw-ta-container hide-focus-ring tw-nfl\" tabindex=\"0\">\n<pre id=\"tw-target-text\" class=\"tw-data-text tw-text-large XcVN5d tw-ta\" dir=\"ltr\" data-placeholder=\"P\u0159eklad\"><span lang=\"cs\">i<\/span><\/pre>\n<\/div>\n<div id=\"tw-target-rmn-container\" class=\"tw-ta-container hide-focus-ring tw-nfl\">\n<pre id=\"tw-target-rmn\" class=\"tw-data-placeholder tw-text-small tw-ta\" dir=\"ltr\" data-placeholder=\"\"><\/pre>\n<\/div>\n","protected":false},"excerpt":{"rendered":"<p>Halbautomatisch.<\/p>\n","protected":false},"featured_media":168384,"comment_status":"open","ping_status":"closed","template":"","meta":[],"pwb-brand":[3607],"product_brand":[],"product_cat":[3285,3303],"product_tag":[],"class_list":{"0":"post-307812","1":"product","2":"type-product","3":"status-publish","4":"has-post-thumbnail","6":"pwb-brand-tac-force-de","7":"product_cat-messer","8":"product_cat-schliesmesser","10":"first","11":"outofstock","12":"taxable","13":"shipping-taxable","14":"purchasable","15":"product-type-simple"},"brands":[{"id":3607,"name":"Tac Force","slug":"tac-force-de"}],"_links":{"self":[{"href":"https:\/\/www.moskito.cz\/de\/wp-json\/wp\/v2\/product\/307812","targetHints":{"allow":["GET"]}}],"collection":[{"href":"https:\/\/www.moskito.cz\/de\/wp-json\/wp\/v2\/product"}],"about":[{"href":"https:\/\/www.moskito.cz\/de\/wp-json\/wp\/v2\/types\/product"}],"replies":[{"embeddable":true,"href":"https:\/\/www.moskito.cz\/de\/wp-json\/wp\/v2\/comments?post=307812"}],"wp:featuredmedia":[{"embeddable":true,"href":"https:\/\/www.moskito.cz\/de\/wp-json\/wp\/v2\/media\/168384"}],"wp:attachment":[{"href":"https:\/\/www.moskito.cz\/de\/wp-json\/wp\/v2\/media?parent=307812"}],"wp:term":[{"taxonomy":"pwb-brand","embeddable":true,"href":"https:\/\/www.moskito.cz\/de\/wp-json\/wp\/v2\/pwb-brand?post=307812"},{"taxonomy":"product_brand","embeddable":true,"href":"https:\/\/www.moskito.cz\/de\/wp-json\/wp\/v2\/product_brand?post=307812"},{"taxonomy":"product_cat","embeddable":true,"href":"https:\/\/www.moskito.cz\/de\/wp-json\/wp\/v2\/product_cat?post=307812"},{"taxonomy":"product_tag","embeddable":true,"href":"https:\/\/www.moskito.cz\/de\/wp-json\/wp\/v2\/product_tag?post=307812"}],"curies":[{"name":"wp","href":"https:\/\/api.w.org\/{rel}","templated":true}]}}