{"id":307819,"date":"2020-06-04T11:42:46","date_gmt":"2024-02-06T11:00:25","guid":{"rendered":"https:\/\/www.moskito.cz\/produkt\/riemenscheibe-bogen-bear-threat-rth-60lb-rechts\/"},"modified":"2025-07-11T07:51:27","modified_gmt":"2025-07-11T06:51:27","slug":"riemenscheibe-bogen-bear-threat-rth-60lb-rechts","status":"publish","type":"product","link":"https:\/\/www.moskito.cz\/de\/produkt\/riemenscheibe-bogen-bear-threat-rth-60lb-rechts\/","title":{"rendered":"Riemenscheibe Bogen BEAR THREAT RTH 60lb. RECHTS"},"content":{"rendered":"<div>\n<p>Riemenscheibe Bogen BEAR THREAT RTH 60lb. RECHTS.<\/p>\n<p>Bear Archery ist ein amerikanischer Hersteller von B\u00f6gen und Armbr\u00fcsten. Seine Produkte sind weltweit beliebt. Jedes Jahr wird die Produktion modernisiert, wodurch Bear-B\u00f6gen immer zu den besten auf dem Gebiet geh\u00f6ren. Bear Archery besitzt viele Patente und ist dadurch immer einen Schritt voraus.<\/p>\n<ul>\n<li>Bear Threat RTH Riemenscheiben-Bogen-Set. Dies ist einfach ein anspruchsloser Arbeiter zu einem tollen Preis. Ein angenehm verstellbarer Bogen in zwei \u201ePower\u201c-Varianten. Und das sind 50-60 Pfund oder 60-70 Pfund. Das RTH-Set beinhaltet: Trophy Ridge 4-Pin-Visier, Whisker Biscuit-Beladung, Trophy Ridge-Stabilisator mit Schlaufe, 5-Pfeil-Halter, Schnurvisier und D-Schlaufe.<\/li>\n<li>Farbe: CAMO \u2013 Realtree Xtra Camo Schwarz<\/li>\n<\/ul>\n<p>Spezifikationen:<\/p>\n<ul>\n<li>Saitenh\u00f6he: 6,25&#8243;<\/li>\n<li>L\u00e4nge (Achse &#8211; Achse): 32,25&#8243;<\/li>\n<li>IBO-Geschwindigkeit: 330 fps.<\/li>\n<li>Let-off: 80 %<\/li>\n<li>Gewicht: 4 Pfund.<\/li>\n<li>Einstellbare Auszugsl\u00e4ngen: 25&#8243;-30&#8243;<\/li>\n<li>Zugkr\u00e4fte: 50-60 \/ 60-70 lbs.<\/li>\n<li>Riemenscheiben: ES Hybrid<\/li>\n<li>Zu verkaufen ab 18 Jahren<\/li>\n<\/ul>\n<\/div>\n","protected":false},"excerpt":{"rendered":"<p>Compoundbogen.<\/p>\n","protected":false},"featured_media":168519,"comment_status":"open","ping_status":"closed","template":"","meta":[],"pwb-brand":[3626],"product_brand":[],"product_cat":[3627,3628],"product_tag":[],"class_list":{"0":"post-307819","1":"product","2":"type-product","3":"status-publish","4":"has-post-thumbnail","6":"pwb-brand-tragen","7":"product_cat-boegen","8":"product_cat-riemenscheibenboegen","10":"first","11":"instock","12":"taxable","13":"shipping-taxable","14":"purchasable","15":"product-type-simple"},"brands":[{"id":3626,"name":"Tragen","slug":"tragen"}],"_links":{"self":[{"href":"https:\/\/www.moskito.cz\/de\/wp-json\/wp\/v2\/product\/307819","targetHints":{"allow":["GET"]}}],"collection":[{"href":"https:\/\/www.moskito.cz\/de\/wp-json\/wp\/v2\/product"}],"about":[{"href":"https:\/\/www.moskito.cz\/de\/wp-json\/wp\/v2\/types\/product"}],"replies":[{"embeddable":true,"href":"https:\/\/www.moskito.cz\/de\/wp-json\/wp\/v2\/comments?post=307819"}],"wp:featuredmedia":[{"embeddable":true,"href":"https:\/\/www.moskito.cz\/de\/wp-json\/wp\/v2\/media\/168519"}],"wp:attachment":[{"href":"https:\/\/www.moskito.cz\/de\/wp-json\/wp\/v2\/media?parent=307819"}],"wp:term":[{"taxonomy":"pwb-brand","embeddable":true,"href":"https:\/\/www.moskito.cz\/de\/wp-json\/wp\/v2\/pwb-brand?post=307819"},{"taxonomy":"product_brand","embeddable":true,"href":"https:\/\/www.moskito.cz\/de\/wp-json\/wp\/v2\/product_brand?post=307819"},{"taxonomy":"product_cat","embeddable":true,"href":"https:\/\/www.moskito.cz\/de\/wp-json\/wp\/v2\/product_cat?post=307819"},{"taxonomy":"product_tag","embeddable":true,"href":"https:\/\/www.moskito.cz\/de\/wp-json\/wp\/v2\/product_tag?post=307819"}],"curies":[{"name":"wp","href":"https:\/\/api.w.org\/{rel}","templated":true}]}}