{"id":307831,"date":"2020-06-05T13:38:22","date_gmt":"2024-02-06T11:00:35","guid":{"rendered":"https:\/\/www.moskito.cz\/produkt\/victorinox-forester-0-8361-mc-klappmesser\/"},"modified":"2025-07-11T07:51:30","modified_gmt":"2025-07-11T06:51:30","slug":"victorinox-forester-0-8361-mc-klappmesser","status":"publish","type":"product","link":"https:\/\/www.moskito.cz\/de\/produkt\/victorinox-forester-0-8361-mc-klappmesser\/","title":{"rendered":"Victorinox Forester 0.8361.MC Klappmesser"},"content":{"rendered":"<p>Victorinox Forester 0.8361.MC Klappmesser.<\/p>\n<p>Das Schweizer Unternehmen <strong>Victorinox<\/strong> ist der gr\u00f6\u00dfte Messerhersteller in Europa. Bis zu 34.000 \u201eSchweizer Taschenmesser\u201c, 38.000 weitere Taschenwerkzeuge sowie 30.000 Messer f\u00fcr Haushalt und verschiedene Berufe werden in Ibach t\u00e4glich hergestellt. Allerdings sind <strong>Victorinox<\/strong> nicht nur Taschenmesser. Es kann stolz auf die hohe Qualit\u00e4t von Reisegep\u00e4ck, K\u00fcchenmessern und Parf\u00fcms sein. Dank Schweizer Pr\u00e4zision und Qualit\u00e4t nimmt <strong>Victorinox<\/strong> in seiner Branche eine Spitzenposition ein.<\/p>\n<div>\n<div id=\"productDetailBottomText\" class=\"rounded\">\n<p>111 mm gro\u00dfes Taschenmesser mit Klingenabschiebesicherung. Anzahl der Funktionen 12.<\/p>\n<p>Abmessungen (L\u00e4nge x Breite x H\u00f6he): 111 x 35 x 13<br \/>\nGewicht: 13 g<br \/>\ngro\u00dfes Klappmesser<br \/>\nKorkenzieher<br \/>\nDosen\u00f6ffner s<br \/>\nmit einem kleinen Schraubenzieher<br \/>\nFlaschen\u00f6ffner se<br \/>\nSchraubendreher<br \/>\nDrahtisolierungsentferner<br \/>\nReibahle, Locher<br \/>\nSchl\u00fcsselanh\u00e4nger aus Edelstahl<br \/>\nPinzette<br \/>\nein Zahnstocher<br \/>\nHolzs\u00e4ge<\/p>\n<\/div>\n<\/div>\n","protected":false},"excerpt":{"rendered":"<p>Schweizer Taschenmesser mit einer Gr\u00f6\u00dfe von 111 mm. Anzahl der Funktionen 10. Mit gerader Kante, Schnelll\u00f6se\u00f6se, S\u00e4ge, Schraubendreher, rutschfester Oberfl\u00e4che und Klingenabschieber. Farbe Rot und Schwarz.<\/p>\n","protected":false},"featured_media":204763,"comment_status":"open","ping_status":"closed","template":"","meta":[],"pwb-brand":[3535],"product_brand":[],"product_cat":[3285,3303],"product_tag":[],"class_list":{"0":"post-307831","1":"product","2":"type-product","3":"status-publish","4":"has-post-thumbnail","6":"pwb-brand-victorinox-de","7":"product_cat-messer","8":"product_cat-schliesmesser","10":"first","11":"outofstock","12":"taxable","13":"shipping-taxable","14":"purchasable","15":"product-type-simple"},"brands":[{"id":3535,"name":"Victorinox","slug":"victorinox-de"}],"_links":{"self":[{"href":"https:\/\/www.moskito.cz\/de\/wp-json\/wp\/v2\/product\/307831","targetHints":{"allow":["GET"]}}],"collection":[{"href":"https:\/\/www.moskito.cz\/de\/wp-json\/wp\/v2\/product"}],"about":[{"href":"https:\/\/www.moskito.cz\/de\/wp-json\/wp\/v2\/types\/product"}],"replies":[{"embeddable":true,"href":"https:\/\/www.moskito.cz\/de\/wp-json\/wp\/v2\/comments?post=307831"}],"wp:featuredmedia":[{"embeddable":true,"href":"https:\/\/www.moskito.cz\/de\/wp-json\/wp\/v2\/media\/204763"}],"wp:attachment":[{"href":"https:\/\/www.moskito.cz\/de\/wp-json\/wp\/v2\/media?parent=307831"}],"wp:term":[{"taxonomy":"pwb-brand","embeddable":true,"href":"https:\/\/www.moskito.cz\/de\/wp-json\/wp\/v2\/pwb-brand?post=307831"},{"taxonomy":"product_brand","embeddable":true,"href":"https:\/\/www.moskito.cz\/de\/wp-json\/wp\/v2\/product_brand?post=307831"},{"taxonomy":"product_cat","embeddable":true,"href":"https:\/\/www.moskito.cz\/de\/wp-json\/wp\/v2\/product_cat?post=307831"},{"taxonomy":"product_tag","embeddable":true,"href":"https:\/\/www.moskito.cz\/de\/wp-json\/wp\/v2\/product_tag?post=307831"}],"curies":[{"name":"wp","href":"https:\/\/api.w.org\/{rel}","templated":true}]}}