{"id":307847,"date":"2020-06-05T13:27:01","date_gmt":"2024-02-06T11:00:39","guid":{"rendered":"https:\/\/www.moskito.cz\/produkt\/schliessmesser-victorinox-trailmaster-0-8463-mw3\/"},"modified":"2025-07-11T07:51:29","modified_gmt":"2025-07-11T06:51:29","slug":"schliessmesser-victorinox-trailmaster-0-8463-mw3","status":"publish","type":"product","link":"https:\/\/www.moskito.cz\/de\/produkt\/schliessmesser-victorinox-trailmaster-0-8463-mw3\/","title":{"rendered":"Schlie\u00dfmesser Victorinox Trailmaster 0.8463.MW3"},"content":{"rendered":"<p>Victorinox Trailmaster 0.8463.MW3 Klappmesser.<\/p>\n<p>Das Schweizer Unternehmen <strong>Victorinox<\/strong> ist der gr\u00f6\u00dfte Messerhersteller in Europa. Bis zu 34.000 \u201eSchweizer Taschenmesser\u201c, 38.000 weitere Taschenwerkzeuge sowie 30.000 Messer f\u00fcr Haushalt und verschiedene Berufe werden in Ibach t\u00e4glich hergestellt. Allerdings sind <strong>Victorinox<\/strong> nicht nur Taschenmesser. Es kann stolz auf die hohe Qualit\u00e4t von Reisegep\u00e4ck, K\u00fcchenmessern und Parf\u00fcms sein. Dank Schweizer Pr\u00e4zision und Qualit\u00e4t nimmt <strong>Victorinox<\/strong> in seiner Branche eine Spitzenposition ein.<\/p>\n<p><span class=\"proKs\">111 mm Taschenmesser mit Hauptklingenarretierung. Anzahl der Funktionen 12.<\/span><\/p>\n<div id=\"productDetailBottomText\" class=\"rounded\">\n<p>gro\u00dfes Klappmesser mit 2\/3 gewellter Klinge<br \/>\nKreuzschlitzschraubendreher<br \/>\nDosen\u00f6ffner s<br \/>\n&#8211; ein kleiner Schraubenzieher<br \/>\nFlaschen\u00f6ffner se<br \/>\n&#8211; ein Schraubenzieher<br \/>\n&#8211; Drahtisolierungsentferner<br \/>\nReibahle, Locher<br \/>\nSchl\u00fcsselanh\u00e4nger aus Edelstahl<br \/>\nPinzette<br \/>\nein Zahnstocher<br \/>\nHolzs\u00e4ge<\/p>\n<\/div>\n","protected":false},"excerpt":{"rendered":"<p><strong>Victorinox Trailmaster One Hand<\/strong> Taschenmesser mit Push-Back-Sicherung gegen die Klinge und schwarzem Griff.<\/p>\n","protected":false},"featured_media":204838,"comment_status":"open","ping_status":"closed","template":"","meta":[],"pwb-brand":[3535],"product_brand":[],"product_cat":[3303,3285],"product_tag":[],"class_list":{"0":"post-307847","1":"product","2":"type-product","3":"status-publish","4":"has-post-thumbnail","6":"pwb-brand-victorinox-de","7":"product_cat-schliesmesser","8":"product_cat-messer","10":"first","11":"instock","12":"taxable","13":"shipping-taxable","14":"purchasable","15":"product-type-simple"},"brands":[{"id":3535,"name":"Victorinox","slug":"victorinox-de"}],"_links":{"self":[{"href":"https:\/\/www.moskito.cz\/de\/wp-json\/wp\/v2\/product\/307847","targetHints":{"allow":["GET"]}}],"collection":[{"href":"https:\/\/www.moskito.cz\/de\/wp-json\/wp\/v2\/product"}],"about":[{"href":"https:\/\/www.moskito.cz\/de\/wp-json\/wp\/v2\/types\/product"}],"replies":[{"embeddable":true,"href":"https:\/\/www.moskito.cz\/de\/wp-json\/wp\/v2\/comments?post=307847"}],"wp:featuredmedia":[{"embeddable":true,"href":"https:\/\/www.moskito.cz\/de\/wp-json\/wp\/v2\/media\/204838"}],"wp:attachment":[{"href":"https:\/\/www.moskito.cz\/de\/wp-json\/wp\/v2\/media?parent=307847"}],"wp:term":[{"taxonomy":"pwb-brand","embeddable":true,"href":"https:\/\/www.moskito.cz\/de\/wp-json\/wp\/v2\/pwb-brand?post=307847"},{"taxonomy":"product_brand","embeddable":true,"href":"https:\/\/www.moskito.cz\/de\/wp-json\/wp\/v2\/product_brand?post=307847"},{"taxonomy":"product_cat","embeddable":true,"href":"https:\/\/www.moskito.cz\/de\/wp-json\/wp\/v2\/product_cat?post=307847"},{"taxonomy":"product_tag","embeddable":true,"href":"https:\/\/www.moskito.cz\/de\/wp-json\/wp\/v2\/product_tag?post=307847"}],"curies":[{"name":"wp","href":"https:\/\/api.w.org\/{rel}","templated":true}]}}