{"id":307875,"date":"2020-08-03T21:05:52","date_gmt":"2024-02-06T11:00:45","guid":{"rendered":"https:\/\/www.moskito.cz\/produkt\/schiessmesser-microtech-ultratech-zombie-122-10-z\/"},"modified":"2025-07-11T07:51:55","modified_gmt":"2025-07-11T06:51:55","slug":"schiessmesser-microtech-ultratech-zombie-122-10-z","status":"publish","type":"product","link":"https:\/\/www.moskito.cz\/de\/produkt\/schiessmesser-microtech-ultratech-zombie-122-10-z\/","title":{"rendered":"Schie\u00dfmesser Microtech Ultratech Zombie 122-10 Z"},"content":{"rendered":"<p>Schie\u00dfmesser <strong>Microtech<\/strong> Ultratech Zombie 122-10 Z.<br \/>\nUltratech ist seit seiner Einf\u00fchrung im Jahr 1999 zweifellos das Flaggschiffprodukt von Microtech. Nach dem \u00fcberw\u00e4ltigenden Erfolg und Lob des traditionellen Stils wurde es k\u00fcrzlich einer weiteren \u00e4sthetischen \u00dcberarbeitung unterzogen. W\u00e4hrend die Abmessungen des Ultratech unver\u00e4ndert bleiben, wurde der Griff auf seine urspr\u00fcnglichen Wurzeln reduziert \u2013 jetzt mit einem glatt konturierten Rahmen, aber immer noch mit dreieckiger Hardware, einer neu gestalteten Sicherheit und einem Glasbrecher, der jetzt ein geformtes Kugellager f\u00fcr mehr enth\u00e4lt komfortables, aber dennoch funktionelles Benutzererlebnis. Jedes Microtech OTF-Messer verf\u00fcgt \u00fcber hochentwickelte interne Mechanismen, die die allgemeine Betriebsfunktionalit\u00e4t und Zuverl\u00e4ssigkeit verbessern. Dieses spezielle Zombie Tech-Modell verf\u00fcgt \u00fcber einen geformten zombiegr\u00fcnen Griff mit einem einzigartigen roten Blutspritzermuster, Standardhardware und einer integrierten Glassplitterfunktion sowie einen Dolch im Dolchstil mit Steinoberfl\u00e4che. Der Clip tr\u00e4gt die Aufschrift \u201eZombie Tech\u201c und das Microtech-Logo. Hergestellt in den USA.<\/p>\n<p>Gesamtl\u00e4nge: 22 cm<br \/>\nKlingenl\u00e4nge: 8,6 cm<br \/>\nKlingenmaterial: B\u00f6hler M390<br \/>\nKlingenstil: Dolch<br \/>\nEins\u00e4tze: Flach<br \/>\nRandtyp: Uni<br \/>\nGriffmaterial: Aluminium<br \/>\nGewicht: 3,60 Unzen.<br \/>\nBenutzer: Rechte Hand<br \/>\nTaschenclip: Tip-Down<br \/>\nMessertyp: Double-Action OTF Automatic<br \/>\n\u00d6ffner: Daumenschieber<br \/>\nMarke: Microtech<br \/>\nModell: Ultratech<br \/>\nModellnummer: 122-10 Z<br \/>\nHerkunftsland: USA<br \/>\nBeste Verwendung: T\u00e4glich<\/p>\n<p><iframe title=\"Microtech Combat Troodon Torture Test\" width=\"800\" height=\"450\" src=\"https:\/\/www.youtube.com\/embed\/xE9TeOFYEjg?feature=oembed\" frameborder=\"0\" allow=\"accelerometer; autoplay; clipboard-write; encrypted-media; gyroscope; picture-in-picture; web-share\" allowfullscreen><\/iframe><\/p>\n<p>&nbsp;<\/p>\n","protected":false},"excerpt":{"rendered":"<p>Im Laufe der Jahre hat <strong>Microtech\u00ae Knives<\/strong> Messer mit Leidenschaft und K\u00f6nnen gef\u00fcllt, um nahezu Kunstwerke zu schaffen, die den Gipfel der Funktionalit\u00e4t darstellen. Alle Teile werden in den USA hergestellt.<br \/>\n<strong>F\u00fcr alle Microtech-Messer gilt eine lebenslange Garantie.<\/strong><\/p>\n","protected":false},"featured_media":237677,"comment_status":"open","ping_status":"closed","template":"","meta":[],"pwb-brand":[3278],"product_brand":[],"product_cat":[3285,3343],"product_tag":[3669],"class_list":{"0":"post-307875","1":"product","2":"type-product","3":"status-publish","4":"has-post-thumbnail","6":"pwb-brand-microtech-de","7":"product_cat-messer","8":"product_cat-schiesmesser","9":"product_tag-b2b-de","11":"first","12":"instock","13":"taxable","14":"shipping-taxable","15":"purchasable","16":"product-type-simple"},"brands":[{"id":3278,"name":"Microtech","slug":"microtech-de"}],"_links":{"self":[{"href":"https:\/\/www.moskito.cz\/de\/wp-json\/wp\/v2\/product\/307875","targetHints":{"allow":["GET"]}}],"collection":[{"href":"https:\/\/www.moskito.cz\/de\/wp-json\/wp\/v2\/product"}],"about":[{"href":"https:\/\/www.moskito.cz\/de\/wp-json\/wp\/v2\/types\/product"}],"replies":[{"embeddable":true,"href":"https:\/\/www.moskito.cz\/de\/wp-json\/wp\/v2\/comments?post=307875"}],"wp:featuredmedia":[{"embeddable":true,"href":"https:\/\/www.moskito.cz\/de\/wp-json\/wp\/v2\/media\/237677"}],"wp:attachment":[{"href":"https:\/\/www.moskito.cz\/de\/wp-json\/wp\/v2\/media?parent=307875"}],"wp:term":[{"taxonomy":"pwb-brand","embeddable":true,"href":"https:\/\/www.moskito.cz\/de\/wp-json\/wp\/v2\/pwb-brand?post=307875"},{"taxonomy":"product_brand","embeddable":true,"href":"https:\/\/www.moskito.cz\/de\/wp-json\/wp\/v2\/product_brand?post=307875"},{"taxonomy":"product_cat","embeddable":true,"href":"https:\/\/www.moskito.cz\/de\/wp-json\/wp\/v2\/product_cat?post=307875"},{"taxonomy":"product_tag","embeddable":true,"href":"https:\/\/www.moskito.cz\/de\/wp-json\/wp\/v2\/product_tag?post=307875"}],"curies":[{"name":"wp","href":"https:\/\/api.w.org\/{rel}","templated":true}]}}