{"id":307878,"date":"2020-06-05T13:04:39","date_gmt":"2024-02-06T11:00:46","guid":{"rendered":"https:\/\/www.moskito.cz\/produkt\/victorinox-hunter-xt-grip-klappmesser-0-8341-mc9\/"},"modified":"2025-07-11T07:51:28","modified_gmt":"2025-07-11T06:51:28","slug":"victorinox-hunter-xt-grip-klappmesser-0-8341-mc9","status":"publish","type":"product","link":"https:\/\/www.moskito.cz\/de\/produkt\/victorinox-hunter-xt-grip-klappmesser-0-8341-mc9\/","title":{"rendered":"Victorinox Hunter XT Grip Klappmesser 0.8341.MC9"},"content":{"rendered":"<p><strong>Victorinox<\/strong> Hunter XT Grip Klappmesser 0.8341.MC9.<\/p>\n<p>Die neue Jagdmesserserie basiert auf einer jahrzehntelangen Zusammenarbeit mit J\u00e4gern. J\u00e4ger sind au\u00dfergew\u00f6hnliche Menschen, weil sie uns sehr farbenfrohe Geschichten \u00fcber das Leben in der Wildnis erz\u00e4hlen k\u00f6nnen. Sie sch\u00fctzen gef\u00e4hrdete Arten und sorgen f\u00fcr das Gleichgewicht in der Natur. Und bei ihrer au\u00dfergew\u00f6hnlichen Arbeit brauchen sie einen echten Begleiter. Das Entwicklungsteam von Victorinox arbeitet seit mehreren Jahrzehnten eng mit J\u00e4gern zusammen, um au\u00dfergew\u00f6hnliche Jagdmesser zu entwickeln.<br \/>\nEines der neuesten Produkte aus dieser Zusammenarbeit ist die \u201eNew Hunting\u201c-Kollektion.<\/p>\n<p>Abmessungen (L\u00e4nge x Breite x H\u00f6he): 111 x 35 x 20 mm<br \/>\nGewicht: 150 g<br \/>\ngro\u00dfes Klappmesser<br \/>\nHolzs\u00e4ge<br \/>\nKorkenzieher<br \/>\nSch\u00e4lmesser<br \/>\nSchl\u00fcsselanh\u00e4nger aus Edelstahl mit Trageband f\u00fcr einfache Handhabung.<\/p>\n","protected":false},"excerpt":{"rendered":"<p dir=\"ltr\" align=\"left\">Jagdmesser mit ergonomisch geformtem und <span style=\"color: #2d2d2d;\">zweifarbigem Griff mit rutschfester Oberfl\u00e4che f\u00fcr besseren Halt<\/span> . \u00d6sen an den Klingen erm\u00f6glichen einh\u00e4ndiges \u00d6ffnen. Das Sortiment an Jagdmessern basiert auf einer jahrzehntelangen Zusammenarbeit mit J\u00e4gern.<\/p>\n<p>&nbsp;<\/p>\n","protected":false},"featured_media":204746,"comment_status":"open","ping_status":"closed","template":"","meta":[],"pwb-brand":[3535],"product_brand":[],"product_cat":[3285,3303],"product_tag":[],"class_list":{"0":"post-307878","1":"product","2":"type-product","3":"status-publish","4":"has-post-thumbnail","6":"pwb-brand-victorinox-de","7":"product_cat-messer","8":"product_cat-schliesmesser","10":"first","11":"outofstock","12":"taxable","13":"shipping-taxable","14":"purchasable","15":"product-type-simple"},"brands":[{"id":3535,"name":"Victorinox","slug":"victorinox-de"}],"_links":{"self":[{"href":"https:\/\/www.moskito.cz\/de\/wp-json\/wp\/v2\/product\/307878","targetHints":{"allow":["GET"]}}],"collection":[{"href":"https:\/\/www.moskito.cz\/de\/wp-json\/wp\/v2\/product"}],"about":[{"href":"https:\/\/www.moskito.cz\/de\/wp-json\/wp\/v2\/types\/product"}],"replies":[{"embeddable":true,"href":"https:\/\/www.moskito.cz\/de\/wp-json\/wp\/v2\/comments?post=307878"}],"wp:featuredmedia":[{"embeddable":true,"href":"https:\/\/www.moskito.cz\/de\/wp-json\/wp\/v2\/media\/204746"}],"wp:attachment":[{"href":"https:\/\/www.moskito.cz\/de\/wp-json\/wp\/v2\/media?parent=307878"}],"wp:term":[{"taxonomy":"pwb-brand","embeddable":true,"href":"https:\/\/www.moskito.cz\/de\/wp-json\/wp\/v2\/pwb-brand?post=307878"},{"taxonomy":"product_brand","embeddable":true,"href":"https:\/\/www.moskito.cz\/de\/wp-json\/wp\/v2\/product_brand?post=307878"},{"taxonomy":"product_cat","embeddable":true,"href":"https:\/\/www.moskito.cz\/de\/wp-json\/wp\/v2\/product_cat?post=307878"},{"taxonomy":"product_tag","embeddable":true,"href":"https:\/\/www.moskito.cz\/de\/wp-json\/wp\/v2\/product_tag?post=307878"}],"curies":[{"name":"wp","href":"https:\/\/api.w.org\/{rel}","templated":true}]}}