{"id":307893,"date":"2020-08-05T16:41:16","date_gmt":"2024-02-06T11:00:50","guid":{"rendered":"https:\/\/www.moskito.cz\/produkt\/schiessmesser-microtech-utx-85-231-10-rd\/"},"modified":"2025-07-11T07:52:00","modified_gmt":"2025-07-11T06:52:00","slug":"schiessmesser-microtech-utx-85-231-10-rd","status":"publish","type":"product","link":"https:\/\/www.moskito.cz\/de\/produkt\/schiessmesser-microtech-utx-85-231-10-rd\/","title":{"rendered":"Schie\u00dfmesser Microtech UTX-85 231-10 RD"},"content":{"rendered":"<p>Schie\u00dfmesser <strong>Microtech<\/strong> UTX-85 231-10 RD.<br \/>\nEin Schie\u00dfmesser von vorne.<\/p>\n<p>TX-85 mit einschneidiger Klinge. Das Messer hat einen geformten Aluminiumgriff aus eloxiertem 6061-T6-Aluminium mit einer Kugelspitze aus Edelstahl.<\/p>\n<p>Das Schie\u00dfmesser <strong>Microtech<\/strong> UTX-85 231-10 RD hat diese Version des allseits beliebten OTF-Messers mit einem glatt konturierten Griffdesign ausgestattet, das den Bedienkomfort erh\u00f6ht. Dieses aktualisierte Modell bietet die gleichen Abmessungen, Hardware und Haltbarkeit wie die \u201eTri-Grip\u201c-Variante und passt einfacher in die Hand und Tasche.<\/p>\n<p>F\u00fcr diejenigen, die mit der Technologie nicht vertraut sind: Es handelt sich um ein vollautomatisches Messer mit einem Doppelmechanismus an der Vorderseite, das hei\u00dft, die Klinge l\u00e4sst sich mit dem Daumen ein- und ausklappen. Das TX-85-Messer von Microtech setzt neue Ma\u00dfst\u00e4be f\u00fcr alle OTF-Messer.<\/p>\n<p>Gesamtl\u00e4nge: 18,75 cm<br \/>\nKlingenl\u00e4nge: 7,81 cm<br \/>\nSchnittkante: 7,17 cm<br \/>\nKlingenst\u00e4rke: 0,32 cm<br \/>\nKlingenmaterial: B\u00f6hler M390<br \/>\nKlingenstil: Klassisch<br \/>\nEins\u00e4tze: Flach<br \/>\nRandtyp: Uni<br \/>\nGriffl\u00e4nge: 10,92 cm<br \/>\nGriffst\u00e4rke: 1,17 cm<br \/>\nGriffmaterial: Aluminium<br \/>\nGewicht: 3,06 Unzen.<br \/>\nBenutzer: Rechte Hand<br \/>\nTaschenclip: Tip-Down<br \/>\nMessertyp: Double-Action OTF Automatic<br \/>\n\u00d6ffner: Daumenschieber<br \/>\nMarke: Microtech<br \/>\nModell: UTX-85<br \/>\nModellnummer: 231-10 RD<br \/>\nHerkunftsland: USA<br \/>\nBeste Verwendung: Taktisch<\/p>\n<p><iframe title=\"Microtech Combat Troodon Torture Test\" width=\"800\" height=\"450\" src=\"https:\/\/www.youtube.com\/embed\/xE9TeOFYEjg?feature=oembed\" frameborder=\"0\" allow=\"accelerometer; autoplay; clipboard-write; encrypted-media; gyroscope; picture-in-picture; web-share\" allowfullscreen><\/iframe><\/p>\n<p>&nbsp;<\/p>\n","protected":false},"excerpt":{"rendered":"<p>Im Laufe der Jahre hat <strong>Microtech\u00ae Knives<\/strong> Messer mit Leidenschaft und K\u00f6nnen gef\u00fcllt, um nahezu Kunstwerke zu schaffen, die den Gipfel der Funktionalit\u00e4t darstellen. Alle Teile werden in den USA hergestellt.<br \/>\n<strong>F\u00fcr alle Microtech-Messer gilt eine lebenslange Garantie.<\/strong><\/p>\n","protected":false},"featured_media":177345,"comment_status":"open","ping_status":"closed","template":"","meta":[],"pwb-brand":[3278],"product_brand":[],"product_cat":[3285,3343],"product_tag":[3669],"class_list":{"0":"post-307893","1":"product","2":"type-product","3":"status-publish","4":"has-post-thumbnail","6":"pwb-brand-microtech-de","7":"product_cat-messer","8":"product_cat-schiesmesser","9":"product_tag-b2b-de","11":"first","12":"instock","13":"taxable","14":"shipping-taxable","15":"purchasable","16":"product-type-simple"},"brands":[{"id":3278,"name":"Microtech","slug":"microtech-de"}],"_links":{"self":[{"href":"https:\/\/www.moskito.cz\/de\/wp-json\/wp\/v2\/product\/307893","targetHints":{"allow":["GET"]}}],"collection":[{"href":"https:\/\/www.moskito.cz\/de\/wp-json\/wp\/v2\/product"}],"about":[{"href":"https:\/\/www.moskito.cz\/de\/wp-json\/wp\/v2\/types\/product"}],"replies":[{"embeddable":true,"href":"https:\/\/www.moskito.cz\/de\/wp-json\/wp\/v2\/comments?post=307893"}],"wp:featuredmedia":[{"embeddable":true,"href":"https:\/\/www.moskito.cz\/de\/wp-json\/wp\/v2\/media\/177345"}],"wp:attachment":[{"href":"https:\/\/www.moskito.cz\/de\/wp-json\/wp\/v2\/media?parent=307893"}],"wp:term":[{"taxonomy":"pwb-brand","embeddable":true,"href":"https:\/\/www.moskito.cz\/de\/wp-json\/wp\/v2\/pwb-brand?post=307893"},{"taxonomy":"product_brand","embeddable":true,"href":"https:\/\/www.moskito.cz\/de\/wp-json\/wp\/v2\/product_brand?post=307893"},{"taxonomy":"product_cat","embeddable":true,"href":"https:\/\/www.moskito.cz\/de\/wp-json\/wp\/v2\/product_cat?post=307893"},{"taxonomy":"product_tag","embeddable":true,"href":"https:\/\/www.moskito.cz\/de\/wp-json\/wp\/v2\/product_tag?post=307893"}],"curies":[{"name":"wp","href":"https:\/\/api.w.org\/{rel}","templated":true}]}}