{"id":307904,"date":"2020-09-15T20:47:40","date_gmt":"2024-02-06T11:00:57","guid":{"rendered":"https:\/\/www.moskito.cz\/produkt\/bio-protein-extreme-strong-400g\/"},"modified":"2025-07-11T07:52:20","modified_gmt":"2025-07-11T06:52:20","slug":"bio-protein-extreme-strong-400g","status":"publish","type":"product","link":"https:\/\/www.moskito.cz\/de\/produkt\/bio-protein-extreme-strong-400g\/","title":{"rendered":"Bio Protein Extreme Strong 400g."},"content":{"rendered":"<p>Bio Protein Extreme Strong 400g. (Nahrungserg\u00e4nzungsmittel)<br \/>\nEntwickelt f\u00fcr: Steigerung der Kraft, Steigerung der Muskelmasse, Steigerung von Kraft und Geschwindigkeit, Ausdauer, Durchdringung, Geschwindigkeit und Widerstand des K\u00f6rpers, Schutz und Ern\u00e4hrung von Gelenken und B\u00e4ndern.<\/p>\n<p>Zutaten: Meripro 500, Molke, Ei, Getreide- und Sojaprotein, Reis, Hirse, Glucosamin, Glucose, Maltose, Fructose, Dextrose-Galactose, Buchweizen, Bierhefe, Spirulina, Acai, Johannisbrot, Kollagen I, Kollagen II, Kollagen III, CamuCamu<\/p>\n<p>Alle Nahrungserg\u00e4nzungsmittel von Fights Star werden speziell f\u00fcr Sportler aus sorgf\u00e4ltig ausgew\u00e4hlten nat\u00fcrlichen Zutaten in h\u00f6chster BIO-Lebensmittelqualit\u00e4t hergestellt. Sie werden von den sogenannten hergestellt \u201eKaltpressung\u201c. Bei der Herstellung bei einer Temperaturgrenze von bis zu 40\u00b0C bleiben alle nat\u00fcrlichen Naturstoffe mit hoher Verdaulichkeit erhalten. Das Produkt wird in einer O3-Atmosph\u00e4re abgef\u00fcllt und enth\u00e4lt daher KEINE Konservierungsstoffe. Das Produkt enth\u00e4lt keine chemisch hergestellten Stoffe, Emulgatoren, Stabilisatoren, chemischen Farbstoffe, Zusatzstoffe, F\u00fcllstoffe, Aromen oder wei\u00dfen Zucker.<\/p>\n<p>Eigenschaften: Das Nahrungserg\u00e4nzungsmittel konzentriert sich speziell auf Aktivit\u00e4t: Aerobic, Anaerob, Kraft, Kr\u00e4ftigung, Dehnung und hohes Volumen. Der Komplex besteht zu 81 % aus dem Vierkomponenten-Protein. Ein weiterer wesentlicher Bestandteil f\u00fcr eine maximale Energiezufuhr vor dem Training und zur Erg\u00e4nzung des Kohlenhydratdefizits nach dem Training ist der Kohlenhydratkomplex. Dank der breiten Palette an eingesetzten Input-Rohstoffen, wie z Kamukamu, Hirse, Amaranth, Buchweizen, Weizen, Spirulina usw. Das Nahrungserg\u00e4nzungsmittel enth\u00e4lt eine breite Palette an Vitaminen und Mineralstoffen.<\/p>\n<p>F\u00fcr einen komplexeren Gehalt an Aminos\u00e4uren enth\u00e4lt es Hirse, Amaranth, Buchweizen und andere Rohstoffe, die auch zu einer guten Darmreinigung (beugt Zw\u00f6lffingerdarmentz\u00fcndungen, Bl\u00e4hungen, Krebs), der Durchg\u00e4ngigkeit der Blutgef\u00e4\u00dfe, ihrer Elastizit\u00e4t und Verbesserung bei des Immunsystems, Ausscheidung von Harns\u00e4ure und Vorbeugung von H\u00e4morrhoiden.<\/p>\n<p>Alle drei Arten von Kollagenmaterialien sind ein integraler Bestandteil. Das Nahrungserg\u00e4nzungsmittel ist der umfassendste Schutz f\u00fcr den Gelenk- und Bandapparat, sowohl in der Vorbeugung als auch im Stadium von Verletzungen oder langfristigen Deformationen von Gelenken und B\u00e4ndern.<\/p>\n<p>Kollagen Typ I \u2013 Schutz von Sehnen, B\u00e4ndern, Knochen, Gelenken, Organh\u00fcllen und d\u00fcnnen B\u00e4ndern.<\/p>\n<p>Kollagen Typ II \u2013 Knorpelschutz.<\/p>\n<p>Kollagen Typ III \u2013 unterst\u00fctzt weiches, geschmeidiges Gewebe \u2013 z. glatte Muskelzellen, Nervenfasern,<br \/>\nAdipozyten, h\u00e4mopoetische Gewebe und retikul\u00e4re Lamina, Basallamina des Epithels (sog muskul\u00f6s<br \/>\nFieber)<\/p>\n<p>Im Gegensatz zu \u00e4hnlichen Nahrungserg\u00e4nzungsmitteln enth\u00e4lt es die oben genannten Kollagene, nicht Kollagen ohne Typenbezeichnung, das sogenannte Gelatine.<\/p>\n<p>Ausgew\u00e4hlte verwendete Rohstoffe: Camu Camu (das st\u00e4rkste Antioxidans unter den Vitamin-C-haltigen Substanzen, 4x st\u00e4rker als chemisches Vitamin C\/Zitronens\u00e4ure; dank der Tatsache, dass es nicht k\u00fcnstlich chemisch hergestellt wird, hat es eine hohe Absorption), Baobab-Fr\u00fcchte, Hirse , Katamfe, Amaranth, Buchweizen, Spirulina (Wasseralge und ein sehr starkes Antioxidans, unterst\u00fctzt gleichzeitig die Aufnahme von Kollagen), Papaya, Hagebutte, Pangamin, Fischkollagen usw.<\/p>\n<p>Die ausgewogene Mischung garantiert eine allm\u00e4hliche Aufnahme \u00fcber mehrere Stunden, sodass die Anwendung auch abends m\u00f6glich ist.<\/p>\n<p>N\u00e4hrwerte (in 100 g): Protein 80,970 g, Kohlenhydrate (einschlie\u00dflich Zucker) 4,502 g, Fett 5,539 g<\/p>\n<p>Durchschnittswerte an Aminos\u00e4uren (in 100 g):<\/p>\n<p>Tryptophan: 0,274 g<\/p>\n<p>Threonin: 1,912 g<\/p>\n<p>Isoleucin: 2,869 g<\/p>\n<p>Leucin: 5.020 g<\/p>\n<p>Lysin: 2,121 g<\/p>\n<p>Methionin: 1,678 g<\/p>\n<p>Cystin: 1,487 g<\/p>\n<p>Phenylalanin: 4,113 g<\/p>\n<p>Thyroxin: 2,419 g<\/p>\n<p>Valin: 3,325 g<\/p>\n<p>Arginin: 3,184 g<\/p>\n<p>Histidin: 1.340 g<\/p>\n<p>Alanin: 2,957 g<\/p>\n<p>Asparagins\u00e4ure: 3,349 g<\/p>\n<p>Glutamins\u00e4ure: 20,994 g<\/p>\n<p>Glycin: 3,628 g<\/p>\n<p>Prolin: 7,469 g<\/p>\n<p>Serin: 4,163 g<\/p>\n<p>Hydroxyprolin: 8,9 g<\/p>\n<p>Hydroxylysin: 3,5 g<\/p>\n<p>Wirkstoffe in 40 g<\/p>\n<p>Glutamins\u00e4ure 8,397 g<\/p>\n<p>Kollagene 0,75 g<\/p>\n<p>Warnung: \u00dcberschreiten Sie nicht die empfohlene Tagesdosis. Es ist kein Ersatz f\u00fcr eine abwechslungsreiche Ern\u00e4hrung. Das Produkt ist nicht f\u00fcr Kinder, schwangere und stillende Frauen bestimmt. Au\u00dferhalb der Reichweite von Kindern aufbewahren. Nach dem \u00d6ffnen innerhalb von 3 Monaten verbrauchen.<\/p>\n<p>An einem trockenen und k\u00fchlen Ort lagern, weder der Sonne noch dem Frost aussetzen, die Mindesthaltbarkeit bei optimalen Lagerbedingungen ist auf dem Etikett angegeben.<\/p>\n","protected":false},"excerpt":{"rendered":"<p>Alle Nahrungserg\u00e4nzungsmittel von Fights Star werden speziell f\u00fcr Sportler aus sorgf\u00e4ltig ausgew\u00e4hlten nat\u00fcrlichen Zutaten in h\u00f6chster BIO-Lebensmittelqualit\u00e4t hergestellt. Sie werden von den sogenannten hergestellt \u201eKaltpressung\u201c. Bei der Herstellung bei einer Temperaturgrenze von bis zu 40\u00b0C bleiben alle nat\u00fcrlichen Naturstoffe mit hoher Verdaulichkeit erhalten. Das Produkt wird in einer O3-Atmosph\u00e4re abgef\u00fcllt und enth\u00e4lt daher KEINE Konservierungsstoffe. Das Produkt enth\u00e4lt keine chemisch hergestellten Stoffe, Emulgatoren, Stabilisatoren, chemischen Farbstoffe, Zusatzstoffe, F\u00fcllstoffe, Aromen oder wei\u00dfen Zucker.<\/p>\n","protected":false},"featured_media":169671,"comment_status":"open","ping_status":"closed","template":"","meta":[],"pwb-brand":[3639],"product_brand":[],"product_cat":[3337],"product_tag":[],"class_list":{"0":"post-307904","1":"product","2":"type-product","3":"status-publish","4":"has-post-thumbnail","6":"pwb-brand-kampfstern","7":"product_cat-bio-protein-de","9":"first","10":"outofstock","11":"taxable","12":"shipping-taxable","13":"purchasable","14":"product-type-simple"},"brands":[{"id":3639,"name":"Kampfstern","slug":"kampfstern"}],"_links":{"self":[{"href":"https:\/\/www.moskito.cz\/de\/wp-json\/wp\/v2\/product\/307904","targetHints":{"allow":["GET"]}}],"collection":[{"href":"https:\/\/www.moskito.cz\/de\/wp-json\/wp\/v2\/product"}],"about":[{"href":"https:\/\/www.moskito.cz\/de\/wp-json\/wp\/v2\/types\/product"}],"replies":[{"embeddable":true,"href":"https:\/\/www.moskito.cz\/de\/wp-json\/wp\/v2\/comments?post=307904"}],"wp:featuredmedia":[{"embeddable":true,"href":"https:\/\/www.moskito.cz\/de\/wp-json\/wp\/v2\/media\/169671"}],"wp:attachment":[{"href":"https:\/\/www.moskito.cz\/de\/wp-json\/wp\/v2\/media?parent=307904"}],"wp:term":[{"taxonomy":"pwb-brand","embeddable":true,"href":"https:\/\/www.moskito.cz\/de\/wp-json\/wp\/v2\/pwb-brand?post=307904"},{"taxonomy":"product_brand","embeddable":true,"href":"https:\/\/www.moskito.cz\/de\/wp-json\/wp\/v2\/product_brand?post=307904"},{"taxonomy":"product_cat","embeddable":true,"href":"https:\/\/www.moskito.cz\/de\/wp-json\/wp\/v2\/product_cat?post=307904"},{"taxonomy":"product_tag","embeddable":true,"href":"https:\/\/www.moskito.cz\/de\/wp-json\/wp\/v2\/product_tag?post=307904"}],"curies":[{"name":"wp","href":"https:\/\/api.w.org\/{rel}","templated":true}]}}