{"id":307946,"date":"2020-09-16T19:43:47","date_gmt":"2024-02-06T11:01:12","guid":{"rendered":"https:\/\/www.moskito.cz\/produkt\/bio-protein-frauen-1kg\/"},"modified":"2025-07-11T07:52:21","modified_gmt":"2025-07-11T06:52:21","slug":"bio-protein-frauen-1kg","status":"publish","type":"product","link":"https:\/\/www.moskito.cz\/de\/produkt\/bio-protein-frauen-1kg\/","title":{"rendered":"Bio Protein Frauen 1kg."},"content":{"rendered":"<p>Bio Protein Frauen 1kg. (Nahrungserg\u00e4nzungsmittel)<\/p>\n<p>Bestimmt f\u00fcr: Steigerung der Muskelmasse, Kraftausdauer, Steigerung der k\u00f6rperlichen Verfassung und Geschwindigkeit<\/p>\n<p>Eigenschaften: 100 % nat\u00fcrliches Nahrungserg\u00e4nzungsmittel f\u00fcr Frauen und M\u00e4dchen, die Kampfsport betreiben. Die speziell abgestimmte Mischung enth\u00e4lt 4 Proteinkomponenten (Protein, Molke, Soja und Getreide), 5 Kohlenhydrate (Glukose, Fruktose, Maltose, Dextrose und Galaktose), die f\u00fcr die Muskelregeneration nach dem Training wichtig sind, sowie eine ganze Reihe an Vitaminen und Mineralstoffen. Dank Coenzymen, Mineralien und gezielt zugesetzten Aminos\u00e4uren wirkt es der Faltenbildung entgegen und stoppt sie nahezu. Es hat eine wohltuende Wirkung auf die Haut und ihre ersten Unterhautfettschichten und stoppt nahezu den Prozess der Cellulitebildung. Durch das starke Verh\u00e4ltnis von Kalzium, Magnesium, Kalium und \u00e4therischen \u00d6len unterst\u00fctzt es das Wachstum von N\u00e4geln und Haaren. Nicht zuletzt enth\u00e4lt es starke Antioxidantien wie z Selen, Kamu Kamu usw. Erg\u00e4nzt wird es mit nat\u00fcrlichen Substanzen wie Papaya, Spirulina und Catmafe. Das Verh\u00e4ltnis der Produktbestandteile ber\u00fccksichtigt die Wechseljahre und wirkt sich positiv auf die \u00d6strogenproduktion aus (\u00d6strogen beeinflusst die Reduzierung des Unterhautfettgewebes).<\/p>\n<p>Zusammensetzung: 81 % Protein (Protein, Molke, Soja und Getreide), Glucose, Fructose, Maltose, Dextrose und Galactose, Kamu Kamu, Katamfe, &#8230;<\/p>\n<p>Vitamine: A, B1, B2, B3, B6, B12, C, D, D3, E, K<\/p>\n<p>Mineralien: Ca, Fe, Mg, P, K, Na, Zn, Cu, Mn, Se<\/p>\n<p>Ausgew\u00e4hlte verwendete Rohstoffe: Camu Camu (das st\u00e4rkste Antioxidans unter den Vitamin-C-haltigen Substanzen, 4x st\u00e4rker als chemisches Vitamin C\/Zitronens\u00e4ure; dank der Tatsache, dass es nicht k\u00fcnstlich chemisch hergestellt wird, hat es eine hohe Absorption), Baobab-Fr\u00fcchte, Hirse , Katamfe, Amaranth, Buchweizen, Spirulina (Wasseralge und ein sehr starkes Antioxidans, f\u00f6rdert gleichzeitig die Aufnahme von Kollagen), Papaya, Hagebutten, Pangamin, Fischkollagen usw.<\/p>\n<p>Eine weitere Formel unseres Produktes ist der umfassende Schutz des Gelenk- und Bandapparates, der durch die Kollagene I, II und III gew\u00e4hrleistet wird:<br \/>\n&#8211; Kollagen I \u2013 Schutz von Sehnen, B\u00e4ndern, Knochen, Gelenken, Organh\u00fcllen und d\u00fcnnem Gewebe<br \/>\n&#8211; Kollagen II &#8211; Knorpelschutz<br \/>\n&#8211; Kollagen III \u2013 unterst\u00fctzt weiches, geschmeidiges Gewebe \u2013 z.B. glatte Muskelzellen, Nervenfasern, &#8230;<\/p>\n<p>Kollagene wirken sich auch positiv auf das Herz und die vernachl\u00e4ssigte innere Muskulatur aus und beugen Muskelfieber vor.<\/p>\n<p>Andere Auswirkungen von Frauen:<br \/>\n&#8211; gut zur Darmreinigung (beugt Zw\u00f6lffingerdarmentz\u00fcndungen vor)<br \/>\n&#8211; gegen Bl\u00e4hungen und Krebs<br \/>\n&#8211; Sie tragen dazu bei, die Blutgef\u00e4\u00dfe durchl\u00e4ssiger und flexibler zu machen<br \/>\n&#8211; verbessert das Immunsystem deutlich<br \/>\n&#8211; hilft bei der Ausscheidung von Harns\u00e4ure<br \/>\n&#8211; gegen H\u00e4morrhoiden<br \/>\n&#8211; Sie enthalten kein Gluten und verstopfen den Darm nicht<\/p>\n<p>Alle Nahrungserg\u00e4nzungsmittel von Fights Star werden speziell f\u00fcr Sportler aus sorgf\u00e4ltig ausgew\u00e4hlten nat\u00fcrlichen Zutaten in h\u00f6chster BIO-Lebensmittelqualit\u00e4t hergestellt. Sie werden von den sogenannten hergestellt \u201eKaltpressung\u201c. Bei der Herstellung bei einer Temperaturgrenze von bis zu 40\u00b0C bleiben alle nat\u00fcrlichen Naturstoffe mit hoher Verdaulichkeit erhalten. Das Produkt wird in einer O3-Atmosph\u00e4re abgef\u00fcllt und enth\u00e4lt daher KEINE Konservierungsstoffe. Das Produkt enth\u00e4lt keine chemisch hergestellten Stoffe, Emulgatoren, Stabilisatoren, chemischen Farbstoffe, Zusatzstoffe, F\u00fcllstoffe, Aromen oder wei\u00dfen Zucker.<\/p>\n<p>Die ausgewogene Mischung garantiert eine allm\u00e4hliche Aufnahme \u00fcber mehrere Stunden, sodass die Anwendung auch abends m\u00f6glich ist.<\/p>\n<p>N\u00e4hrwerte (pro 100 g): Eiwei\u00df 70,6 g, Kohlenhydrate (davon Zucker) 19,2 g, Fett 2,2 g, Wasser 6,4 g<\/p>\n<p>Warnung: \u00dcberschreiten Sie nicht die empfohlene Tagesdosis. Es ist kein Ersatz f\u00fcr eine abwechslungsreiche Ern\u00e4hrung. Dieses Produkt ist nicht f\u00fcr Kinder bestimmt. Au\u00dferhalb der Reichweite von Kindern aufbewahren. Nach dem \u00d6ffnen innerhalb von 3 Monaten verbrauchen.<\/p>\n<p>An einem trockenen und k\u00fchlen Ort lagern, weder der Sonne noch dem Frost aussetzen, die Mindesthaltbarkeit bei optimalen Lagerbedingungen ist auf dem Etikett angegeben.<\/p>\n","protected":false},"excerpt":{"rendered":"<p>Alle Nahrungserg\u00e4nzungsmittel von Fights Star werden speziell f\u00fcr Sportler aus sorgf\u00e4ltig ausgew\u00e4hlten nat\u00fcrlichen Zutaten in h\u00f6chster BIO-Lebensmittelqualit\u00e4t hergestellt. Sie werden von den sogenannten hergestellt \u201eKaltpressung\u201c. Bei der Herstellung bei einer Temperaturgrenze von bis zu 40\u00b0C bleiben alle nat\u00fcrlichen Naturstoffe mit hoher Verdaulichkeit erhalten. Das Produkt wird in einer O3-Atmosph\u00e4re abgef\u00fcllt und enth\u00e4lt daher KEINE Konservierungsstoffe. Das Produkt enth\u00e4lt keine chemisch hergestellten Stoffe, Emulgatoren, Stabilisatoren, chemischen Farbstoffe, Zusatzstoffe, F\u00fcllstoffe, Aromen oder wei\u00dfen Zucker.<\/p>\n","protected":false},"featured_media":169679,"comment_status":"open","ping_status":"closed","template":"","meta":[],"pwb-brand":[3639],"product_brand":[],"product_cat":[3337],"product_tag":[],"class_list":{"0":"post-307946","1":"product","2":"type-product","3":"status-publish","4":"has-post-thumbnail","6":"pwb-brand-kampfstern","7":"product_cat-bio-protein-de","9":"first","10":"instock","11":"taxable","12":"shipping-taxable","13":"purchasable","14":"product-type-simple"},"brands":[{"id":3639,"name":"Kampfstern","slug":"kampfstern"}],"_links":{"self":[{"href":"https:\/\/www.moskito.cz\/de\/wp-json\/wp\/v2\/product\/307946","targetHints":{"allow":["GET"]}}],"collection":[{"href":"https:\/\/www.moskito.cz\/de\/wp-json\/wp\/v2\/product"}],"about":[{"href":"https:\/\/www.moskito.cz\/de\/wp-json\/wp\/v2\/types\/product"}],"replies":[{"embeddable":true,"href":"https:\/\/www.moskito.cz\/de\/wp-json\/wp\/v2\/comments?post=307946"}],"wp:featuredmedia":[{"embeddable":true,"href":"https:\/\/www.moskito.cz\/de\/wp-json\/wp\/v2\/media\/169679"}],"wp:attachment":[{"href":"https:\/\/www.moskito.cz\/de\/wp-json\/wp\/v2\/media?parent=307946"}],"wp:term":[{"taxonomy":"pwb-brand","embeddable":true,"href":"https:\/\/www.moskito.cz\/de\/wp-json\/wp\/v2\/pwb-brand?post=307946"},{"taxonomy":"product_brand","embeddable":true,"href":"https:\/\/www.moskito.cz\/de\/wp-json\/wp\/v2\/product_brand?post=307946"},{"taxonomy":"product_cat","embeddable":true,"href":"https:\/\/www.moskito.cz\/de\/wp-json\/wp\/v2\/product_cat?post=307946"},{"taxonomy":"product_tag","embeddable":true,"href":"https:\/\/www.moskito.cz\/de\/wp-json\/wp\/v2\/product_tag?post=307946"}],"curies":[{"name":"wp","href":"https:\/\/api.w.org\/{rel}","templated":true}]}}