{"id":307950,"date":"2020-09-15T20:17:36","date_gmt":"2024-02-06T11:01:13","guid":{"rendered":"https:\/\/www.moskito.cz\/produkt\/bio-protein-mix-1-kg\/"},"modified":"2025-07-11T07:52:18","modified_gmt":"2025-07-11T06:52:18","slug":"bio-protein-mix-1-kg","status":"publish","type":"product","link":"https:\/\/www.moskito.cz\/de\/produkt\/bio-protein-mix-1-kg\/","title":{"rendered":"Bio-Protein-MIX 1 kg."},"content":{"rendered":"<p>Bio-Protein-MIX 1 kg. (Nahrungserg\u00e4nzungsmittel)<br \/>\nBestimmt f\u00fcr: Muskelmasseaufbau.<\/p>\n<p>Alle Nahrungserg\u00e4nzungsmittel von Fights Star werden speziell f\u00fcr Sportler aus sorgf\u00e4ltig ausgew\u00e4hlten nat\u00fcrlichen Zutaten in h\u00f6chster BIO-Lebensmittelqualit\u00e4t hergestellt. Sie werden von den sogenannten hergestellt \u201eKaltpressung\u201c. Bei der Herstellung bei einer Temperaturgrenze von bis zu 40\u00b0C bleiben alle nat\u00fcrlichen Naturstoffe mit hoher Verdaulichkeit erhalten. Das Produkt wird in einer O3-Atmosph\u00e4re abgef\u00fcllt und enth\u00e4lt daher KEINE Konservierungsstoffe. Das Produkt enth\u00e4lt keine chemisch hergestellten Stoffe, Emulgatoren, Stabilisatoren, chemischen Farbstoffe, Zusatzstoffe, F\u00fcllstoffe, Aromen oder wei\u00dfen Zucker.<\/p>\n<p>Eigenschaften: Das Produkt enth\u00e4lt 76 % Protein, 14 Arten von Vitaminen, 10 Arten von Mineralien und 18 Arten von Aminos\u00e4uren und wird mit wirksamen Inhaltsstoffen f\u00fcr den umfassenden Schutz von Gelenken und B\u00e4ndern (Glucosaminsulfat, Chondroitinsulfat, MSM) erg\u00e4nzt. Weitere wesentliche Bestandteile einer umfassenden Ern\u00e4hrung sind Vitamine und Mineralstoffe:<\/p>\n<p>Vitamine: A, B1, B2, B3, B6, B12, C, D, D3, E, K<br \/>\nMineralien: Ca, Fe, Mg, P, K, Na, Zn, Cu, Mn, Se<\/p>\n<p>F\u00fcr einen komplexeren Gehalt an Aminos\u00e4uren enth\u00e4lt es Hirse, Amaranth, Buchweizen und andere Zutaten, die au\u00dferdem dazu beitragen:<\/p>\n<p>gut zur Darmreinigung (beugt Zw\u00f6lffingerdarmentz\u00fcndungen, Bl\u00e4hungen, Krebs vor),<br \/>\nDurchg\u00e4ngigkeit der Blutgef\u00e4\u00dfe, ihre Flexibilit\u00e4t,<br \/>\nVerbesserung des Immunsystems,<br \/>\nHarns\u00e4ureausscheidung und<br \/>\nVorbeugung von H\u00e4morrhoiden.<\/p>\n<p>Die ausgewogene Mischung garantiert eine allm\u00e4hliche Aufnahme \u00fcber mehrere Stunden, sodass die Anwendung auch abends m\u00f6glich ist.<\/p>\n<p>N\u00e4hrwerte (in 100 g): Eiwei\u00df 76 g, Kohlenhydrate (davon Zucker) 13 g, Fett 0,7 g<\/p>\n<p>Warnung: \u00dcberschreiten Sie nicht die empfohlene Tagesdosis. Es ist kein Ersatz f\u00fcr eine abwechslungsreiche Ern\u00e4hrung. Das Produkt ist nicht f\u00fcr Kinder, schwangere und stillende Frauen bestimmt. Au\u00dferhalb der Reichweite von Kindern aufbewahren. Nach dem \u00d6ffnen innerhalb von 3 Monaten verbrauchen.<\/p>\n<p>An einem trockenen und k\u00fchlen Ort lagern, weder der Sonne noch dem Frost aussetzen, die Mindesthaltbarkeit bei optimalen Lagerbedingungen ist auf dem Etikett angegeben.<\/p>\n","protected":false},"excerpt":{"rendered":"<p>Alle Nahrungserg\u00e4nzungsmittel von Fights Star werden speziell f\u00fcr Sportler aus sorgf\u00e4ltig ausgew\u00e4hlten nat\u00fcrlichen Zutaten in h\u00f6chster BIO-Lebensmittelqualit\u00e4t hergestellt. Sie werden von den sogenannten hergestellt \u201eKaltpressung\u201c. Bei der Herstellung bei einer Temperaturgrenze von bis zu 40\u00b0C bleiben alle nat\u00fcrlichen Naturstoffe mit hoher Verdaulichkeit erhalten. Das Produkt wird in einer O3-Atmosph\u00e4re abgef\u00fcllt und enth\u00e4lt daher KEINE Konservierungsstoffe. Das Produkt enth\u00e4lt keine chemisch hergestellten Stoffe, Emulgatoren, Stabilisatoren, chemischen Farbstoffe, Zusatzstoffe, F\u00fcllstoffe, Aromen oder wei\u00dfen Zucker.<\/p>\n","protected":false},"featured_media":169665,"comment_status":"open","ping_status":"closed","template":"","meta":[],"pwb-brand":[3639],"product_brand":[],"product_cat":[3337],"product_tag":[],"class_list":{"0":"post-307950","1":"product","2":"type-product","3":"status-publish","4":"has-post-thumbnail","6":"pwb-brand-kampfstern","7":"product_cat-bio-protein-de","9":"first","10":"instock","11":"taxable","12":"shipping-taxable","13":"purchasable","14":"product-type-simple"},"brands":[{"id":3639,"name":"Kampfstern","slug":"kampfstern"}],"_links":{"self":[{"href":"https:\/\/www.moskito.cz\/de\/wp-json\/wp\/v2\/product\/307950","targetHints":{"allow":["GET"]}}],"collection":[{"href":"https:\/\/www.moskito.cz\/de\/wp-json\/wp\/v2\/product"}],"about":[{"href":"https:\/\/www.moskito.cz\/de\/wp-json\/wp\/v2\/types\/product"}],"replies":[{"embeddable":true,"href":"https:\/\/www.moskito.cz\/de\/wp-json\/wp\/v2\/comments?post=307950"}],"wp:featuredmedia":[{"embeddable":true,"href":"https:\/\/www.moskito.cz\/de\/wp-json\/wp\/v2\/media\/169665"}],"wp:attachment":[{"href":"https:\/\/www.moskito.cz\/de\/wp-json\/wp\/v2\/media?parent=307950"}],"wp:term":[{"taxonomy":"pwb-brand","embeddable":true,"href":"https:\/\/www.moskito.cz\/de\/wp-json\/wp\/v2\/pwb-brand?post=307950"},{"taxonomy":"product_brand","embeddable":true,"href":"https:\/\/www.moskito.cz\/de\/wp-json\/wp\/v2\/product_brand?post=307950"},{"taxonomy":"product_cat","embeddable":true,"href":"https:\/\/www.moskito.cz\/de\/wp-json\/wp\/v2\/product_cat?post=307950"},{"taxonomy":"product_tag","embeddable":true,"href":"https:\/\/www.moskito.cz\/de\/wp-json\/wp\/v2\/product_tag?post=307950"}],"curies":[{"name":"wp","href":"https:\/\/api.w.org\/{rel}","templated":true}]}}