{"id":307951,"date":"2020-09-15T20:02:42","date_gmt":"2024-02-06T11:01:14","guid":{"rendered":"https:\/\/www.moskito.cz\/produkt\/bio-kohlenhydrate-1-kg\/"},"modified":"2025-07-11T07:52:17","modified_gmt":"2025-07-11T06:52:17","slug":"bio-kohlenhydrate-1-kg","status":"publish","type":"product","link":"https:\/\/www.moskito.cz\/de\/produkt\/bio-kohlenhydrate-1-kg\/","title":{"rendered":"Bio-Kohlenhydrate 1 kg."},"content":{"rendered":"<p>Bio-Kohlenhydrate 1 kg. (Nahrungserg\u00e4nzungsmittel)<\/p>\n<p>Alle Nahrungserg\u00e4nzungsmittel von Fights Star werden speziell f\u00fcr Sportler aus sorgf\u00e4ltig ausgew\u00e4hlten nat\u00fcrlichen Zutaten in h\u00f6chster BIO-Lebensmittelqualit\u00e4t hergestellt. Sie werden von den sogenannten hergestellt \u201eKaltpressung\u201c. Bei der Herstellung bei einer Temperaturgrenze von bis zu 40\u00b0C bleiben alle nat\u00fcrlichen Naturstoffe mit hoher Verdaulichkeit erhalten. Das Produkt wird in einer O3-Atmosph\u00e4re abgef\u00fcllt und enth\u00e4lt daher KEINE Konservierungsstoffe. Das Produkt enth\u00e4lt keine chemisch hergestellten Stoffe, Emulgatoren, Stabilisatoren, chemischen Farbstoffe, Zusatzstoffe, F\u00fcllstoffe, Aromen oder wei\u00dfen Zucker.<\/p>\n<p>Die ausgewogene Mischung garantiert eine allm\u00e4hliche Aufnahme \u00fcber mehrere Stunden, sodass die Anwendung auch abends m\u00f6glich ist.<\/p>\n<p>N\u00e4hrwerte (in 100 g): Eiwei\u00df 16,9 g, Kohlenhydrate (davon Zucker) 75,3 g, Fett 1,2 g, Ballaststoffe 3,4 g<\/p>\n<p>Warnung: \u00dcberschreiten Sie nicht die empfohlene Tagesdosis. Es ist kein Ersatz f\u00fcr eine abwechslungsreiche Ern\u00e4hrung. Dieses Produkt ist nicht f\u00fcr Kinder bestimmt. Au\u00dferhalb der Reichweite von Kindern aufbewahren. Nach dem \u00d6ffnen innerhalb von 3 Monaten verbrauchen.<\/p>\n<p>An einem trockenen und k\u00fchlen Ort lagern, weder der Sonne noch dem Frost aussetzen, die Mindesthaltbarkeit bei optimalen Lagerbedingungen ist auf dem Etikett angegeben.<br \/>\nZutaten: Glukose, Fruktose, Maltose, Dextrose, Galaktose und St\u00e4rkezucker, Molke, Ei, Getreide- und Sojaprotein<\/p>\n<p>Bestimmt f\u00fcr: Regeneration nach dem Training und Wiederauff\u00fcllung der w\u00e4hrend des Trainings verbrannten essentiellen N\u00e4hrwerte und gegen den durch das Training verursachten Abbau von Muskelmasse; Energieversorgung und Ern\u00e4hrung der Muskulatur<\/p>\n<p>Eigenschaften: Das Produkt enth\u00e4lt alle 7 Arten von Kohlenhydraten \u2013 Maltose, Dextrose, Fructose, Glucose, Galactose, Saccharose und St\u00e4rkezucker. Dadurch ist eine umfassende Aufnahmef\u00e4higkeit von schnellen \u00fcber mittlere bis langsame Kohlenhydrate gew\u00e4hrleistet, die bei einem Training zur Erg\u00e4nzung des Kohlenhydratdefizits unumg\u00e4nglich ist.<\/p>\n<p>Dextrose wird als erstes vom K\u00f6rper aufgenommen, und zwar bereits nach f\u00fcnf Sekunden auf der Schleimhaut. Dextrose ist ein Derivat der Fruktose und kommt z.B. in Lebensmitteln vor. in Traubenzucker. Bei der zweiten handelt es sich um Glukose, die vom K\u00f6rper aufgenommen wird, dann um Fruktose, Maltose, Galaktose und schlie\u00dflich um St\u00e4rkezucker.<\/p>\n<p>Der zweite Bestandteil des Substrats sind 19 % des enthaltenen Proteins, das VIERKOMPONENT f\u00fcr Bewegungsvielfalt und Ausdauer im Kampfsport sorgt.<\/p>\n<p>Aufgrund seiner maximalen Komplexit\u00e4t enth\u00e4lt das Nahrungserg\u00e4nzungsmittel auch eine Reihe von Mineralien, die f\u00fcr den Organismus bei erh\u00f6hter k\u00f6rperlicher Aktivit\u00e4t unverzichtbar sind, aber auch Mineralien, die der K\u00f6rper bei k\u00f6rperlicher Belastung leider ausscheidet: Ca, Fe, Mg, P, K, Na, Zn, Cu, Mn und Se.<\/p>\n<p>Eine weitere Formel f\u00fcr die ausgewogene Ern\u00e4hrung von Kampfsportlern ist ein Vitaminkomplex:<br \/>\nA, B1, B2, B3, B6, B12, C, D, D3, E und K.<\/p>\n","protected":false},"excerpt":{"rendered":"<p>Alle Nahrungserg\u00e4nzungsmittel von Fights Star werden speziell f\u00fcr Sportler aus sorgf\u00e4ltig ausgew\u00e4hlten nat\u00fcrlichen Zutaten in h\u00f6chster BIO-Lebensmittelqualit\u00e4t hergestellt. Sie werden von den sogenannten hergestellt \u201eKaltpressung\u201c. Bei der Herstellung bei einer Temperaturgrenze von bis zu 40\u00b0C bleiben alle nat\u00fcrlichen Naturstoffe mit hoher Verdaulichkeit erhalten. Das Produkt wird in einer O3-Atmosph\u00e4re abgef\u00fcllt und enth\u00e4lt daher KEINE Konservierungsstoffe. Das Produkt enth\u00e4lt keine chemisch hergestellten Stoffe, Emulgatoren, Stabilisatoren, chemischen Farbstoffe, Zusatzstoffe, F\u00fcllstoffe, Aromen oder wei\u00dfen Zucker.<\/p>\n","protected":false},"featured_media":169661,"comment_status":"open","ping_status":"closed","template":"","meta":[],"pwb-brand":[3639],"product_brand":[],"product_cat":[3337],"product_tag":[],"class_list":{"0":"post-307951","1":"product","2":"type-product","3":"status-publish","4":"has-post-thumbnail","6":"pwb-brand-kampfstern","7":"product_cat-bio-protein-de","9":"first","10":"instock","11":"taxable","12":"shipping-taxable","13":"purchasable","14":"product-type-simple"},"brands":[{"id":3639,"name":"Kampfstern","slug":"kampfstern"}],"_links":{"self":[{"href":"https:\/\/www.moskito.cz\/de\/wp-json\/wp\/v2\/product\/307951","targetHints":{"allow":["GET"]}}],"collection":[{"href":"https:\/\/www.moskito.cz\/de\/wp-json\/wp\/v2\/product"}],"about":[{"href":"https:\/\/www.moskito.cz\/de\/wp-json\/wp\/v2\/types\/product"}],"replies":[{"embeddable":true,"href":"https:\/\/www.moskito.cz\/de\/wp-json\/wp\/v2\/comments?post=307951"}],"wp:featuredmedia":[{"embeddable":true,"href":"https:\/\/www.moskito.cz\/de\/wp-json\/wp\/v2\/media\/169661"}],"wp:attachment":[{"href":"https:\/\/www.moskito.cz\/de\/wp-json\/wp\/v2\/media?parent=307951"}],"wp:term":[{"taxonomy":"pwb-brand","embeddable":true,"href":"https:\/\/www.moskito.cz\/de\/wp-json\/wp\/v2\/pwb-brand?post=307951"},{"taxonomy":"product_brand","embeddable":true,"href":"https:\/\/www.moskito.cz\/de\/wp-json\/wp\/v2\/product_brand?post=307951"},{"taxonomy":"product_cat","embeddable":true,"href":"https:\/\/www.moskito.cz\/de\/wp-json\/wp\/v2\/product_cat?post=307951"},{"taxonomy":"product_tag","embeddable":true,"href":"https:\/\/www.moskito.cz\/de\/wp-json\/wp\/v2\/product_tag?post=307951"}],"curies":[{"name":"wp","href":"https:\/\/api.w.org\/{rel}","templated":true}]}}