{"id":307963,"date":"2022-04-03T20:34:11","date_gmt":"2024-02-06T11:01:28","guid":{"rendered":"https:\/\/www.moskito.cz\/produkt\/microtech-signature-series-ultratech-ii-stonewashed-122ii-10s-schiessmesser\/"},"modified":"2025-05-07T10:59:19","modified_gmt":"2025-05-07T09:59:19","slug":"microtech-signature-series-ultratech-ii-stonewashed-122ii-10s-schiessmesser","status":"publish","type":"product","link":"https:\/\/www.moskito.cz\/de\/produkt\/microtech-signature-series-ultratech-ii-stonewashed-122ii-10s-schiessmesser\/","title":{"rendered":"Microtech Signature Series Ultratech II Stonewashed 122II-10S Schie\u00dfmesser"},"content":{"rendered":"<p><strong>Microtech<\/strong> Signature Series Ultratech II Stonewashed 122II-10S Schie\u00dfmesser<\/p>\n<p><strong>Das Ultratech<\/strong> ist das urspr\u00fcngliche Double-Action-Frontmesser von Microtech und bildete die Basis der gesamten OTF-Linie. Im Laufe der Jahre wurde es mehrfach modifiziert und ist jedes Mal effizienter und zuverl\u00e4ssiger geworden. Dieser Ultratech II verf\u00fcgt \u00fcber eine verbesserte Grifftextur f\u00fcr einen positiveren Kauf. Die Ultratech-Feder bleibt immer in der \u201eRuhe\u201c-Position, au\u00dfer im gedehnten Zustand. Dadurch wird sichergestellt, dass die zusammengedr\u00fcckte Feder nicht erm\u00fcdet und der Benutzer sicherstellt, dass das Messer beim Abfeuern effektiv funktioniert. Das leichte einh\u00e4ndige \u00d6ffnen und Schlie\u00dfen von Ultratech, die schlanke Form und die skalpellscharfe Klinge machen es zu einem einzigartigen Messer, das nur bei Microtech erh\u00e4ltlich ist. Dieses Messer hat immer wieder bewiesen, dass es jedem Hindernis standh\u00e4lt.<\/p>\n<p>Klingenmaterial: Der Klingenstahl f\u00fcr dieses Jahr wird M390 sein \u2013 solange der Vorrat reicht, k\u00f6nnen Klingen auch aus CTS-204P oder Elmax sein<\/p>\n<p>Gesamtl\u00e4nge: 22 cm<br \/>\nKlingenl\u00e4nge: 8,6 cm<br \/>\nKlingenmaterial: B\u00f6hler M390<br \/>\nKlingenstil: Dolch<br \/>\nEins\u00e4tze: Flach<br \/>\nRandtyp: Uni<br \/>\nGriffmaterial: Aluminium<br \/>\nGewicht: 3,60 Unzen.<br \/>\nBenutzer: Rechte Hand<br \/>\nTaschenclip: Tip-Down<br \/>\nMessertyp: Double-Action OTF Automatic<br \/>\n\u00d6ffner: Daumenschieber<br \/>\nMarke: Microtech<br \/>\nModell: Ultratech<br \/>\nHerkunftsland: USA<br \/>\nBeste Verwendung: T\u00e4glich<\/p>\n<p><iframe title=\"Microtech Combat Troodon Torture Test\" width=\"800\" height=\"450\" src=\"https:\/\/www.youtube.com\/embed\/xE9TeOFYEjg?feature=oembed\" frameborder=\"0\" allow=\"accelerometer; autoplay; clipboard-write; encrypted-media; gyroscope; picture-in-picture; web-share\" allowfullscreen><\/iframe><\/p>\n<p>&nbsp;<\/p>\n<p>Das Ultratech ist Microtechs urspr\u00fcngliches Dual-Action-Out-the-Front-Messer und bildet die Grundlage der gesamten OTF-Linie. Im Laufe der Jahre wurde es mehreren Modifikationen unterzogen, die jedes Mal effizienter und zuverl\u00e4ssiger wurden. Dieser Ultratech II verf\u00fcgt \u00fcber eine verbesserte Griffstruktur f\u00fcr einen positiveren Kauf. Die Feder des Ultratech bleibt stets in einer Ruheposition, au\u00dfer im ausgefahrenen Zustand. Dadurch wird sichergestellt, dass die zusammengedr\u00fcckte Feder nicht erm\u00fcdet und der Benutzer sicherstellt, dass das Messer beim Abfeuern effektiv funktioniert. Das leichte Gewicht des Ultratech, das sich mit einer Hand \u00f6ffnen und schlie\u00dfen l\u00e4sst, die schlanke Form und die skalpellscharfe Klinge machen es zu einem einzigartigen Messer, das nur bei Microtech erh\u00e4ltlich ist. Dieses Messer hat immer wieder bewiesen, dass es jedem Hindernis standh\u00e4lt. Das Ultratech wird f\u00fcr immer den Standard f\u00fcr alle Out-the-Front-Messer setzen und das Ultratech II ist eine willkommene Erg\u00e4nzung der Familie.<\/p>\n<p>Spezifikationen<br \/>\nKlingenl\u00e4nge: 3,50&#8243;<br \/>\nSchneide: 3,25&#8243;<br \/>\nL\u00e4nge geschlossen: 5,00&#8243;<br \/>\nGesamtl\u00e4nge: 8,50&#8243;<br \/>\nKlingenmaterial: Der Klingenstahl f\u00fcr dieses Jahr wird M390 sein \u2013 solange der Metallvorrat reicht, k\u00f6nnen die Klingen auch aus CTS-204P oder Elmax sein<br \/>\nKlingenst\u00e4rke: 0,125 Zoll<br \/>\nKlingenstil: Doppelschneidiger Dolch<br \/>\nKlingenschliff: Flach<br \/>\nKlingenfinish: Stonewash<br \/>\nGriffmaterial: Schwarz bearbeitetes Aluminium<br \/>\nGriffst\u00e4rke: 0,500 Zoll<br \/>\nVerriegelungsmechanismus: Schieben<br \/>\nTaschenclip: Edelstahl (Tip-Down, rechts\/links tragen)<br \/>\nGewicht: 3,20 Unzen.<br \/>\nDesigner: Tony Marfione<br \/>\nHergestellt in den USA<\/p>\n","protected":false},"excerpt":{"rendered":"<p><strong>Im Laufe der Jahre hat Microtech\u00ae Knives die Messerherstellung mit Leidenschaft und K\u00f6nnen erf\u00fcllt.<\/strong><br \/>\n<strong>Bis er daraus nahezu Kunstwerke schuf, die den Gipfel der Funktionalit\u00e4t darstellen. Alle Teile werden in den USA hergestellt.<\/strong><br \/>\n<strong>F\u00fcr alle Microtech-Messer gilt eine lebenslange Garantie.<\/strong><\/p>\n<p><strong>Kostenloser Transport.<\/strong><\/p>\n","protected":false},"featured_media":307968,"comment_status":"open","ping_status":"closed","template":"","meta":[],"pwb-brand":[3278],"product_brand":[],"product_cat":[3285,3343],"product_tag":[3669],"class_list":{"0":"post-307963","1":"product","2":"type-product","3":"status-publish","4":"has-post-thumbnail","6":"pwb-brand-microtech-de","7":"product_cat-messer","8":"product_cat-schiesmesser","9":"product_tag-b2b-de","11":"first","12":"instock","13":"taxable","14":"shipping-taxable","15":"purchasable","16":"product-type-simple"},"brands":[{"id":3278,"name":"Microtech","slug":"microtech-de"}],"_links":{"self":[{"href":"https:\/\/www.moskito.cz\/de\/wp-json\/wp\/v2\/product\/307963","targetHints":{"allow":["GET"]}}],"collection":[{"href":"https:\/\/www.moskito.cz\/de\/wp-json\/wp\/v2\/product"}],"about":[{"href":"https:\/\/www.moskito.cz\/de\/wp-json\/wp\/v2\/types\/product"}],"replies":[{"embeddable":true,"href":"https:\/\/www.moskito.cz\/de\/wp-json\/wp\/v2\/comments?post=307963"}],"wp:featuredmedia":[{"embeddable":true,"href":"https:\/\/www.moskito.cz\/de\/wp-json\/wp\/v2\/media\/307968"}],"wp:attachment":[{"href":"https:\/\/www.moskito.cz\/de\/wp-json\/wp\/v2\/media?parent=307963"}],"wp:term":[{"taxonomy":"pwb-brand","embeddable":true,"href":"https:\/\/www.moskito.cz\/de\/wp-json\/wp\/v2\/pwb-brand?post=307963"},{"taxonomy":"product_brand","embeddable":true,"href":"https:\/\/www.moskito.cz\/de\/wp-json\/wp\/v2\/product_brand?post=307963"},{"taxonomy":"product_cat","embeddable":true,"href":"https:\/\/www.moskito.cz\/de\/wp-json\/wp\/v2\/product_cat?post=307963"},{"taxonomy":"product_tag","embeddable":true,"href":"https:\/\/www.moskito.cz\/de\/wp-json\/wp\/v2\/product_tag?post=307963"}],"curies":[{"name":"wp","href":"https:\/\/api.w.org\/{rel}","templated":true}]}}