{"id":307973,"date":"2020-09-22T13:15:35","date_gmt":"2024-02-06T11:01:37","guid":{"rendered":"https:\/\/www.moskito.cz\/produkt\/nunchaku-aus-acryl\/"},"modified":"2025-07-11T07:52:22","modified_gmt":"2025-07-11T06:52:22","slug":"nunchaku-aus-acryl","status":"publish","type":"product","link":"https:\/\/www.moskito.cz\/de\/produkt\/nunchaku-aus-acryl\/","title":{"rendered":"Nunchaku aus Acryl"},"content":{"rendered":"<p>Nunchaku aus Acryl.<br \/>\nNunchaku haben eine Kette und Lager. Die L\u00e4nge der Nunchaku betr\u00e4gt 28 cm, sie sind f\u00fcr sicheres Training gedacht. Nunchaku geh\u00f6ren zu den beliebtesten Kampfwaffen.<\/p>\n<p>Bitte beachten Sie, dass dieses Produkt nicht an Personen unter 18 Jahren verkauft werden darf.<\/p>\n","protected":false},"excerpt":{"rendered":"<p>Diese traditionellen <strong>Nunchaku<\/strong> sind 28 cm lang. Die Griffe werden durch Drehzapfen mit Kugellagern zusammengehalten, um eine reibungslose Bewegung zu gew\u00e4hrleisten.<\/p>\n","protected":false},"featured_media":181698,"comment_status":"open","ping_status":"closed","template":"","meta":[],"pwb-brand":[3523],"product_brand":[],"product_cat":[3498],"product_tag":[3669],"class_list":{"0":"post-307973","1":"product","2":"type-product","3":"status-publish","4":"has-post-thumbnail","6":"pwb-brand-in-china-hergestellt","7":"product_cat-teleskopschlagstocke","8":"product_tag-b2b-de","10":"first","11":"instock","12":"taxable","13":"shipping-taxable","14":"purchasable","15":"product-type-simple"},"brands":[{"id":3523,"name":"In China hergestellt","slug":"in-china-hergestellt"}],"_links":{"self":[{"href":"https:\/\/www.moskito.cz\/de\/wp-json\/wp\/v2\/product\/307973","targetHints":{"allow":["GET"]}}],"collection":[{"href":"https:\/\/www.moskito.cz\/de\/wp-json\/wp\/v2\/product"}],"about":[{"href":"https:\/\/www.moskito.cz\/de\/wp-json\/wp\/v2\/types\/product"}],"replies":[{"embeddable":true,"href":"https:\/\/www.moskito.cz\/de\/wp-json\/wp\/v2\/comments?post=307973"}],"wp:featuredmedia":[{"embeddable":true,"href":"https:\/\/www.moskito.cz\/de\/wp-json\/wp\/v2\/media\/181698"}],"wp:attachment":[{"href":"https:\/\/www.moskito.cz\/de\/wp-json\/wp\/v2\/media?parent=307973"}],"wp:term":[{"taxonomy":"pwb-brand","embeddable":true,"href":"https:\/\/www.moskito.cz\/de\/wp-json\/wp\/v2\/pwb-brand?post=307973"},{"taxonomy":"product_brand","embeddable":true,"href":"https:\/\/www.moskito.cz\/de\/wp-json\/wp\/v2\/product_brand?post=307973"},{"taxonomy":"product_cat","embeddable":true,"href":"https:\/\/www.moskito.cz\/de\/wp-json\/wp\/v2\/product_cat?post=307973"},{"taxonomy":"product_tag","embeddable":true,"href":"https:\/\/www.moskito.cz\/de\/wp-json\/wp\/v2\/product_tag?post=307973"}],"curies":[{"name":"wp","href":"https:\/\/api.w.org\/{rel}","templated":true}]}}