{"id":307977,"date":"2020-09-22T10:50:17","date_gmt":"2024-02-06T11:01:39","guid":{"rendered":"https:\/\/www.moskito.cz\/produkt\/boeker-arbolito-manikuere-set-classic\/"},"modified":"2025-07-11T07:52:22","modified_gmt":"2025-07-11T06:52:22","slug":"boeker-arbolito-manikuere-set-classic","status":"publish","type":"product","link":"https:\/\/www.moskito.cz\/de\/produkt\/boeker-arbolito-manikuere-set-classic\/","title":{"rendered":"B\u00f6ker Arbolito Manik\u00fcre-Set Classic"},"content":{"rendered":"<p>B\u00f6ker Arbolito Manik\u00fcre-Set Classic.<br \/>\nDieses 5-teilige Set enth\u00e4lt eine Nagelschere, eine Nagelzange, eine gerade Pinzette, eine Nagelfeile und ein Kombinationswerkzeug, das als Hautschieber und Nagelmesser verwendet werden kann. Das Set wird in einer Ledertasche geliefert.<\/p>\n<p>Gewicht 113 g.<\/p>\n","protected":false},"excerpt":{"rendered":"<p>F\u00fcnfteiliges Set.<\/p>\n","protected":false},"featured_media":174234,"comment_status":"open","ping_status":"closed","template":"","meta":[],"pwb-brand":[3422],"product_brand":[],"product_cat":[3640],"product_tag":[],"class_list":{"0":"post-307977","1":"product","2":"type-product","3":"status-publish","4":"has-post-thumbnail","6":"pwb-brand-boker-de","7":"product_cat-manikure","9":"first","10":"outofstock","11":"taxable","12":"shipping-taxable","13":"purchasable","14":"product-type-simple"},"brands":[{"id":3422,"name":"B\u00f6ker","slug":"boker-de"}],"_links":{"self":[{"href":"https:\/\/www.moskito.cz\/de\/wp-json\/wp\/v2\/product\/307977","targetHints":{"allow":["GET"]}}],"collection":[{"href":"https:\/\/www.moskito.cz\/de\/wp-json\/wp\/v2\/product"}],"about":[{"href":"https:\/\/www.moskito.cz\/de\/wp-json\/wp\/v2\/types\/product"}],"replies":[{"embeddable":true,"href":"https:\/\/www.moskito.cz\/de\/wp-json\/wp\/v2\/comments?post=307977"}],"wp:featuredmedia":[{"embeddable":true,"href":"https:\/\/www.moskito.cz\/de\/wp-json\/wp\/v2\/media\/174234"}],"wp:attachment":[{"href":"https:\/\/www.moskito.cz\/de\/wp-json\/wp\/v2\/media?parent=307977"}],"wp:term":[{"taxonomy":"pwb-brand","embeddable":true,"href":"https:\/\/www.moskito.cz\/de\/wp-json\/wp\/v2\/pwb-brand?post=307977"},{"taxonomy":"product_brand","embeddable":true,"href":"https:\/\/www.moskito.cz\/de\/wp-json\/wp\/v2\/product_brand?post=307977"},{"taxonomy":"product_cat","embeddable":true,"href":"https:\/\/www.moskito.cz\/de\/wp-json\/wp\/v2\/product_cat?post=307977"},{"taxonomy":"product_tag","embeddable":true,"href":"https:\/\/www.moskito.cz\/de\/wp-json\/wp\/v2\/product_tag?post=307977"}],"curies":[{"name":"wp","href":"https:\/\/api.w.org\/{rel}","templated":true}]}}