{"id":307987,"date":"2020-09-26T21:06:46","date_gmt":"2024-02-06T11:01:42","guid":{"rendered":"https:\/\/www.moskito.cz\/produkt\/feststehendes-messer-walter-karambit\/"},"modified":"2025-07-11T07:52:28","modified_gmt":"2025-07-11T06:52:28","slug":"feststehendes-messer-walter-karambit","status":"publish","type":"product","link":"https:\/\/www.moskito.cz\/de\/produkt\/feststehendes-messer-walter-karambit\/","title":{"rendered":"Feststehendes Messer Walter Karambit"},"content":{"rendered":"<p>Feststehendes Messer Walter Karambit.<br \/>\nKurz gesagt, das Karambit kann als bemerkenswertes Multifunktionsmesser beschrieben werden, das Sicherheit, Pr\u00e4zision und Effizienz gew\u00e4hrleistet. Das Messer hat eine gebogene oder gebogene Klinge, einen ergonomischen Griff und verf\u00fcgt in der Regel \u00fcber mindestens einen Sicherungsring. Der Vorg\u00e4nger des modernen Karambit tauchte erstmals im 11. Jahrhundert in Indonesien auf. Jahrhundert als Werkzeug in der Landwirtschaft oder verwendet als scharfe Funktionsklinge f\u00fcr den universellen Einsatz.<br \/>\nKlingenmaterial: CPM-154<br \/>\nKlingenl\u00e4nge: 60 mm<br \/>\nKlingenh\u00e4rte: 58-59 HRC<br \/>\nKlingenst\u00e4rke: 3,93 mm<br \/>\nGesamtl\u00e4nge: 192<br \/>\nGewicht: 70 g<br \/>\nGeh\u00e4use aus thermoplastischem Kunststoff<br \/>\nZertifikat<br \/>\nhergestellt in den USA<\/p>\n","protected":false},"excerpt":{"rendered":"<p>Feststehendes Messer mit Scheide.<\/p>\n","protected":false},"featured_media":169832,"comment_status":"open","ping_status":"closed","template":"","meta":[],"pwb-brand":[3362],"product_brand":[],"product_cat":[3363,3285],"product_tag":[],"class_list":{"0":"post-307987","1":"product","2":"type-product","3":"status-publish","4":"has-post-thumbnail","6":"pwb-brand-quartiermeister","7":"product_cat-karambits-de","8":"product_cat-messer","10":"first","11":"instock","12":"taxable","13":"shipping-taxable","14":"purchasable","15":"product-type-simple"},"brands":[{"id":3362,"name":"Quartiermeister","slug":"quartiermeister"}],"_links":{"self":[{"href":"https:\/\/www.moskito.cz\/de\/wp-json\/wp\/v2\/product\/307987","targetHints":{"allow":["GET"]}}],"collection":[{"href":"https:\/\/www.moskito.cz\/de\/wp-json\/wp\/v2\/product"}],"about":[{"href":"https:\/\/www.moskito.cz\/de\/wp-json\/wp\/v2\/types\/product"}],"replies":[{"embeddable":true,"href":"https:\/\/www.moskito.cz\/de\/wp-json\/wp\/v2\/comments?post=307987"}],"wp:featuredmedia":[{"embeddable":true,"href":"https:\/\/www.moskito.cz\/de\/wp-json\/wp\/v2\/media\/169832"}],"wp:attachment":[{"href":"https:\/\/www.moskito.cz\/de\/wp-json\/wp\/v2\/media?parent=307987"}],"wp:term":[{"taxonomy":"pwb-brand","embeddable":true,"href":"https:\/\/www.moskito.cz\/de\/wp-json\/wp\/v2\/pwb-brand?post=307987"},{"taxonomy":"product_brand","embeddable":true,"href":"https:\/\/www.moskito.cz\/de\/wp-json\/wp\/v2\/product_brand?post=307987"},{"taxonomy":"product_cat","embeddable":true,"href":"https:\/\/www.moskito.cz\/de\/wp-json\/wp\/v2\/product_cat?post=307987"},{"taxonomy":"product_tag","embeddable":true,"href":"https:\/\/www.moskito.cz\/de\/wp-json\/wp\/v2\/product_tag?post=307987"}],"curies":[{"name":"wp","href":"https:\/\/api.w.org\/{rel}","templated":true}]}}