{"id":308000,"date":"2020-09-25T19:54:46","date_gmt":"2024-02-06T11:01:46","guid":{"rendered":"https:\/\/www.moskito.cz\/produkt\/bastinelli-creations-diagnostic-karambit-cerakote\/"},"modified":"2025-07-11T07:52:27","modified_gmt":"2025-07-11T06:52:27","slug":"bastinelli-creations-diagnostic-karambit-cerakote","status":"publish","type":"product","link":"https:\/\/www.moskito.cz\/de\/produkt\/bastinelli-creations-diagnostic-karambit-cerakote\/","title":{"rendered":"Bastinelli Creations Diagnostic Karambit Cerakote"},"content":{"rendered":"<p>Bastinelli Creations Diagnostic Karambit Cerakote.<br \/>\nKurz gesagt, das Karambit kann als bemerkenswertes Multifunktionsmesser beschrieben werden, das Sicherheit, Pr\u00e4zision und Effizienz gew\u00e4hrleistet. Das Messer hat eine gebogene oder gebogene Klinge, einen ergonomischen Griff und verf\u00fcgt in der Regel \u00fcber mindestens einen Sicherungsring. Der Vorg\u00e4nger des modernen Karambit tauchte erstmals im 11. Jahrhundert in Indonesien auf. Jahrhundert als Werkzeug in der Landwirtschaft oder verwendet als scharfe Funktionsklinge f\u00fcr den universellen Einsatz.<br \/>\nGanzstahlmesser<br \/>\nGesamtl\u00e4nge: 9,5 cm<br \/>\nKlingenl\u00e4nge: 4 cm<br \/>\nStahl: N690C Edelstahl<br \/>\nGeh\u00e4use: schwarzes Kydex<\/p>\n","protected":false},"excerpt":{"rendered":"<p>Feststehendes Messer mit Scheide.<\/p>\n","protected":false},"featured_media":169786,"comment_status":"open","ping_status":"closed","template":"","meta":[],"pwb-brand":[3658],"product_brand":[],"product_cat":[3363,3285],"product_tag":[],"class_list":{"0":"post-308000","1":"product","2":"type-product","3":"status-publish","4":"has-post-thumbnail","6":"pwb-brand-bastinelli-kreationen","7":"product_cat-karambits-de","8":"product_cat-messer","10":"first","11":"outofstock","12":"taxable","13":"shipping-taxable","14":"purchasable","15":"product-type-simple"},"brands":[{"id":3658,"name":"Bastinelli-Kreationen","slug":"bastinelli-kreationen"}],"_links":{"self":[{"href":"https:\/\/www.moskito.cz\/de\/wp-json\/wp\/v2\/product\/308000","targetHints":{"allow":["GET"]}}],"collection":[{"href":"https:\/\/www.moskito.cz\/de\/wp-json\/wp\/v2\/product"}],"about":[{"href":"https:\/\/www.moskito.cz\/de\/wp-json\/wp\/v2\/types\/product"}],"replies":[{"embeddable":true,"href":"https:\/\/www.moskito.cz\/de\/wp-json\/wp\/v2\/comments?post=308000"}],"wp:featuredmedia":[{"embeddable":true,"href":"https:\/\/www.moskito.cz\/de\/wp-json\/wp\/v2\/media\/169786"}],"wp:attachment":[{"href":"https:\/\/www.moskito.cz\/de\/wp-json\/wp\/v2\/media?parent=308000"}],"wp:term":[{"taxonomy":"pwb-brand","embeddable":true,"href":"https:\/\/www.moskito.cz\/de\/wp-json\/wp\/v2\/pwb-brand?post=308000"},{"taxonomy":"product_brand","embeddable":true,"href":"https:\/\/www.moskito.cz\/de\/wp-json\/wp\/v2\/product_brand?post=308000"},{"taxonomy":"product_cat","embeddable":true,"href":"https:\/\/www.moskito.cz\/de\/wp-json\/wp\/v2\/product_cat?post=308000"},{"taxonomy":"product_tag","embeddable":true,"href":"https:\/\/www.moskito.cz\/de\/wp-json\/wp\/v2\/product_tag?post=308000"}],"curies":[{"name":"wp","href":"https:\/\/api.w.org\/{rel}","templated":true}]}}