{"id":308002,"date":"2020-09-26T19:51:28","date_gmt":"2024-02-06T11:01:47","guid":{"rendered":"https:\/\/www.moskito.cz\/produkt\/lansky-super-c-klemme\/"},"modified":"2025-07-11T07:52:27","modified_gmt":"2025-07-11T06:52:27","slug":"lansky-super-c-klemme","status":"publish","type":"product","link":"https:\/\/www.moskito.cz\/de\/produkt\/lansky-super-c-klemme\/","title":{"rendered":"LANSKY Super C-Klemme"},"content":{"rendered":"<p>LANSKY Super C-Klemme.<br \/>\nSt\u00e4nder f\u00fcr alle Lansky-Baus\u00e4tze.<br \/>\nMaterial: Superdural.<br \/>\nerm\u00f6glicht horizontales und vertikales Spannen.<\/p>\n","protected":false},"excerpt":{"rendered":"<p>Klemme mit St\u00e4nder f\u00fcr <strong>Lansky<\/strong> -Schleifsets.<\/p>\n","protected":false},"featured_media":176054,"comment_status":"open","ping_status":"closed","template":"","meta":[],"pwb-brand":[3489],"product_brand":[],"product_cat":[3346],"product_tag":[],"class_list":{"0":"post-308002","1":"product","2":"type-product","3":"status-publish","4":"has-post-thumbnail","6":"pwb-brand-lansky-de","7":"product_cat-schleifscheiben-und-stahle","9":"first","10":"outofstock","11":"taxable","12":"shipping-taxable","13":"purchasable","14":"product-type-simple"},"brands":[{"id":3489,"name":"Lansky","slug":"lansky-de"}],"_links":{"self":[{"href":"https:\/\/www.moskito.cz\/de\/wp-json\/wp\/v2\/product\/308002","targetHints":{"allow":["GET"]}}],"collection":[{"href":"https:\/\/www.moskito.cz\/de\/wp-json\/wp\/v2\/product"}],"about":[{"href":"https:\/\/www.moskito.cz\/de\/wp-json\/wp\/v2\/types\/product"}],"replies":[{"embeddable":true,"href":"https:\/\/www.moskito.cz\/de\/wp-json\/wp\/v2\/comments?post=308002"}],"wp:featuredmedia":[{"embeddable":true,"href":"https:\/\/www.moskito.cz\/de\/wp-json\/wp\/v2\/media\/176054"}],"wp:attachment":[{"href":"https:\/\/www.moskito.cz\/de\/wp-json\/wp\/v2\/media?parent=308002"}],"wp:term":[{"taxonomy":"pwb-brand","embeddable":true,"href":"https:\/\/www.moskito.cz\/de\/wp-json\/wp\/v2\/pwb-brand?post=308002"},{"taxonomy":"product_brand","embeddable":true,"href":"https:\/\/www.moskito.cz\/de\/wp-json\/wp\/v2\/product_brand?post=308002"},{"taxonomy":"product_cat","embeddable":true,"href":"https:\/\/www.moskito.cz\/de\/wp-json\/wp\/v2\/product_cat?post=308002"},{"taxonomy":"product_tag","embeddable":true,"href":"https:\/\/www.moskito.cz\/de\/wp-json\/wp\/v2\/product_tag?post=308002"}],"curies":[{"name":"wp","href":"https:\/\/api.w.org\/{rel}","templated":true}]}}