{"id":308006,"date":"2020-09-24T09:12:49","date_gmt":"2024-02-06T11:01:50","guid":{"rendered":"https:\/\/www.moskito.cz\/produkt\/outdoor-edge-saberback-bowie-machete\/"},"modified":"2025-07-11T07:52:25","modified_gmt":"2025-07-11T06:52:25","slug":"outdoor-edge-saberback-bowie-machete","status":"publish","type":"product","link":"https:\/\/www.moskito.cz\/de\/produkt\/outdoor-edge-saberback-bowie-machete\/","title":{"rendered":"Outdoor Edge SABERBACK BOWIE Machete"},"content":{"rendered":"<p>Outdoor Edge SABERBACK BOWIE Machete.<br \/>\nF\u00fcr maximale Griffsicherheit und Komfort unter Belastung ist der Griff mit Gummi beschichtet. Die Klinge aus 65-Mn-Kohlenstoffstahl ist extrem langlebig und stark. Im Lieferumfang ist ein praktisches Nylonetui enthalten. Die Gesamtl\u00e4nge betr\u00e4gt 44,2 cm. Die L\u00e4nge der Klinge betr\u00e4gt 26 cm. Das Gewicht der Machete betr\u00e4gt 390 g.<\/p>\n","protected":false},"excerpt":{"rendered":"<p>Eine Machete mit Scheide.<\/p>\n","protected":false},"featured_media":169766,"comment_status":"open","ping_status":"closed","template":"","meta":[],"pwb-brand":[3661],"product_brand":[],"product_cat":[3662],"product_tag":[],"class_list":{"0":"post-308006","1":"product","2":"type-product","3":"status-publish","4":"has-post-thumbnail","6":"pwb-brand-ausenkante","7":"product_cat-macheten","9":"first","10":"outofstock","11":"taxable","12":"shipping-taxable","13":"purchasable","14":"product-type-simple"},"brands":[{"id":3661,"name":"Au\u00dfenkante","slug":"ausenkante"}],"_links":{"self":[{"href":"https:\/\/www.moskito.cz\/de\/wp-json\/wp\/v2\/product\/308006","targetHints":{"allow":["GET"]}}],"collection":[{"href":"https:\/\/www.moskito.cz\/de\/wp-json\/wp\/v2\/product"}],"about":[{"href":"https:\/\/www.moskito.cz\/de\/wp-json\/wp\/v2\/types\/product"}],"replies":[{"embeddable":true,"href":"https:\/\/www.moskito.cz\/de\/wp-json\/wp\/v2\/comments?post=308006"}],"wp:featuredmedia":[{"embeddable":true,"href":"https:\/\/www.moskito.cz\/de\/wp-json\/wp\/v2\/media\/169766"}],"wp:attachment":[{"href":"https:\/\/www.moskito.cz\/de\/wp-json\/wp\/v2\/media?parent=308006"}],"wp:term":[{"taxonomy":"pwb-brand","embeddable":true,"href":"https:\/\/www.moskito.cz\/de\/wp-json\/wp\/v2\/pwb-brand?post=308006"},{"taxonomy":"product_brand","embeddable":true,"href":"https:\/\/www.moskito.cz\/de\/wp-json\/wp\/v2\/product_brand?post=308006"},{"taxonomy":"product_cat","embeddable":true,"href":"https:\/\/www.moskito.cz\/de\/wp-json\/wp\/v2\/product_cat?post=308006"},{"taxonomy":"product_tag","embeddable":true,"href":"https:\/\/www.moskito.cz\/de\/wp-json\/wp\/v2\/product_tag?post=308006"}],"curies":[{"name":"wp","href":"https:\/\/api.w.org\/{rel}","templated":true}]}}