{"id":308015,"date":"2020-09-29T20:23:48","date_gmt":"2024-02-06T11:01:52","guid":{"rendered":"https:\/\/www.moskito.cz\/produkt\/bio-protein-l-glutamin-1-kg\/"},"modified":"2025-07-11T07:52:30","modified_gmt":"2025-07-11T06:52:30","slug":"bio-protein-l-glutamin-1-kg","status":"publish","type":"product","link":"https:\/\/www.moskito.cz\/de\/produkt\/bio-protein-l-glutamin-1-kg\/","title":{"rendered":"Bio-Protein L-Glutamin 1 kg."},"content":{"rendered":"<p>Bio-Protein L-Glutamin 1 kg.<br \/>\nReines L-Glutamin st\u00e4rkt die Immunit\u00e4t und sp\u00fclt Wachstumshormone und Testosteron nach dem Training aus. Es funktioniert nach einem \u00e4hnlichen Mechanismus wie Anabolika.<\/p>\n<p>Bestimmt f\u00fcr: Beschleuniger des Wachstums und der Regeneration von Muskelmasse.<\/p>\n<p>Eigenschaften: Das auff\u00e4lligste Merkmal dieses Substrats ist der extrem erh\u00f6hte Glutaminwert (auf 100 g\/18 g). Neben BCAA ist diese Aminos\u00e4ure eine der wichtigsten f\u00fcr den K\u00f6rper. Dank der sehr hohen Menge dieser Aminos\u00e4ure k\u00f6nnen Sie sich ein extrem hartes und anstrengendes Training leisten. Es versorgt die Muskelzellen mit Energie, beschleunigt die Regeneration des Muskelgewebes, erh\u00f6ht den Kraft- und Geschwindigkeitszuwachs und unterst\u00fctzt den Aufbau von Muskelmasse. Protein Glutamine Nativ ist ein fester Bestandteil der meisten Leistungssportler, die zur Regeneration praktisch unmittelbar nach dem Training auf die Zufuhr einer gro\u00dfen Menge Glutamin angewiesen sind, was durch das freiliegende Produkt aus insgesamt 18 hochwertigen Aminos\u00e4uren mit a gew\u00e4hrleistet ist Prim\u00e4rmenge an Glutamin.<\/p>\n<p>Alle Nahrungserg\u00e4nzungsmittel von Fights Star werden speziell f\u00fcr Sportler aus sorgf\u00e4ltig ausgew\u00e4hlten nat\u00fcrlichen Zutaten in h\u00f6chster BIO-Lebensmittelqualit\u00e4t hergestellt. Sie werden von den sogenannten hergestellt \u201eKaltpressung\u201c. Bei der Herstellung bei einer Temperaturgrenze von bis zu 40\u00b0C bleiben alle nat\u00fcrlichen Naturstoffe mit hoher Verdaulichkeit erhalten. Das Produkt wird in einer O3-Atmosph\u00e4re abgef\u00fcllt und enth\u00e4lt daher KEINE Konservierungsstoffe. Das Produkt enth\u00e4lt keine chemisch hergestellten Stoffe, Emulgatoren, Stabilisatoren, chemischen Farbstoffe, Zusatzstoffe, F\u00fcllstoffe, Aromen oder wei\u00dfen Zucker.<\/p>\n<p>N\u00e4hrwerte (in 100 g): Protein 77,2 g, Kohlenhydrate (einschlie\u00dflich Zucker) 9,9 g, Fett 5,4 g, Wasser 6,3 g<\/p>\n<p>Empfohlene Dosierung:<\/p>\n<p>Empfohlene Tagesdosis: 40 g 2x\u20133x t\u00e4glich f\u00fcr einen Sportler von ca. 80 kg (max. 120g pro Tag beachten)<\/p>\n<p>40g\/Morgen auf n\u00fcchternen Magen<\/p>\n<p>40g\/nach dem Training<\/p>\n<p>40g\/vor dem Schlafengehen<\/p>\n<p>Warnung: \u00dcberschreiten Sie nicht die empfohlene Tagesdosis. Es ist kein Ersatz f\u00fcr eine abwechslungsreiche Ern\u00e4hrung. Das Produkt ist nicht f\u00fcr Kinder, schwangere und stillende Frauen bestimmt. Au\u00dferhalb der Reichweite von Kindern aufbewahren. Nach dem \u00d6ffnen innerhalb von 3 Monaten verbrauchen.<\/p>\n<p>An einem trockenen und k\u00fchlen Ort lagern, weder der Sonne noch dem Frost aussetzen, die Mindesthaltbarkeit bei optimalen Lagerbedingungen ist auf dem Etikett angegeben.<\/p>\n","protected":false},"excerpt":{"rendered":"<p>Alle Nahrungserg\u00e4nzungsmittel von Fights Star werden speziell f\u00fcr Sportler aus sorgf\u00e4ltig ausgew\u00e4hlten nat\u00fcrlichen Zutaten in h\u00f6chster BIO-Lebensmittelqualit\u00e4t hergestellt. Sie werden von den sogenannten hergestellt \u201eKaltpressung\u201c. Bei der Herstellung bei einer Temperaturgrenze von bis zu 40\u00b0C bleiben alle nat\u00fcrlichen Naturstoffe mit hoher Verdaulichkeit erhalten. Das Produkt wird in einer O3-Atmosph\u00e4re abgef\u00fcllt und enth\u00e4lt daher KEINE Konservierungsstoffe. Das Produkt enth\u00e4lt keine chemisch hergestellten Stoffe, Emulgatoren, Stabilisatoren, chemischen Farbstoffe, Zusatzstoffe, F\u00fcllstoffe, Aromen oder wei\u00dfen Zucker.<\/p>\n","protected":false},"featured_media":169889,"comment_status":"open","ping_status":"closed","template":"","meta":[],"pwb-brand":[3639],"product_brand":[],"product_cat":[3337],"product_tag":[],"class_list":{"0":"post-308015","1":"product","2":"type-product","3":"status-publish","4":"has-post-thumbnail","6":"pwb-brand-kampfstern","7":"product_cat-bio-protein-de","9":"first","10":"instock","11":"taxable","12":"shipping-taxable","13":"purchasable","14":"product-type-simple"},"brands":[{"id":3639,"name":"Kampfstern","slug":"kampfstern"}],"_links":{"self":[{"href":"https:\/\/www.moskito.cz\/de\/wp-json\/wp\/v2\/product\/308015","targetHints":{"allow":["GET"]}}],"collection":[{"href":"https:\/\/www.moskito.cz\/de\/wp-json\/wp\/v2\/product"}],"about":[{"href":"https:\/\/www.moskito.cz\/de\/wp-json\/wp\/v2\/types\/product"}],"replies":[{"embeddable":true,"href":"https:\/\/www.moskito.cz\/de\/wp-json\/wp\/v2\/comments?post=308015"}],"wp:featuredmedia":[{"embeddable":true,"href":"https:\/\/www.moskito.cz\/de\/wp-json\/wp\/v2\/media\/169889"}],"wp:attachment":[{"href":"https:\/\/www.moskito.cz\/de\/wp-json\/wp\/v2\/media?parent=308015"}],"wp:term":[{"taxonomy":"pwb-brand","embeddable":true,"href":"https:\/\/www.moskito.cz\/de\/wp-json\/wp\/v2\/pwb-brand?post=308015"},{"taxonomy":"product_brand","embeddable":true,"href":"https:\/\/www.moskito.cz\/de\/wp-json\/wp\/v2\/product_brand?post=308015"},{"taxonomy":"product_cat","embeddable":true,"href":"https:\/\/www.moskito.cz\/de\/wp-json\/wp\/v2\/product_cat?post=308015"},{"taxonomy":"product_tag","embeddable":true,"href":"https:\/\/www.moskito.cz\/de\/wp-json\/wp\/v2\/product_tag?post=308015"}],"curies":[{"name":"wp","href":"https:\/\/api.w.org\/{rel}","templated":true}]}}