{"id":308027,"date":"2020-09-29T20:37:10","date_gmt":"2024-02-06T11:02:16","guid":{"rendered":"https:\/\/www.moskito.cz\/produkt\/bio-protein-eiweiss-1-kg\/"},"modified":"2025-07-11T07:52:31","modified_gmt":"2025-07-11T06:52:31","slug":"bio-protein-eiweiss-1-kg","status":"publish","type":"product","link":"https:\/\/www.moskito.cz\/de\/produkt\/bio-protein-eiweiss-1-kg\/","title":{"rendered":"Bio-Protein-Eiwei\u00df 1 kg."},"content":{"rendered":"<p>Bio Protein EGG White 1 kg. (Nahrungserg\u00e4nzungsmittel)<br \/>\nZutaten: Eiwei\u00df<\/p>\n<p>Bestimmt f\u00fcr: Ern\u00e4hrung f\u00fcr Muskelmasse mit dem schnellsten Absorptionsindex<\/p>\n<p>Eigenschaften: EGG White 100 % ist ein reines Protein aus getrocknetem Eiwei\u00df, geeignet f\u00fcr Hochleistungssportler, die durch langj\u00e4hriges Krafttraining belastet sind.<\/p>\n<p>Eiprotein ist eines der biologisch wertvollsten Proteine \u200b\u200b\u00fcberhaupt. Neben einem H\u00f6chstma\u00df an wertvollen Aminos\u00e4uren enth\u00e4lt es eine ganze Reihe an Vitaminen, Mineralstoffen und praktisch alle biologischen Werte f\u00fcr den menschlichen Organismus \u2013 kein Wunder, dass aus Eiern Leben entsteht.<\/p>\n<p>Kaltextrahiertes Eiprotein geh\u00f6rt nicht nur zu den hochwertigsten Proteinen, sondern hat auch einen sehr schnellen Absorptionsindex, anders als beispielsweise Milchprotein, das eine sehr lange Absorptionshalbwertszeit hat. Daher ist es im Gegensatz zu anderen Proteinen direkt nach dem Training sehr gut geeignet. Aufgrund seiner problemlosen Aufnahmef\u00e4higkeit wird es nicht nur von Leistungssportlern, sondern auch von Sportlern, die unter Problemen mit dem Verdauungstrakt leiden, sehr h\u00e4ufig eingesetzt.<\/p>\n<p>Alle Nahrungserg\u00e4nzungsmittel von Fights Star werden speziell f\u00fcr Sportler aus sorgf\u00e4ltig ausgew\u00e4hlten nat\u00fcrlichen Zutaten in h\u00f6chster BIO-Lebensmittelqualit\u00e4t hergestellt. Sie werden von den sogenannten hergestellt \u201eKaltpressung\u201c. Bei der Herstellung bei einer Temperaturgrenze von bis zu 40\u00b0C bleiben alle nat\u00fcrlichen Naturstoffe mit hoher Verdaulichkeit erhalten. Das Produkt wird in einer O3-Atmosph\u00e4re abgef\u00fcllt und enth\u00e4lt daher KEINE Konservierungsstoffe. Das Produkt enth\u00e4lt keine chemisch hergestellten Stoffe, Emulgatoren, Stabilisatoren, chemischen Farbstoffe, Zusatzstoffe, F\u00fcllstoffe, Aromen oder wei\u00dfen Zucker.<\/p>\n<p>Die ausgewogene Mischung garantiert eine allm\u00e4hliche Aufnahme \u00fcber mehrere Stunden, sodass die Anwendung auch abends m\u00f6glich ist.<\/p>\n<p>N\u00e4hrwerte (in 100 g): Eiwei\u00df 84,4 g, Kohlenhydrate (davon Zucker) 6,5 g, Fett 0,1 g, Wasser 8,5 g<\/p>\n<p>Warnung: \u00dcberschreiten Sie nicht die empfohlene Tagesdosis. Es ist kein Ersatz f\u00fcr eine abwechslungsreiche Ern\u00e4hrung. Das Produkt ist nicht f\u00fcr Kinder, schwangere und stillende Frauen bestimmt. Au\u00dferhalb der Reichweite von Kindern aufbewahren. Nach dem \u00d6ffnen innerhalb von 3 Monaten verbrauchen.<\/p>\n<p>An einem trockenen und k\u00fchlen Ort lagern, weder der Sonne noch dem Frost aussetzen, die Mindesthaltbarkeit bei optimalen Lagerbedingungen ist auf dem Etikett angegeben.<\/p>\n","protected":false},"excerpt":{"rendered":"<p>Alle Nahrungserg\u00e4nzungsmittel von Fights Star werden speziell f\u00fcr Sportler aus sorgf\u00e4ltig ausgew\u00e4hlten nat\u00fcrlichen Zutaten in h\u00f6chster BIO-Lebensmittelqualit\u00e4t hergestellt. Sie werden von den sogenannten hergestellt \u201eKaltpressung\u201c. Bei der Herstellung bei einer Temperaturgrenze von bis zu 40\u00b0C bleiben alle nat\u00fcrlichen Naturstoffe mit hoher Verdaulichkeit erhalten. Das Produkt wird in einer O3-Atmosph\u00e4re abgef\u00fcllt und enth\u00e4lt daher KEINE Konservierungsstoffe. Das Produkt enth\u00e4lt keine chemisch hergestellten Stoffe, Emulgatoren, Stabilisatoren, chemischen Farbstoffe, Zusatzstoffe, F\u00fcllstoffe, Aromen oder wei\u00dfen Zucker.<\/p>\n","protected":false},"featured_media":169895,"comment_status":"open","ping_status":"closed","template":"","meta":[],"pwb-brand":[3639],"product_brand":[],"product_cat":[3337],"product_tag":[],"class_list":{"0":"post-308027","1":"product","2":"type-product","3":"status-publish","4":"has-post-thumbnail","6":"pwb-brand-kampfstern","7":"product_cat-bio-protein-de","9":"first","10":"instock","11":"taxable","12":"shipping-taxable","13":"purchasable","14":"product-type-simple"},"brands":[{"id":3639,"name":"Kampfstern","slug":"kampfstern"}],"_links":{"self":[{"href":"https:\/\/www.moskito.cz\/de\/wp-json\/wp\/v2\/product\/308027","targetHints":{"allow":["GET"]}}],"collection":[{"href":"https:\/\/www.moskito.cz\/de\/wp-json\/wp\/v2\/product"}],"about":[{"href":"https:\/\/www.moskito.cz\/de\/wp-json\/wp\/v2\/types\/product"}],"replies":[{"embeddable":true,"href":"https:\/\/www.moskito.cz\/de\/wp-json\/wp\/v2\/comments?post=308027"}],"wp:featuredmedia":[{"embeddable":true,"href":"https:\/\/www.moskito.cz\/de\/wp-json\/wp\/v2\/media\/169895"}],"wp:attachment":[{"href":"https:\/\/www.moskito.cz\/de\/wp-json\/wp\/v2\/media?parent=308027"}],"wp:term":[{"taxonomy":"pwb-brand","embeddable":true,"href":"https:\/\/www.moskito.cz\/de\/wp-json\/wp\/v2\/pwb-brand?post=308027"},{"taxonomy":"product_brand","embeddable":true,"href":"https:\/\/www.moskito.cz\/de\/wp-json\/wp\/v2\/product_brand?post=308027"},{"taxonomy":"product_cat","embeddable":true,"href":"https:\/\/www.moskito.cz\/de\/wp-json\/wp\/v2\/product_cat?post=308027"},{"taxonomy":"product_tag","embeddable":true,"href":"https:\/\/www.moskito.cz\/de\/wp-json\/wp\/v2\/product_tag?post=308027"}],"curies":[{"name":"wp","href":"https:\/\/api.w.org\/{rel}","templated":true}]}}