{"id":308096,"date":"2023-12-08T20:37:53","date_gmt":"2024-02-06T13:55:27","guid":{"rendered":"https:\/\/www.moskito.cz\/produkt\/verschlussmesser-microtech-msi-apocalyptic-210t-11appmbk\/"},"modified":"2025-05-07T10:59:58","modified_gmt":"2025-05-07T09:59:58","slug":"verschlussmesser-microtech-msi-apocalyptic-210t-11appmbk","status":"publish","type":"product","link":"https:\/\/www.moskito.cz\/de\/produkt\/verschlussmesser-microtech-msi-apocalyptic-210t-11appmbk\/","title":{"rendered":"Verschlussmesser Microtech MSI Apocalyptic 210T-11APPMBK"},"content":{"rendered":"<p>Verschlussmesser <strong>Microtech<\/strong> MSI Apocalyptic 210T-11APPMBK<\/p>\n<p>Das im Jahr 2023 erschienene MSI (Microtech Standard Issue) ist das erste Messer von Microtech , das \u00fcber die fantastische RAM-LOK-Technologie verf\u00fcgt. Dieses robuste Crossbar-Schloss verf\u00fcgt \u00fcber das charakteristische Stufenmuster von Microtech, das durch die Ultratech-Serie von Steuerschaltern bekannt wurde. Der gro\u00dfe Klingenausschnitt bietet viel Platz f\u00fcr einen Mittelfinger-R\u00fcckschwung sowie eine standardm\u00e4\u00dfige langsame Daumen\u00f6ffnung mit oder ohne Handschuhe. Wenn Ihnen beides nicht gef\u00e4llt, ziehen Sie einfach am RAM-LOK und die Klinge \u00f6ffnet sich mit einer einfachen Bewegung aus dem Handgelenk. Eingespritzte Griffe sind glatt und leicht klebrig und bieten sowohl bei Standard- als auch bei umgekehrten Griffen ein hervorragendes Griffpotenzial. Robust, langlebig, \u00e4u\u00dferst hochwertig und hergestellt in den USA; Wir wissen, dass MSI schnell zum Liebling der Fans aller Mitglieder der Messer-Community werden wird.<\/p>\n<p>Gesamtl\u00e4nge: 22,7 cm<br \/>\nKlingenl\u00e4nge: 9,9 cm<br \/>\nKlingenst\u00e4rke: 0,4 cm<br \/>\nKlingenfinish: Apokalyptisch<br \/>\nKantenstil: Teilweise gezahnt<br \/>\nGriffmaterial: Schwarzer Spritzguss<br \/>\nGriffst\u00e4rke: 1,4 cm<br \/>\nStahl: M390<br \/>\nHersteller Ref. #: 210T-11APPMBK<br \/>\nHerkunftsland: USA<\/p>\n<p><iframe title=\"Microtech Combat Troodon Torture Test\" width=\"800\" height=\"450\" src=\"https:\/\/www.youtube.com\/embed\/xE9TeOFYEjg?feature=oembed\" frameborder=\"0\" allow=\"accelerometer; autoplay; clipboard-write; encrypted-media; gyroscope; picture-in-picture; web-share\" allowfullscreen><\/iframe><\/p>\n<p>&nbsp;<\/p>\n","protected":false},"excerpt":{"rendered":"<p><strong>Im Laufe der Jahre hat Microtech\u00ae Knives Messer mit Leidenschaft und K\u00f6nnen gef\u00fcllt, um nahezu Kunstwerke zu schaffen, die den Gipfel der Funktionalit\u00e4t darstellen. Alle Teile werden in den USA hergestellt.<\/strong><br \/>\n<strong>F\u00fcr alle Microtech-Messer gilt eine lebenslange Garantie.<\/strong><\/p>\n<p><strong>Kostenloser Transport.<\/strong><\/p>\n","protected":false},"featured_media":308097,"comment_status":"open","ping_status":"closed","template":"","meta":[],"pwb-brand":[3278],"product_brand":[],"product_cat":[3285,3303],"product_tag":[3669],"class_list":{"0":"post-308096","1":"product","2":"type-product","3":"status-publish","4":"has-post-thumbnail","6":"pwb-brand-microtech-de","7":"product_cat-messer","8":"product_cat-schliesmesser","9":"product_tag-b2b-de","11":"first","12":"instock","13":"taxable","14":"shipping-taxable","15":"purchasable","16":"product-type-simple"},"brands":[{"id":3278,"name":"Microtech","slug":"microtech-de"}],"_links":{"self":[{"href":"https:\/\/www.moskito.cz\/de\/wp-json\/wp\/v2\/product\/308096","targetHints":{"allow":["GET"]}}],"collection":[{"href":"https:\/\/www.moskito.cz\/de\/wp-json\/wp\/v2\/product"}],"about":[{"href":"https:\/\/www.moskito.cz\/de\/wp-json\/wp\/v2\/types\/product"}],"replies":[{"embeddable":true,"href":"https:\/\/www.moskito.cz\/de\/wp-json\/wp\/v2\/comments?post=308096"}],"wp:featuredmedia":[{"embeddable":true,"href":"https:\/\/www.moskito.cz\/de\/wp-json\/wp\/v2\/media\/308097"}],"wp:attachment":[{"href":"https:\/\/www.moskito.cz\/de\/wp-json\/wp\/v2\/media?parent=308096"}],"wp:term":[{"taxonomy":"pwb-brand","embeddable":true,"href":"https:\/\/www.moskito.cz\/de\/wp-json\/wp\/v2\/pwb-brand?post=308096"},{"taxonomy":"product_brand","embeddable":true,"href":"https:\/\/www.moskito.cz\/de\/wp-json\/wp\/v2\/product_brand?post=308096"},{"taxonomy":"product_cat","embeddable":true,"href":"https:\/\/www.moskito.cz\/de\/wp-json\/wp\/v2\/product_cat?post=308096"},{"taxonomy":"product_tag","embeddable":true,"href":"https:\/\/www.moskito.cz\/de\/wp-json\/wp\/v2\/product_tag?post=308096"}],"curies":[{"name":"wp","href":"https:\/\/api.w.org\/{rel}","templated":true}]}}