{"id":308114,"date":"2023-11-18T19:26:12","date_gmt":"2024-02-06T14:03:28","guid":{"rendered":"https:\/\/www.moskito.cz\/produkt\/microtech-signature-series-combat-troodon-delta-shadow-144-1ct-dsh-schiessmesser\/"},"modified":"2025-05-07T10:59:58","modified_gmt":"2025-05-07T09:59:58","slug":"microtech-signature-series-combat-troodon-delta-shadow-144-1ct-dsh-schiessmesser","status":"publish","type":"product","link":"https:\/\/www.moskito.cz\/de\/produkt\/microtech-signature-series-combat-troodon-delta-shadow-144-1ct-dsh-schiessmesser\/","title":{"rendered":"Microtech Signature Series Combat Troodon Delta Shadow 144-1CT-DSH Schie\u00dfmesser"},"content":{"rendered":"<p><strong>Microtech<\/strong> Signature Series Combat Troodon Delta Shadow 144-1CT-DSH Schie\u00dfmesser<\/p>\n<p>Das Combat Troodon ist ein pr\u00e4zisionsgefertigtes taktisches Frontmesser. Es ist 25 % gr\u00f6\u00dfer als das Flaggschiff Troodon. Es verf\u00fcgt \u00fcber einen schlanken Griff, eine konturierte Form, radikale Designelemente und einen ausgekl\u00fcgelten internen Mechanismus, der die betriebliche Funktionalit\u00e4t und Zuverl\u00e4ssigkeit in gr\u00f6\u00dferem Ma\u00dfstab verbessert. Der Combat Troodon ist f\u00fcr eine breite Palette von Nutz- und Nahkampfanwendungen konzipiert.<\/p>\n<p>Funktion:<br \/>\nStrukturierte Griffe f\u00fcr besseren Halt<br \/>\nGerillte Klinge und gelochtes Geh\u00e4use zum Entfernen von Schmutz und Ablagerungen<br \/>\nDLC-Klinge und -Hardware f\u00fcr bessere Verschlei\u00df- und Abriebfestigkeit<br \/>\nInnen vernickelt und borplattiert f\u00fcr zus\u00e4tzliche Korrosionsbest\u00e4ndigkeit<\/p>\n<p>Spezifikationen:<br \/>\nAktion: Doppeltwirkendes automatisches Feuern und Ziehen<br \/>\nStahl: M390<br \/>\nKlingenstil: Tanto<br \/>\nKlingenfinish: Schwarz DLC<br \/>\nGlassplitter: Glassplitter mit Wolframspitze<br \/>\nGriff: UTD-gefr\u00e4stes 6061-T6-Aluminium mit schwarz eloxierter Mil-Spec-Hartbeschichtung<br \/>\nGriffst\u00e4rke: Formkegel Min. 0,304 Zoll, Max. 435 Zoll<br \/>\nL\u00e4nge ge\u00f6ffnet: 23 cm<br \/>\nL\u00e4nge geschlossen: 13 cm<br \/>\nTaschenclip: 301 federgeh\u00e4rtet, beidh\u00e4ndig verwendbar<br \/>\nGewicht: 5,3 Unzen.<\/p>\n<p><iframe title=\"Microtech Combat Troodon Torture Test\" width=\"800\" height=\"450\" src=\"https:\/\/www.youtube.com\/embed\/xE9TeOFYEjg?feature=oembed\" frameborder=\"0\" allow=\"accelerometer; autoplay; clipboard-write; encrypted-media; gyroscope; picture-in-picture; web-share\" allowfullscreen><\/iframe><\/p>\n<p>&nbsp;<\/p>\n","protected":false},"excerpt":{"rendered":"<p><strong>Im Laufe der Jahre hat Microtech\u00ae Knives Messer mit Leidenschaft und K\u00f6nnen gef\u00fcllt, um nahezu Kunstwerke zu schaffen, die den Gipfel der Funktionalit\u00e4t darstellen. Alle Teile werden in den USA hergestellt.<\/strong><br \/>\n<strong>F\u00fcr alle Microtech-Messer gilt eine lebenslange Garantie.<\/strong><\/p>\n<p><strong>Kostenloser Transport.<\/strong><\/p>\n","protected":false},"featured_media":308115,"comment_status":"open","ping_status":"closed","template":"","meta":[],"pwb-brand":[3278],"product_brand":[],"product_cat":[3285,3343],"product_tag":[3669],"class_list":{"0":"post-308114","1":"product","2":"type-product","3":"status-publish","4":"has-post-thumbnail","6":"pwb-brand-microtech-de","7":"product_cat-messer","8":"product_cat-schiesmesser","9":"product_tag-b2b-de","11":"first","12":"instock","13":"taxable","14":"shipping-taxable","15":"purchasable","16":"product-type-simple"},"brands":[{"id":3278,"name":"Microtech","slug":"microtech-de"}],"_links":{"self":[{"href":"https:\/\/www.moskito.cz\/de\/wp-json\/wp\/v2\/product\/308114","targetHints":{"allow":["GET"]}}],"collection":[{"href":"https:\/\/www.moskito.cz\/de\/wp-json\/wp\/v2\/product"}],"about":[{"href":"https:\/\/www.moskito.cz\/de\/wp-json\/wp\/v2\/types\/product"}],"replies":[{"embeddable":true,"href":"https:\/\/www.moskito.cz\/de\/wp-json\/wp\/v2\/comments?post=308114"}],"wp:featuredmedia":[{"embeddable":true,"href":"https:\/\/www.moskito.cz\/de\/wp-json\/wp\/v2\/media\/308115"}],"wp:attachment":[{"href":"https:\/\/www.moskito.cz\/de\/wp-json\/wp\/v2\/media?parent=308114"}],"wp:term":[{"taxonomy":"pwb-brand","embeddable":true,"href":"https:\/\/www.moskito.cz\/de\/wp-json\/wp\/v2\/pwb-brand?post=308114"},{"taxonomy":"product_brand","embeddable":true,"href":"https:\/\/www.moskito.cz\/de\/wp-json\/wp\/v2\/product_brand?post=308114"},{"taxonomy":"product_cat","embeddable":true,"href":"https:\/\/www.moskito.cz\/de\/wp-json\/wp\/v2\/product_cat?post=308114"},{"taxonomy":"product_tag","embeddable":true,"href":"https:\/\/www.moskito.cz\/de\/wp-json\/wp\/v2\/product_tag?post=308114"}],"curies":[{"name":"wp","href":"https:\/\/api.w.org\/{rel}","templated":true}]}}