{"id":308121,"date":"2023-11-18T20:28:04","date_gmt":"2024-02-06T14:04:12","guid":{"rendered":"https:\/\/www.moskito.cz\/produkt\/microtech-ultratech-tactical-signature-series-schiessmesser-122-1frgtods\/"},"modified":"2025-05-07T10:59:59","modified_gmt":"2025-05-07T09:59:59","slug":"microtech-ultratech-tactical-signature-series-schiessmesser-122-1frgtods","status":"publish","type":"product","link":"https:\/\/www.moskito.cz\/de\/produkt\/microtech-ultratech-tactical-signature-series-schiessmesser-122-1frgtods\/","title":{"rendered":"Microtech Ultratech Tactical Signature Series Schie\u00dfmesser 122-1FRGTODS"},"content":{"rendered":"<p><strong>Microtech<\/strong> Ultratech Tactical Signature Series Schie\u00dfmesser 122-1FRGTODS<\/p>\n<p>Microtechs <strong>Ultratech<\/strong> ist eines ihrer beliebtesten Modelle und bietet definitiv das beste Preis-Leistungs-Verh\u00e4ltnis. Es wird f\u00fcr immer den Standard f\u00fcr alle Frontmesser setzen. Das Ultratech ist das urspr\u00fcngliche Double-Action-Frontmesser von Microtech und bildete die Basis der gesamten OTF-Linie. Im Laufe der Jahre wurde es mehrfach modifiziert und ist jedes Mal effizienter und zuverl\u00e4ssiger geworden. Die Ultratech-Feder bleibt immer in der \u201eRuhe\u201c-Position, au\u00dfer im gedehnten Zustand. Dadurch wird sichergestellt, dass die zusammengedr\u00fcckte Feder nicht erm\u00fcdet und der Benutzer sicherstellt, dass das Messer beim Abfeuern effektiv funktioniert. Leichtes <strong>Ultratech-<\/strong> Messer mit einh\u00e4ndigem \u00d6ffnen und Schlie\u00dfen, schlanker Form und scharfer Skalpellklinge machen es zu einem einzigartigen Messer!<\/p>\n<p>Dieses Modell der Signature-Serie verf\u00fcgt \u00fcber eine OD Green Frag G-10-Oberseite und schwarze Aluminium-Hintergriffschalen. Dolchklinge aus M390-Edelstahl in schwarzer Ausf\u00fchrung mit Standardklingen. Schwarze Oberfl\u00e4che, Fangriemen\u00f6se, Glasbrecher und Taschenclip. Der Clip ist mit dem Microtech-Klauenlogo, dem Signature Series-Logo, der Seriennummer und dem Herstellungsdatum versehen.<\/p>\n<p>SPEZIFIKATIONEN:<br \/>\nHerkunftsland: USA<br \/>\nEntstehungsdatum: 2023<br \/>\nZustand: brandneu<br \/>\nGriffmaterial: G10\/Aluminium<br \/>\nKlingenmaterial: M390<br \/>\nKlingenstil: Doppelschneidiger Dolch<br \/>\nKlingenoberfl\u00e4che: Schwarz<br \/>\nKantentyp: Standard<br \/>\nModell\/Muster: Ultratech<br \/>\nMessertyp: Double-Action-Automatik-OTF<br \/>\nL\u00e4nge geschlossen: 12,1 cm<br \/>\nL\u00e4nge im ge\u00f6ffneten Zustand: 20,75 cm<\/p>\n<p><iframe title=\"Microtech Combat Troodon Torture Test\" width=\"800\" height=\"450\" src=\"https:\/\/www.youtube.com\/embed\/xE9TeOFYEjg?feature=oembed\" frameborder=\"0\" allow=\"accelerometer; autoplay; clipboard-write; encrypted-media; gyroscope; picture-in-picture; web-share\" allowfullscreen><\/iframe><\/p>\n<p>&nbsp;<\/p>\n","protected":false},"excerpt":{"rendered":"<p><strong>Im Laufe der Jahre hat Microtech\u00ae Knives Messer mit Leidenschaft und K\u00f6nnen gef\u00fcllt, um nahezu Kunstwerke zu schaffen, die den Gipfel der Funktionalit\u00e4t darstellen. Alle Teile werden in den USA hergestellt.<\/strong><br \/>\n<strong>F\u00fcr alle Microtech-Messer gilt eine lebenslange Garantie.<\/strong><\/p>\n<p><strong>Kostenloser Transport.<\/strong><\/p>\n","protected":false},"featured_media":308122,"comment_status":"open","ping_status":"closed","template":"","meta":[],"pwb-brand":[3278],"product_brand":[],"product_cat":[3285,3343],"product_tag":[3669],"class_list":{"0":"post-308121","1":"product","2":"type-product","3":"status-publish","4":"has-post-thumbnail","6":"pwb-brand-microtech-de","7":"product_cat-messer","8":"product_cat-schiesmesser","9":"product_tag-b2b-de","11":"first","12":"instock","13":"taxable","14":"shipping-taxable","15":"purchasable","16":"product-type-simple"},"brands":[{"id":3278,"name":"Microtech","slug":"microtech-de"}],"_links":{"self":[{"href":"https:\/\/www.moskito.cz\/de\/wp-json\/wp\/v2\/product\/308121","targetHints":{"allow":["GET"]}}],"collection":[{"href":"https:\/\/www.moskito.cz\/de\/wp-json\/wp\/v2\/product"}],"about":[{"href":"https:\/\/www.moskito.cz\/de\/wp-json\/wp\/v2\/types\/product"}],"replies":[{"embeddable":true,"href":"https:\/\/www.moskito.cz\/de\/wp-json\/wp\/v2\/comments?post=308121"}],"wp:featuredmedia":[{"embeddable":true,"href":"https:\/\/www.moskito.cz\/de\/wp-json\/wp\/v2\/media\/308122"}],"wp:attachment":[{"href":"https:\/\/www.moskito.cz\/de\/wp-json\/wp\/v2\/media?parent=308121"}],"wp:term":[{"taxonomy":"pwb-brand","embeddable":true,"href":"https:\/\/www.moskito.cz\/de\/wp-json\/wp\/v2\/pwb-brand?post=308121"},{"taxonomy":"product_brand","embeddable":true,"href":"https:\/\/www.moskito.cz\/de\/wp-json\/wp\/v2\/product_brand?post=308121"},{"taxonomy":"product_cat","embeddable":true,"href":"https:\/\/www.moskito.cz\/de\/wp-json\/wp\/v2\/product_cat?post=308121"},{"taxonomy":"product_tag","embeddable":true,"href":"https:\/\/www.moskito.cz\/de\/wp-json\/wp\/v2\/product_tag?post=308121"}],"curies":[{"name":"wp","href":"https:\/\/api.w.org\/{rel}","templated":true}]}}