{"id":308128,"date":"2023-11-17T13:54:49","date_gmt":"2024-02-06T14:06:09","guid":{"rendered":"https:\/\/www.moskito.cz\/produkt\/microtech-makora-weathered-signature-series-206-1biwrds-schiessmesser\/"},"modified":"2025-05-07T10:59:59","modified_gmt":"2025-05-07T09:59:59","slug":"microtech-makora-weathered-signature-series-206-1biwrds-schiessmesser","status":"publish","type":"product","link":"https:\/\/www.moskito.cz\/de\/produkt\/microtech-makora-weathered-signature-series-206-1biwrds-schiessmesser\/","title":{"rendered":"Microtech Makora Weathered Signature Series 206-1BIWRDS Schie\u00dfmesser"},"content":{"rendered":"<p><strong>Microtech<\/strong> Makora Weathered Signature Series 206-1BIWRDS Schie\u00dfmesser<\/p>\n<p><strong>Makora<\/strong> Refresh ist ein Design, das urspr\u00fcnglich aus dem Ultratech-Design hervorgegangen ist. Es hat insgesamt eine <strong>Ultratech-<\/strong> Form mit einer zus\u00e4tzlichen Spitze oben am Griff und dem Vorteil eines Griffeinsatzes. Zu den weiteren Verbesserungen der neuen Makora-Reihe geh\u00f6ren Rillen an der Basis der Klinge, \u00d6ffnungen an der Unterseite des Geh\u00e4uses und mit Nickel-Bor beschichtete Innenteile. Diese Verbesserungen machen die Aktion unglaublich reibungslos und zuverl\u00e4ssig und erleichtern auch die Wartung ein wenig.<\/p>\n<p>Dieses unverwechselbare Serienmodell verf\u00fcgt \u00fcber einen schwarzen Aluminiumgriff mit einem verwitterten roten Blaseneinsatz. Klinge aus verwittertem rotem M390-Edelstahl mit Doppelschneide. Verwitterte rote Hardware, Daumenschieber und Glasbrecher. Taschenclip mit schwarzem Ende und charakteristischem Serienlogo. In den Taschenclip sind au\u00dferdem Modellinformationen, Seriennummer, Makora-Ameisenlogo und Herstellungsdatum eingraviert.<\/p>\n<p>Gesamtl\u00e4nge: 21,59 cm<br \/>\nStahl: M390<br \/>\nKlingenl\u00e4nge: 8,25 cm<br \/>\nKlingenfinish: Verwittertes Rot<br \/>\nRandstil: einfarbig<br \/>\nGriffmaterial: Schwarzer Griff \u2013 verwitterte rote Brute-Einlage<br \/>\nTaschenclip: Tip-Down<br \/>\nGewicht: 3,4 oz (96,39 g)<br \/>\nHersteller Ref. #: 206-1BIWRDS<br \/>\nHerkunftsland: USA<\/p>\n<p><iframe title=\"Microtech Combat Troodon Torture Test\" width=\"800\" height=\"450\" src=\"https:\/\/www.youtube.com\/embed\/xE9TeOFYEjg?feature=oembed\" frameborder=\"0\" allow=\"accelerometer; autoplay; clipboard-write; encrypted-media; gyroscope; picture-in-picture; web-share\" allowfullscreen><\/iframe><\/p>\n<p>&nbsp;<\/p>\n<p>&nbsp;<\/p>\n","protected":false},"excerpt":{"rendered":"<p><strong>Im Laufe der Jahre hat Microtech\u00ae Knives Messer mit Leidenschaft und K\u00f6nnen gef\u00fcllt, um nahezu Kunstwerke zu schaffen, die den Gipfel der Funktionalit\u00e4t darstellen. Alle Teile werden in den USA hergestellt.<\/strong><br \/>\n<strong>Alle Microtech-Messer haben eine lebenslange Garantie (mindestens 80.000 Zyklen, \u00d6ffnen und Schlie\u00dfen).<\/strong><\/p>\n<p><strong>Kostenloser Transport.<\/strong><\/p>\n","protected":false},"featured_media":308129,"comment_status":"open","ping_status":"closed","template":"","meta":[],"pwb-brand":[3278],"product_brand":[],"product_cat":[3285,3343],"product_tag":[3669],"class_list":{"0":"post-308128","1":"product","2":"type-product","3":"status-publish","4":"has-post-thumbnail","6":"pwb-brand-microtech-de","7":"product_cat-messer","8":"product_cat-schiesmesser","9":"product_tag-b2b-de","11":"first","12":"outofstock","13":"taxable","14":"shipping-taxable","15":"purchasable","16":"product-type-simple"},"brands":[{"id":3278,"name":"Microtech","slug":"microtech-de"}],"_links":{"self":[{"href":"https:\/\/www.moskito.cz\/de\/wp-json\/wp\/v2\/product\/308128","targetHints":{"allow":["GET"]}}],"collection":[{"href":"https:\/\/www.moskito.cz\/de\/wp-json\/wp\/v2\/product"}],"about":[{"href":"https:\/\/www.moskito.cz\/de\/wp-json\/wp\/v2\/types\/product"}],"replies":[{"embeddable":true,"href":"https:\/\/www.moskito.cz\/de\/wp-json\/wp\/v2\/comments?post=308128"}],"wp:featuredmedia":[{"embeddable":true,"href":"https:\/\/www.moskito.cz\/de\/wp-json\/wp\/v2\/media\/308129"}],"wp:attachment":[{"href":"https:\/\/www.moskito.cz\/de\/wp-json\/wp\/v2\/media?parent=308128"}],"wp:term":[{"taxonomy":"pwb-brand","embeddable":true,"href":"https:\/\/www.moskito.cz\/de\/wp-json\/wp\/v2\/pwb-brand?post=308128"},{"taxonomy":"product_brand","embeddable":true,"href":"https:\/\/www.moskito.cz\/de\/wp-json\/wp\/v2\/product_brand?post=308128"},{"taxonomy":"product_cat","embeddable":true,"href":"https:\/\/www.moskito.cz\/de\/wp-json\/wp\/v2\/product_cat?post=308128"},{"taxonomy":"product_tag","embeddable":true,"href":"https:\/\/www.moskito.cz\/de\/wp-json\/wp\/v2\/product_tag?post=308128"}],"curies":[{"name":"wp","href":"https:\/\/api.w.org\/{rel}","templated":true}]}}