{"id":308135,"date":"2023-11-17T18:21:15","date_gmt":"2023-11-17T17:21:15","guid":{"rendered":"https:\/\/www.moskito.cz\/produkt\/schiessmesser-microtech-ultratech-jedi-knight-122-2jk\/"},"modified":"2026-02-08T00:20:46","modified_gmt":"2026-02-07T23:20:46","slug":"schiessmesser-microtech-ultratech-jedi-knight-122-2jk","status":"publish","type":"product","link":"https:\/\/www.moskito.cz\/de\/produkt\/schiessmesser-microtech-ultratech-jedi-knight-122-2jk\/","title":{"rendered":"Schie\u00dfmesser Microtech Ultratech Jedi Knight 122-2JK"},"content":{"rendered":"<p>Schie\u00dfmesser <strong>Microtech<\/strong> Ultratech Jedi Knight 122-2JK<\/p>\n<p><strong>Ultratech<\/strong> wird f\u00fcr immer den Standard f\u00fcr alle Frontmesser setzen. <strong>Das Ultratech<\/strong> ist das urspr\u00fcngliche Double-Action-Frontmesser <strong>von Microtech<\/strong> und bildete die Basis der gesamten OTF-Linie. Im Laufe der Jahre wurde es mehrfach modifiziert und ist jedes Mal effizienter und zuverl\u00e4ssiger geworden. Diese Version verf\u00fcgt \u00fcber einen Teilabschnitt der verbesserten Drei-Griff-Textur am Griff und verschiebbare Daumenabschnitte f\u00fcr positivere K\u00e4ufe sowie eine sch\u00f6ne blaue Klinge, die sie wie ein Lichtschwert aussehen l\u00e4sst. Die Griffschrauben, der Glasbrecher und der Schieber haben alle ein sehr cooles zweifarbiges Ringdesign f\u00fcr ein bisschen Flair. Es hat auch ein sehr cooles Jedi-Orden-Logo auf dem Taschenclip, der anstelle des traditionellen leuchtenden Sterns Fl\u00fcgel in der Form der Microtech-Dolchklinge hat. Die Ultratech-Feder bleibt immer in der \u201eRuhe\u201c-Position, au\u00dfer im gedehnten Zustand. Dadurch wird sichergestellt, dass die zusammengedr\u00fcckte Feder nicht erm\u00fcdet und der Benutzer sicherstellt, dass das Messer beim Abfeuern effektiv funktioniert. Das geringe Gewicht, das \u00d6ffnen und Schlie\u00dfen mit einer Hand, die schlanke Form und die scharfe zweischneidige Klinge machen es zu einem einzigartigen Messer, das nur bei <strong>Microtech<\/strong> erh\u00e4ltlich ist. Dieses Messer hat immer wieder bewiesen, dass es jedem Hindernis standh\u00e4lt.<\/p>\n<p>Spezifikationen:<br \/>\nAutomatisches \u00d6ffnen\/Schlie\u00dfen \u2013 Front\u00f6ffner<br \/>\nAktion: Doppelte Aktion \u2013 Automatisches Feuern\/Einfahren<br \/>\nKlingenstil: Doppelschneidiger Dolch<br \/>\nGriffmaterial: 6061-T6 Tri-Grip, teilweise strukturiertes Aluminium mit eloxierter Mil-Spec-Hartbeschichtung<br \/>\nGesamtl\u00e4nge: 22 cm<br \/>\nKlingenl\u00e4nge: 8,6 cm<br \/>\nKlingenmaterial: B\u00f6hler M390<br \/>\nMaterial des Taschenclips: 301 Edelstahl<br \/>\nStandard-Obermaterial: 6061-T6 AL-Legierung<br \/>\nAbzug: 303 Edelstahl<br \/>\nGewicht: 3,2 Unzen.<br \/>\nFensterbrecher<br \/>\nHergestellt in den USA<\/p>\n<p><iframe title=\"Microtech Combat Troodon Torture Test\" width=\"800\" height=\"450\" src=\"https:\/\/www.youtube.com\/embed\/xE9TeOFYEjg?feature=oembed\" frameborder=\"0\" allow=\"accelerometer; autoplay; clipboard-write; encrypted-media; gyroscope; picture-in-picture; web-share\" allowfullscreen><\/iframe><\/p>\n<p>&nbsp;<\/p>\n","protected":false},"excerpt":{"rendered":"<p><strong>Im Laufe der Jahre hat Microtech\u00ae Knives Messer mit Leidenschaft und K\u00f6nnen gef\u00fcllt, um nahezu Kunstwerke zu schaffen, die den Gipfel der Funktionalit\u00e4t darstellen. Alle Teile werden in den USA hergestellt.<\/strong><br \/>\n<strong>F\u00fcr alle Microtech-Messer gilt eine lebenslange Garantie.<\/strong><\/p>\n<p><strong>Kostenloser Transport.<\/strong><\/p>\n","protected":false},"featured_media":308136,"comment_status":"open","ping_status":"closed","template":"","meta":[],"pwb-brand":[3278],"product_brand":[],"product_cat":[3343,3285],"product_tag":[3669],"class_list":{"0":"post-308135","1":"product","2":"type-product","3":"status-publish","4":"has-post-thumbnail","6":"pwb-brand-microtech-de","7":"product_cat-schiesmesser","8":"product_cat-messer","9":"product_tag-b2b-de","11":"first","12":"instock","13":"taxable","14":"shipping-taxable","15":"purchasable","16":"product-type-simple"},"brands":[{"id":3278,"name":"Microtech","slug":"microtech-de"}],"_links":{"self":[{"href":"https:\/\/www.moskito.cz\/de\/wp-json\/wp\/v2\/product\/308135","targetHints":{"allow":["GET"]}}],"collection":[{"href":"https:\/\/www.moskito.cz\/de\/wp-json\/wp\/v2\/product"}],"about":[{"href":"https:\/\/www.moskito.cz\/de\/wp-json\/wp\/v2\/types\/product"}],"replies":[{"embeddable":true,"href":"https:\/\/www.moskito.cz\/de\/wp-json\/wp\/v2\/comments?post=308135"}],"wp:featuredmedia":[{"embeddable":true,"href":"https:\/\/www.moskito.cz\/de\/wp-json\/wp\/v2\/media\/308136"}],"wp:attachment":[{"href":"https:\/\/www.moskito.cz\/de\/wp-json\/wp\/v2\/media?parent=308135"}],"wp:term":[{"taxonomy":"pwb-brand","embeddable":true,"href":"https:\/\/www.moskito.cz\/de\/wp-json\/wp\/v2\/pwb-brand?post=308135"},{"taxonomy":"product_brand","embeddable":true,"href":"https:\/\/www.moskito.cz\/de\/wp-json\/wp\/v2\/product_brand?post=308135"},{"taxonomy":"product_cat","embeddable":true,"href":"https:\/\/www.moskito.cz\/de\/wp-json\/wp\/v2\/product_cat?post=308135"},{"taxonomy":"product_tag","embeddable":true,"href":"https:\/\/www.moskito.cz\/de\/wp-json\/wp\/v2\/product_tag?post=308135"}],"curies":[{"name":"wp","href":"https:\/\/api.w.org\/{rel}","templated":true}]}}