{"id":308175,"date":"2023-11-17T19:29:44","date_gmt":"2024-02-06T14:15:01","guid":{"rendered":"https:\/\/www.moskito.cz\/produkt\/schiessmesser-microtech-dirac-delta-dark-tungsten-227-3cdt\/"},"modified":"2025-05-07T11:00:01","modified_gmt":"2025-05-07T10:00:01","slug":"schiessmesser-microtech-dirac-delta-dark-tungsten-227-3cdt","status":"publish","type":"product","link":"https:\/\/www.moskito.cz\/de\/produkt\/schiessmesser-microtech-dirac-delta-dark-tungsten-227-3cdt\/","title":{"rendered":"Schie\u00dfmesser Microtech Dirac Delta Dark Tungsten 227-3CDT"},"content":{"rendered":"<p>Schie\u00dfmesser <strong>Microtech<\/strong> Dirac Delta Dark Tungsten 227-3CDT<\/p>\n<p>Dirac Delta ist eine gr\u00f6\u00dfere Version von Microtechs Dirac. Entworfen mit einem ergonomischen Geh\u00e4use und geschwungenen Linien \u00e4hnlich wie HALO. Der Dirac Delta f\u00fchlt sich anders an als die anderen Griffe. Nach der Erforschung dieses speziellen Designs hat OTF Microtech seine charakteristischen ultrahohen Toleranzmerkmale wie propriet\u00e4re Hardware, innovative interne Mechanismen und Glasbrecher angewendet.<\/p>\n<p>Gesamtl\u00e4nge: 23,9 cm<br \/>\nL\u00e4nge geschlossen: 14,2 cm<br \/>\nKlingenl\u00e4nge: 9,6 cm<br \/>\nKlingenoberfl\u00e4che: Dunkles Wolfram<br \/>\nKantenstil: Vollst\u00e4ndig gewellt<br \/>\nGriffmaterial: Dark Tungsten Cerakote Aluminium<br \/>\nGriffst\u00e4rke: 1,1 cm<br \/>\nTaschenclip: Tip-Down<br \/>\nGewicht: 130,41 g<br \/>\nHersteller Ref. #: 227-3CDT<br \/>\nHerkunftsland: USA<\/p>\n<p><iframe title=\"Microtech Combat Troodon Torture Test\" width=\"800\" height=\"450\" src=\"https:\/\/www.youtube.com\/embed\/xE9TeOFYEjg?feature=oembed\" frameborder=\"0\" allow=\"accelerometer; autoplay; clipboard-write; encrypted-media; gyroscope; picture-in-picture; web-share\" allowfullscreen><\/iframe><\/p>\n<p>&nbsp;<\/p>\n<p>&nbsp;<\/p>\n","protected":false},"excerpt":{"rendered":"<p><strong>Im Laufe der Jahre hat Microtech\u00ae Knives Messer mit Leidenschaft und K\u00f6nnen gef\u00fcllt, um nahezu Kunstwerke zu schaffen, die den Gipfel der Funktionalit\u00e4t darstellen. Alle Teile werden in den USA hergestellt.<\/strong><br \/>\n<strong>F\u00fcr alle Microtech-Messer gilt eine lebenslange Garantie.<\/strong><\/p>\n<p><strong>Kostenloser Transport.<\/strong><\/p>\n","protected":false},"featured_media":308176,"comment_status":"open","ping_status":"closed","template":"","meta":[],"pwb-brand":[3278],"product_brand":[],"product_cat":[3285,3343],"product_tag":[3669],"class_list":{"0":"post-308175","1":"product","2":"type-product","3":"status-publish","4":"has-post-thumbnail","6":"pwb-brand-microtech-de","7":"product_cat-messer","8":"product_cat-schiesmesser","9":"product_tag-b2b-de","11":"first","12":"outofstock","13":"taxable","14":"shipping-taxable","15":"purchasable","16":"product-type-simple"},"brands":[{"id":3278,"name":"Microtech","slug":"microtech-de"}],"_links":{"self":[{"href":"https:\/\/www.moskito.cz\/de\/wp-json\/wp\/v2\/product\/308175","targetHints":{"allow":["GET"]}}],"collection":[{"href":"https:\/\/www.moskito.cz\/de\/wp-json\/wp\/v2\/product"}],"about":[{"href":"https:\/\/www.moskito.cz\/de\/wp-json\/wp\/v2\/types\/product"}],"replies":[{"embeddable":true,"href":"https:\/\/www.moskito.cz\/de\/wp-json\/wp\/v2\/comments?post=308175"}],"wp:featuredmedia":[{"embeddable":true,"href":"https:\/\/www.moskito.cz\/de\/wp-json\/wp\/v2\/media\/308176"}],"wp:attachment":[{"href":"https:\/\/www.moskito.cz\/de\/wp-json\/wp\/v2\/media?parent=308175"}],"wp:term":[{"taxonomy":"pwb-brand","embeddable":true,"href":"https:\/\/www.moskito.cz\/de\/wp-json\/wp\/v2\/pwb-brand?post=308175"},{"taxonomy":"product_brand","embeddable":true,"href":"https:\/\/www.moskito.cz\/de\/wp-json\/wp\/v2\/product_brand?post=308175"},{"taxonomy":"product_cat","embeddable":true,"href":"https:\/\/www.moskito.cz\/de\/wp-json\/wp\/v2\/product_cat?post=308175"},{"taxonomy":"product_tag","embeddable":true,"href":"https:\/\/www.moskito.cz\/de\/wp-json\/wp\/v2\/product_tag?post=308175"}],"curies":[{"name":"wp","href":"https:\/\/api.w.org\/{rel}","templated":true}]}}