{"id":308187,"date":"2023-11-18T10:04:02","date_gmt":"2024-02-06T14:16:31","guid":{"rendered":"https:\/\/www.moskito.cz\/produkt\/microtech-combat-troodon-fluted-ultem-143-1dlctuls-schiessmesser\/"},"modified":"2025-05-07T11:00:01","modified_gmt":"2025-05-07T10:00:01","slug":"microtech-combat-troodon-fluted-ultem-143-1dlctuls-schiessmesser","status":"publish","type":"product","link":"https:\/\/www.moskito.cz\/de\/produkt\/microtech-combat-troodon-fluted-ultem-143-1dlctuls-schiessmesser\/","title":{"rendered":"Microtech Combat Troodon Fluted Ultem 143-1DLCTULS Schie\u00dfmesser"},"content":{"rendered":"<p><strong>Microtech<\/strong> Combat Troodon Fluted Ultem 143-1DLCTULS Schie\u00dfmesser<\/p>\n<p>Das gr\u00f6\u00dfte OTF-Messer <strong>von Microtech<\/strong> Knives ist nach dem Troodon-Dinosaurier benannt. Combat Troodon ist eine wirklich gro\u00dfe Version des beliebten Troodon. Trotz seiner Gr\u00f6\u00dfe f\u00fchlt sich der Griff schlank und bequem an.<\/p>\n<p>Dieses Modell verf\u00fcgt \u00fcber einen schwarz eloxierten 6061-T6-Aluminiumgriff mit Ultra-Top und Druckknopf. Magnacut einschneidige DLC-beschichtete Edelstahlklinge mit Standardschneide. DLC-behandelter Glasbrecher aus Edelstahl, doppelseitiger Taschenclip und Hardware. Der Taschenclip ist mit einer Microtech-Klaue, dem Logo der Signature Series und dem Herstellungsdatum versehen.<\/p>\n<p>Herkunftsland: USA<br \/>\nEntstehungsdatum: 2023<br \/>\nZustand: brandneu<br \/>\nGriffmaterial: Aluminium\/Ultem<br \/>\nKlingenmaterial: Magnacut<br \/>\nKlingenstil: Drop Point<br \/>\nKlingenoberfl\u00e4chenbehandlung: DLC<br \/>\nKantentyp: Standard<br \/>\nModell\/Muster: Combat Troodon<br \/>\nMessertyp: Double-Action-Automatik-OTF<br \/>\nSchlosstyp: Vorne<br \/>\nKlinge Klingenl\u00e4nge: 9,5 cm<br \/>\nKlingenh\u00e4rte (HRC): 61-62<br \/>\nKlingenst\u00e4rke: 0,24 cm<\/p>\n<p><iframe title=\"Microtech Combat Troodon Torture Test\" width=\"800\" height=\"450\" src=\"https:\/\/www.youtube.com\/embed\/xE9TeOFYEjg?feature=oembed\" frameborder=\"0\" allow=\"accelerometer; autoplay; clipboard-write; encrypted-media; gyroscope; picture-in-picture; web-share\" allowfullscreen><\/iframe><\/p>\n<p>&nbsp;<\/p>\n","protected":false},"excerpt":{"rendered":"<p><strong>Im Laufe der Jahre hat Microtech\u00ae Knives Messer mit Leidenschaft und K\u00f6nnen gef\u00fcllt, um nahezu Kunstwerke zu schaffen, die den Gipfel der Funktionalit\u00e4t darstellen. Alle Teile werden in den USA hergestellt.<\/strong><br \/>\n<strong>F\u00fcr alle Microtech-Messer gilt eine lebenslange Garantie.<\/strong><\/p>\n<p><strong>Kostenloser Transport.<\/strong><\/p>\n","protected":false},"featured_media":308188,"comment_status":"open","ping_status":"closed","template":"","meta":[],"pwb-brand":[3278],"product_brand":[],"product_cat":[3285,3343],"product_tag":[3669],"class_list":{"0":"post-308187","1":"product","2":"type-product","3":"status-publish","4":"has-post-thumbnail","6":"pwb-brand-microtech-de","7":"product_cat-messer","8":"product_cat-schiesmesser","9":"product_tag-b2b-de","11":"first","12":"outofstock","13":"taxable","14":"shipping-taxable","15":"purchasable","16":"product-type-simple"},"brands":[{"id":3278,"name":"Microtech","slug":"microtech-de"}],"_links":{"self":[{"href":"https:\/\/www.moskito.cz\/de\/wp-json\/wp\/v2\/product\/308187","targetHints":{"allow":["GET"]}}],"collection":[{"href":"https:\/\/www.moskito.cz\/de\/wp-json\/wp\/v2\/product"}],"about":[{"href":"https:\/\/www.moskito.cz\/de\/wp-json\/wp\/v2\/types\/product"}],"replies":[{"embeddable":true,"href":"https:\/\/www.moskito.cz\/de\/wp-json\/wp\/v2\/comments?post=308187"}],"wp:featuredmedia":[{"embeddable":true,"href":"https:\/\/www.moskito.cz\/de\/wp-json\/wp\/v2\/media\/308188"}],"wp:attachment":[{"href":"https:\/\/www.moskito.cz\/de\/wp-json\/wp\/v2\/media?parent=308187"}],"wp:term":[{"taxonomy":"pwb-brand","embeddable":true,"href":"https:\/\/www.moskito.cz\/de\/wp-json\/wp\/v2\/pwb-brand?post=308187"},{"taxonomy":"product_brand","embeddable":true,"href":"https:\/\/www.moskito.cz\/de\/wp-json\/wp\/v2\/product_brand?post=308187"},{"taxonomy":"product_cat","embeddable":true,"href":"https:\/\/www.moskito.cz\/de\/wp-json\/wp\/v2\/product_cat?post=308187"},{"taxonomy":"product_tag","embeddable":true,"href":"https:\/\/www.moskito.cz\/de\/wp-json\/wp\/v2\/product_tag?post=308187"}],"curies":[{"name":"wp","href":"https:\/\/api.w.org\/{rel}","templated":true}]}}