{"id":308228,"date":"2023-11-16T16:27:06","date_gmt":"2023-11-16T15:27:06","guid":{"rendered":"https:\/\/www.moskito.cz\/produkt\/schiessmesser-microtech-dirac-delta-dark-tungsten-cerakote-227-2cdt\/"},"modified":"2025-05-07T11:00:03","modified_gmt":"2025-05-07T10:00:03","slug":"schiessmesser-microtech-dirac-delta-dark-tungsten-cerakote-227-2cdt","status":"publish","type":"product","link":"https:\/\/www.moskito.cz\/de\/produkt\/schiessmesser-microtech-dirac-delta-dark-tungsten-cerakote-227-2cdt\/","title":{"rendered":"Schie\u00dfmesser Microtech Dirac Delta Dark Tungsten Cerakote 227-2CDT"},"content":{"rendered":"<p>Schie\u00dfmesser <strong>Microtech<\/strong> Dirac Delta Dark Tungsten Cerakote 227-2CDT<\/p>\n<p>Das Dirac ist das erste Double-Action-Messer von Microtech mit einem Cover-Firing-Schieber. Das \u00e4u\u00dferst ergonomische Geh\u00e4use zeichnet sich durch geschwungene HALO-\u00e4hnliche Linien aus, die im Vergleich zu anderen Griffen ein etwas anderes Gef\u00fchl vermitteln. Sie haben dieses spezielle OTF-Design erforscht und ihre charakteristischen Mikrotechnologien mit ultrahoher Toleranz wie propriet\u00e4re Hardware, innovative interne Mechanismen und Glasbrecher verwendet. Mit einer Gesamtl\u00e4nge von 24 cm ist das Dirac genau das Richtige f\u00fcr ein Alltags- oder Einsatzmesser.<br \/>\nSpezifikationen:<\/p>\n<p>Klingenl\u00e4nge: 9,47 cm<br \/>\nGesamtl\u00e4nge: 24 cm<br \/>\nStahl: M390<br \/>\nKlingenst\u00e4rke: 0,425 cm<br \/>\nKlingenstil: Doppelschneidiger Dolch<br \/>\nKlingenschliff: Flach<br \/>\nKlingenoberfl\u00e4chenbehandlung: Dark Tungsten Cerakote<br \/>\nGriffmaterial: Aluminium 6061-T6, dunkles Wolfram-Cerakot<br \/>\nGriffst\u00e4rke: 0,42 Zoll<br \/>\nVerriegelungsmechanismus: Deckelschieber<br \/>\nTaschenclip: Edelstahl 301 (zusammenklappbar)<br \/>\nGewicht: 4,1 Unzen.<br \/>\nDesigner: Tony Marfione<br \/>\nHergestellt in den USA<\/p>\n<p><iframe title=\"Microtech Combat Troodon Torture Test\" width=\"800\" height=\"450\" src=\"https:\/\/www.youtube.com\/embed\/xE9TeOFYEjg?feature=oembed\" frameborder=\"0\" allow=\"accelerometer; autoplay; clipboard-write; encrypted-media; gyroscope; picture-in-picture; web-share\" allowfullscreen><\/iframe><\/p>\n<p>&nbsp;<\/p>\n<p>&nbsp;<\/p>\n","protected":false},"excerpt":{"rendered":"<div class=\"elementor-element elementor-element-bbb542b elementor-widget elementor-widget-woocommerce-product-short-description\" data-id=\"bbb542b\" data-element_type=\"widget\" data-widget_type=\"woocommerce-product-short-description.default\">\n<div class=\"elementor-widget-container\">\n<div class=\"woocommerce-product-details__short-description\">\n<p><strong>Im Laufe der Jahre hat Microtech\u00ae Knives Messer mit Leidenschaft und K\u00f6nnen gef\u00fcllt, um nahezu Kunstwerke zu schaffen, die den Gipfel der Funktionalit\u00e4t darstellen. Alle Teile werden in den USA hergestellt.<\/strong><br \/>\n<strong>F\u00fcr alle Microtech-Messer gilt eine lebenslange Garantie.<\/strong><\/p>\n<p><strong>Kostenloser Transport.<\/strong><\/p>\n<\/div>\n<\/div>\n<\/div>\n","protected":false},"featured_media":308229,"comment_status":"open","ping_status":"closed","template":"","meta":[],"pwb-brand":[3278],"product_brand":[],"product_cat":[3343,3285],"product_tag":[3669],"class_list":{"0":"post-308228","1":"product","2":"type-product","3":"status-publish","4":"has-post-thumbnail","6":"pwb-brand-microtech-de","7":"product_cat-schiesmesser","8":"product_cat-messer","9":"product_tag-b2b-de","11":"first","12":"outofstock","13":"taxable","14":"shipping-taxable","15":"purchasable","16":"product-type-simple"},"brands":[{"id":3278,"name":"Microtech","slug":"microtech-de"}],"_links":{"self":[{"href":"https:\/\/www.moskito.cz\/de\/wp-json\/wp\/v2\/product\/308228","targetHints":{"allow":["GET"]}}],"collection":[{"href":"https:\/\/www.moskito.cz\/de\/wp-json\/wp\/v2\/product"}],"about":[{"href":"https:\/\/www.moskito.cz\/de\/wp-json\/wp\/v2\/types\/product"}],"replies":[{"embeddable":true,"href":"https:\/\/www.moskito.cz\/de\/wp-json\/wp\/v2\/comments?post=308228"}],"wp:featuredmedia":[{"embeddable":true,"href":"https:\/\/www.moskito.cz\/de\/wp-json\/wp\/v2\/media\/308229"}],"wp:attachment":[{"href":"https:\/\/www.moskito.cz\/de\/wp-json\/wp\/v2\/media?parent=308228"}],"wp:term":[{"taxonomy":"pwb-brand","embeddable":true,"href":"https:\/\/www.moskito.cz\/de\/wp-json\/wp\/v2\/pwb-brand?post=308228"},{"taxonomy":"product_brand","embeddable":true,"href":"https:\/\/www.moskito.cz\/de\/wp-json\/wp\/v2\/product_brand?post=308228"},{"taxonomy":"product_cat","embeddable":true,"href":"https:\/\/www.moskito.cz\/de\/wp-json\/wp\/v2\/product_cat?post=308228"},{"taxonomy":"product_tag","embeddable":true,"href":"https:\/\/www.moskito.cz\/de\/wp-json\/wp\/v2\/product_tag?post=308228"}],"curies":[{"name":"wp","href":"https:\/\/api.w.org\/{rel}","templated":true}]}}