{"id":308284,"date":"2023-11-13T16:48:05","date_gmt":"2024-02-06T14:35:54","guid":{"rendered":"https:\/\/www.moskito.cz\/produkt\/schiessmesser-microtech-special-bounty-hunter-ultratech-123-11bh\/"},"modified":"2025-05-07T11:00:06","modified_gmt":"2025-05-07T10:00:06","slug":"schiessmesser-microtech-special-bounty-hunter-ultratech-123-11bh","status":"publish","type":"product","link":"https:\/\/www.moskito.cz\/de\/produkt\/schiessmesser-microtech-special-bounty-hunter-ultratech-123-11bh\/","title":{"rendered":"Schie\u00dfmesser Microtech Special Bounty Hunter Ultratech 123-11BH"},"content":{"rendered":"<p>Schie\u00dfmesser <strong>Microtech<\/strong> Special Bounty Hunter Ultratech 123-11BH<\/p>\n<p>Ultratech wird f\u00fcr immer den Standard f\u00fcr alle Frontmesser setzen. Das Ultratech ist das urspr\u00fcngliche Double-Action-Frontmesser von Microtech und bildete die Basis der gesamten OTF-Linie. Im Laufe der Jahre wurde es mehrfach modifiziert und ist jedes Mal effizienter und zuverl\u00e4ssiger geworden. Diese Version verf\u00fcgt \u00fcber eine verbesserte Tri-Grip-Textur auf dem Daumenschieber f\u00fcr einen positiveren Kauf und einen apokalyptischen gr\u00fcnen Griff mit roter Hardware, der diesem Modell den Spitznamen \u201eBounty Hunter\u201c alias Boba Fett verleiht. Es hat auch ein sehr cooles Mythosaurier-Logo auf dem Taschenclip, das das Totenkopfsymbol der wahren Mandalorianer war. Die Ultratech-Feder bleibt immer in der \u201eRuhe\u201c-Position, au\u00dfer im gedehnten Zustand. Dadurch wird sichergestellt, dass die zusammengedr\u00fcckte Feder nicht erm\u00fcdet und der Benutzer sicherstellt, dass das Messer beim Abfeuern effektiv funktioniert. Das leichte einh\u00e4ndige \u00d6ffnen und Schlie\u00dfen von Ultratech, die schlanke Form und die skalpellscharfe Klinge machen es zu einem einzigartigen Messer, das nur bei Microtech erh\u00e4ltlich ist. Dieses Messer hat immer wieder bewiesen, dass es jedem Hindernis standh\u00e4lt und ist unserer Meinung nach das begehrteste der Star Wars Ultratech-Reihe.<\/p>\n<p>Spezifikationen:<\/p>\n<p>Automatisches \u00d6ffnen\/Schlie\u00dfen \u2013 Front\u00f6ffner<br \/>\nAktion: Doppelte Aktion \u2013 Automatisches Feuern\/Einfahren<br \/>\nKlingenstil: Single Edge Tanto, gezahnter Teil<br \/>\nGriffmaterial: 6061-T6-Aluminium mit Mil-Spec Green Apocalyptic eloxierter Hartbeschichtung<br \/>\nKlingenl\u00e4nge: 8,45 cm. Stahl: M390<br \/>\nGriffl\u00e4nge: 12,5 cm<br \/>\nMaterial des Taschenclips: 301 Edelstahl<br \/>\nStandard-Obermaterial: 6061-T6 AL-Legierung<br \/>\nAbzug: 303 Edelstahl<br \/>\nFensterbrecher<br \/>\nHergestellt in den USA<\/p>\n<p><iframe title=\"Microtech Combat Troodon Torture Test\" width=\"800\" height=\"450\" src=\"https:\/\/www.youtube.com\/embed\/xE9TeOFYEjg?feature=oembed\" frameborder=\"0\" allow=\"accelerometer; autoplay; clipboard-write; encrypted-media; gyroscope; picture-in-picture; web-share\" allowfullscreen><\/iframe><\/p>\n<p>&nbsp;<\/p>\n<p>&nbsp;<\/p>\n","protected":false},"excerpt":{"rendered":"<p><strong>Microtechs Ultratech ist eines ihrer beliebtesten Modelle und bietet definitiv das beste Preis-Leistungs-Verh\u00e4ltnis.<\/strong><\/p>\n<p><strong>F\u00fcr alle Microtech-Messer gilt eine lebenslange Garantie. <\/strong><\/p>\n<p><strong>Kostenloser Transport.<\/strong><\/p>\n","protected":false},"featured_media":308285,"comment_status":"open","ping_status":"closed","template":"","meta":[],"pwb-brand":[3278],"product_brand":[],"product_cat":[3285,3343],"product_tag":[3669],"class_list":{"0":"post-308284","1":"product","2":"type-product","3":"status-publish","4":"has-post-thumbnail","6":"pwb-brand-microtech-de","7":"product_cat-messer","8":"product_cat-schiesmesser","9":"product_tag-b2b-de","11":"first","12":"outofstock","13":"taxable","14":"shipping-taxable","15":"purchasable","16":"product-type-simple"},"brands":[{"id":3278,"name":"Microtech","slug":"microtech-de"}],"_links":{"self":[{"href":"https:\/\/www.moskito.cz\/de\/wp-json\/wp\/v2\/product\/308284","targetHints":{"allow":["GET"]}}],"collection":[{"href":"https:\/\/www.moskito.cz\/de\/wp-json\/wp\/v2\/product"}],"about":[{"href":"https:\/\/www.moskito.cz\/de\/wp-json\/wp\/v2\/types\/product"}],"replies":[{"embeddable":true,"href":"https:\/\/www.moskito.cz\/de\/wp-json\/wp\/v2\/comments?post=308284"}],"wp:featuredmedia":[{"embeddable":true,"href":"https:\/\/www.moskito.cz\/de\/wp-json\/wp\/v2\/media\/308285"}],"wp:attachment":[{"href":"https:\/\/www.moskito.cz\/de\/wp-json\/wp\/v2\/media?parent=308284"}],"wp:term":[{"taxonomy":"pwb-brand","embeddable":true,"href":"https:\/\/www.moskito.cz\/de\/wp-json\/wp\/v2\/pwb-brand?post=308284"},{"taxonomy":"product_brand","embeddable":true,"href":"https:\/\/www.moskito.cz\/de\/wp-json\/wp\/v2\/product_brand?post=308284"},{"taxonomy":"product_cat","embeddable":true,"href":"https:\/\/www.moskito.cz\/de\/wp-json\/wp\/v2\/product_cat?post=308284"},{"taxonomy":"product_tag","embeddable":true,"href":"https:\/\/www.moskito.cz\/de\/wp-json\/wp\/v2\/product_tag?post=308284"}],"curies":[{"name":"wp","href":"https:\/\/api.w.org\/{rel}","templated":true}]}}