{"id":308324,"date":"2023-11-10T15:22:55","date_gmt":"2024-02-06T14:38:10","guid":{"rendered":"https:\/\/www.moskito.cz\/produkt\/schiessmesser-microtech-utx-85-halloween-serie-231-1hws\/"},"modified":"2025-05-07T11:00:08","modified_gmt":"2025-05-07T10:00:08","slug":"schiessmesser-microtech-utx-85-halloween-serie-231-1hws","status":"publish","type":"product","link":"https:\/\/www.moskito.cz\/de\/produkt\/schiessmesser-microtech-utx-85-halloween-serie-231-1hws\/","title":{"rendered":"Schie\u00dfmesser Microtech UTX-85 HALLOWEEN SERIE 231-1HWS"},"content":{"rendered":"<p>Schie\u00dfmesser <strong>Microtech<\/strong> UTX-85 HALLOWEEN SERIE 231-1HWS<\/p>\n<p>Der Microtech UTX-85 ist eine 15 % kleinere Version des beliebten Ultratech . Es verf\u00fcgt \u00fcber die gleiche bissige, zuverl\u00e4ssige Aktion, die gleichen hochwertigen Materialien und die gleiche Gesamt\u00e4sthetik wie sein gro\u00dfer Bruder, jedoch in einem k\u00fcrzeren Paket. Microtech w\u00e4hlt Klingenmaterialien aus, die die beste Schnitthaltigkeit, Z\u00e4higkeit und Korrosionsbest\u00e4ndigkeit bieten, was die Arbeit mit diesem OTF-Doppelfunktions-Automatikmesser zu einem Vergn\u00fcgen macht. In Selbstverteidigungssituationen und bei starkem EDC-Einsatz k\u00f6nnen Sie sich darauf verlassen. Was auch immer passiert, der UTX-85 steht Ihnen zur Seite.<\/p>\n<p>Der Microtech UTX-85 ist in verschiedenen Farben, Klingenformen und Ausf\u00fchrungen erh\u00e4ltlich.<\/p>\n<p>Aktion: Doppelte Aktion \u2013 automatisches Ausl\u00f6sen\/automatischer R\u00fcckzug<br \/>\nGesamtl\u00e4nge: 18,75 cm<br \/>\nKlingenl\u00e4nge: 7,81 cm<br \/>\nSchnittkante: 7,17 cm<br \/>\nKlingenst\u00e4rke: 0,32 cm<br \/>\nKlingenmaterial: B\u00f6hler M390<br \/>\nKlingenstil: Drop Point \u2013 SCHWARZES FINISH<br \/>\nChassis: 6061-T6 AL-Legierung, orange Mil-Spec-Hartbeschichtung eloxiert \u2013 GRAVINY BAT<br \/>\nGriffmaterial: Aluminium<br \/>\nTaschenclip: Edelstahl 301 \u2013 JACK-O-LATERN-GRAVUR<br \/>\nStandard-Obermaterial: 6061-T6 AL-Legierung<br \/>\nAbzug: Edelstahl 303<br \/>\nGewicht: 2,8 Unzen.<br \/>\nHergestellt in den USA<\/p>\n<p><iframe title=\"Microtech Combat Troodon Torture Test\" width=\"800\" height=\"450\" src=\"https:\/\/www.youtube.com\/embed\/xE9TeOFYEjg?feature=oembed\" frameborder=\"0\" allow=\"accelerometer; autoplay; clipboard-write; encrypted-media; gyroscope; picture-in-picture; web-share\" allowfullscreen><\/iframe><\/p>\n<p>&nbsp;<\/p>\n<p>&nbsp;<\/p>\n<p>&nbsp;<\/p>\n","protected":false},"excerpt":{"rendered":"<p><strong>Im Laufe der Jahre hat Microtech\u00ae Knives Messer mit Leidenschaft und K\u00f6nnen gef\u00fcllt, um nahezu Kunstwerke zu schaffen, die den Gipfel der Funktionalit\u00e4t darstellen. Alle Teile werden in den USA hergestellt.<\/strong><br \/>\n<strong>F\u00fcr alle Microtech-Messer gilt eine lebenslange Garantie.<\/strong><\/p>\n<p><strong>Kostenloser Transport.<\/strong><\/p>\n","protected":false},"featured_media":308330,"comment_status":"open","ping_status":"closed","template":"","meta":[],"pwb-brand":[3278],"product_brand":[],"product_cat":[3285,3343],"product_tag":[3669],"class_list":{"0":"post-308324","1":"product","2":"type-product","3":"status-publish","4":"has-post-thumbnail","6":"pwb-brand-microtech-de","7":"product_cat-messer","8":"product_cat-schiesmesser","9":"product_tag-b2b-de","11":"first","12":"outofstock","13":"taxable","14":"shipping-taxable","15":"purchasable","16":"product-type-simple"},"brands":[{"id":3278,"name":"Microtech","slug":"microtech-de"}],"_links":{"self":[{"href":"https:\/\/www.moskito.cz\/de\/wp-json\/wp\/v2\/product\/308324","targetHints":{"allow":["GET"]}}],"collection":[{"href":"https:\/\/www.moskito.cz\/de\/wp-json\/wp\/v2\/product"}],"about":[{"href":"https:\/\/www.moskito.cz\/de\/wp-json\/wp\/v2\/types\/product"}],"replies":[{"embeddable":true,"href":"https:\/\/www.moskito.cz\/de\/wp-json\/wp\/v2\/comments?post=308324"}],"wp:featuredmedia":[{"embeddable":true,"href":"https:\/\/www.moskito.cz\/de\/wp-json\/wp\/v2\/media\/308330"}],"wp:attachment":[{"href":"https:\/\/www.moskito.cz\/de\/wp-json\/wp\/v2\/media?parent=308324"}],"wp:term":[{"taxonomy":"pwb-brand","embeddable":true,"href":"https:\/\/www.moskito.cz\/de\/wp-json\/wp\/v2\/pwb-brand?post=308324"},{"taxonomy":"product_brand","embeddable":true,"href":"https:\/\/www.moskito.cz\/de\/wp-json\/wp\/v2\/product_brand?post=308324"},{"taxonomy":"product_cat","embeddable":true,"href":"https:\/\/www.moskito.cz\/de\/wp-json\/wp\/v2\/product_cat?post=308324"},{"taxonomy":"product_tag","embeddable":true,"href":"https:\/\/www.moskito.cz\/de\/wp-json\/wp\/v2\/product_tag?post=308324"}],"curies":[{"name":"wp","href":"https:\/\/api.w.org\/{rel}","templated":true}]}}