{"id":308370,"date":"2023-11-10T14:07:13","date_gmt":"2024-02-06T14:38:15","guid":{"rendered":"https:\/\/www.moskito.cz\/produkt\/microtech-signature-series-combat-troodon-shadow-damascus-142-16dlctuls-schiessmesser\/"},"modified":"2025-05-07T11:00:10","modified_gmt":"2025-05-07T10:00:10","slug":"microtech-signature-series-combat-troodon-shadow-damascus-142-16dlctuls-schiessmesser","status":"publish","type":"product","link":"https:\/\/www.moskito.cz\/de\/produkt\/microtech-signature-series-combat-troodon-shadow-damascus-142-16dlctuls-schiessmesser\/","title":{"rendered":"Microtech Signature Series Combat Troodon Shadow Damascus 142-16DLCTULS Schie\u00dfmesser"},"content":{"rendered":"<p>Microtech Signature Series Combat Troodon Shadow Damascus 142-16DLCTULS Schie\u00dfmesser<\/p>\n<p><strong>Das Combat Troodon<\/strong> ist ein pr\u00e4zisionsgefertigtes taktisches Messer. Es ist 25 % gr\u00f6\u00dfer als das Flaggschiff Troodon. Es verf\u00fcgt \u00fcber einen schlanken Griff, eine konturierte Form, radikale Designelemente und einen ausgekl\u00fcgelten internen Mechanismus, der die betriebliche Funktionalit\u00e4t und Zuverl\u00e4ssigkeit in gr\u00f6\u00dferem Ma\u00dfstab verbessert. Der Combat Troodon ist f\u00fcr eine breite Palette von Nutz- und Nahkampfanwendungen konzipiert. Zu den Aluminiumgriffen geh\u00f6ren ein Glasbrecher, der eine sehr coole Erg\u00e4nzung darstellt, und eine Ultem-Oberseite. Das Messer zeichnet sich durch die erstaunliche Ringbeschl\u00e4ge und den Steuerschalter f\u00fcr ein sehr glattes Aussehen sowie nat\u00fcrlich durch die laminierte Damastklinge aus.<\/p>\n<p>Aktion: Doppeltwirkendes automatisches Feuern und Ziehen<br \/>\nKlingenstahl: Damaskus<br \/>\nKlingenstil: Doppelschneidiger Dolch<br \/>\nL\u00e4nge ge\u00f6ffnet: 23 cm<br \/>\nL\u00e4nge geschlossen: 13 cm<br \/>\nGriff: 6061-T6 Aluminium Mil Spec hartbeschichtet eloxiert mit Ult Top<br \/>\nTaschenclip: 301 federgeh\u00e4rtet, beidh\u00e4ndig verwendbar<br \/>\nGewicht: 5,4 Unzen.<br \/>\nHergestellt in den USA<\/p>\n<p><iframe title=\"Microtech Combat Troodon Torture Test\" width=\"800\" height=\"450\" src=\"https:\/\/www.youtube.com\/embed\/xE9TeOFYEjg?feature=oembed\" frameborder=\"0\" allow=\"accelerometer; autoplay; clipboard-write; encrypted-media; gyroscope; picture-in-picture; web-share\" allowfullscreen><\/iframe><\/p>\n<p>&nbsp;<\/p>\n<p>&nbsp;<\/p>\n","protected":false},"excerpt":{"rendered":"<p><strong>Im Laufe der Jahre hat Microtech\u00ae Knives Messer mit Leidenschaft und K\u00f6nnen gef\u00fcllt, um nahezu Kunstwerke zu schaffen, die den Gipfel der Funktionalit\u00e4t darstellen. Alle Teile werden in den USA hergestellt.<\/strong><br \/>\n<strong>F\u00fcr alle Microtech-Messer gilt eine lebenslange Garantie.<\/strong><\/p>\n<p><strong>Kostenloser Transport.<\/strong><\/p>\n","protected":false},"featured_media":308383,"comment_status":"open","ping_status":"closed","template":"","meta":[],"pwb-brand":[3278],"product_brand":[],"product_cat":[3285,3343],"product_tag":[3669],"class_list":{"0":"post-308370","1":"product","2":"type-product","3":"status-publish","4":"has-post-thumbnail","6":"pwb-brand-microtech-de","7":"product_cat-messer","8":"product_cat-schiesmesser","9":"product_tag-b2b-de","11":"first","12":"outofstock","13":"taxable","14":"shipping-taxable","15":"purchasable","16":"product-type-simple"},"brands":[{"id":3278,"name":"Microtech","slug":"microtech-de"}],"_links":{"self":[{"href":"https:\/\/www.moskito.cz\/de\/wp-json\/wp\/v2\/product\/308370","targetHints":{"allow":["GET"]}}],"collection":[{"href":"https:\/\/www.moskito.cz\/de\/wp-json\/wp\/v2\/product"}],"about":[{"href":"https:\/\/www.moskito.cz\/de\/wp-json\/wp\/v2\/types\/product"}],"replies":[{"embeddable":true,"href":"https:\/\/www.moskito.cz\/de\/wp-json\/wp\/v2\/comments?post=308370"}],"wp:featuredmedia":[{"embeddable":true,"href":"https:\/\/www.moskito.cz\/de\/wp-json\/wp\/v2\/media\/308383"}],"wp:attachment":[{"href":"https:\/\/www.moskito.cz\/de\/wp-json\/wp\/v2\/media?parent=308370"}],"wp:term":[{"taxonomy":"pwb-brand","embeddable":true,"href":"https:\/\/www.moskito.cz\/de\/wp-json\/wp\/v2\/pwb-brand?post=308370"},{"taxonomy":"product_brand","embeddable":true,"href":"https:\/\/www.moskito.cz\/de\/wp-json\/wp\/v2\/product_brand?post=308370"},{"taxonomy":"product_cat","embeddable":true,"href":"https:\/\/www.moskito.cz\/de\/wp-json\/wp\/v2\/product_cat?post=308370"},{"taxonomy":"product_tag","embeddable":true,"href":"https:\/\/www.moskito.cz\/de\/wp-json\/wp\/v2\/product_tag?post=308370"}],"curies":[{"name":"wp","href":"https:\/\/api.w.org\/{rel}","templated":true}]}}