{"id":308448,"date":"2023-11-08T16:12:51","date_gmt":"2024-02-06T14:43:07","guid":{"rendered":"https:\/\/www.moskito.cz\/produkt\/schiessmesser-microtech-utx-85-clone-trooper-232-1co\/"},"modified":"2025-05-07T11:00:13","modified_gmt":"2025-05-07T10:00:13","slug":"schiessmesser-microtech-utx-85-clone-trooper-232-1co","status":"publish","type":"product","link":"https:\/\/www.moskito.cz\/de\/produkt\/schiessmesser-microtech-utx-85-clone-trooper-232-1co\/","title":{"rendered":"Schie\u00dfmesser Microtech UTX-85 Clone Trooper 232-1CO"},"content":{"rendered":"<p>Schie\u00dfmesser <strong>Microtech<\/strong> UTX-85 Clone Trooper 232-1CO<\/p>\n<p>Das Microtech UTX-85 ist ein mittelgro\u00dfes Messer der Ultratech-Reihe. Dieses Modell ist mit einem geformten Chassis f\u00fcr maximalen Grip, Benutzerfreundlichkeit und Komfort ausgestattet. Verf\u00fcgt \u00fcber Texturflecken entlang der Wirbels\u00e4ule an den richtigen Stellen, um maximalen Halt zu gew\u00e4hrleisten, wenn Sie ihn brauchen. Diese Microtech-Messer verf\u00fcgen au\u00dferdem \u00fcber einen praktischen Feuerschalter und einen kampferprobten Glasbrecher aus Wolframkarbid.<\/p>\n<p>Das Microtech UTX-85 bietet die gleiche gro\u00dfartige Leistung wie das Ultratech, wurde jedoch f\u00fcr diejenigen, die ein kleineres, versteckteres Messer bevorzugen, um 85 % verkleinert. Dies ist eine gro\u00dfartige Wahl f\u00fcr Benutzer, die ein leichteres, kleineres Double-Action-OTF mit der gleichen gro\u00dfartigen Leistung wie das Ultratech in voller Gr\u00f6\u00dfe suchen.<\/p>\n<p>Gesamtl\u00e4nge: 19,1 cm<br \/>\nL\u00e4nge geschlossen: 11,1 cm<br \/>\nKlingenl\u00e4nge: 7,9 cm<br \/>\nKlingenst\u00e4rke: 0,32 cm<br \/>\nRandstil: einfarbig<br \/>\nGriffmaterial: Clone Trooper Aluminium<br \/>\nGriffst\u00e4rke: 1,2 cm<br \/>\nTaschenclip: Tip-Down<br \/>\nGewicht: 82,22 g<br \/>\nHersteller Ref. #: 232-1CO<br \/>\nHerkunftsland: USA<\/p>\n<p><iframe title=\"Microtech Combat Troodon Torture Test\" width=\"800\" height=\"450\" src=\"https:\/\/www.youtube.com\/embed\/xE9TeOFYEjg?feature=oembed\" frameborder=\"0\" allow=\"accelerometer; autoplay; clipboard-write; encrypted-media; gyroscope; picture-in-picture; web-share\" allowfullscreen><\/iframe><\/p>\n<p>&nbsp;<\/p>\n","protected":false},"excerpt":{"rendered":"<div class=\"elementor-element elementor-element-bbb542b elementor-widget elementor-widget-woocommerce-product-short-description\" data-id=\"bbb542b\" data-element_type=\"widget\" data-widget_type=\"woocommerce-product-short-description.default\">\n<div class=\"elementor-widget-container\">\n<div class=\"woocommerce-product-details__short-description\">\n<p><strong>Microtechs Ultratech ist eines ihrer beliebtesten Modelle und bietet definitiv das beste Preis-Leistungs-Verh\u00e4ltnis.<\/strong><\/p>\n<p><strong>F\u00fcr alle Microtech-Messer gilt eine lebenslange Garantie. <\/strong><\/p>\n<p><strong>Kostenloser Transport.<\/strong><\/p>\n<\/div>\n<\/div>\n<\/div>\n","protected":false},"featured_media":308449,"comment_status":"open","ping_status":"closed","template":"","meta":[],"pwb-brand":[3278],"product_brand":[],"product_cat":[3285,3343],"product_tag":[3669],"class_list":{"0":"post-308448","1":"product","2":"type-product","3":"status-publish","4":"has-post-thumbnail","6":"pwb-brand-microtech-de","7":"product_cat-messer","8":"product_cat-schiesmesser","9":"product_tag-b2b-de","11":"first","12":"instock","13":"taxable","14":"shipping-taxable","15":"purchasable","16":"product-type-simple"},"brands":[{"id":3278,"name":"Microtech","slug":"microtech-de"}],"_links":{"self":[{"href":"https:\/\/www.moskito.cz\/de\/wp-json\/wp\/v2\/product\/308448","targetHints":{"allow":["GET"]}}],"collection":[{"href":"https:\/\/www.moskito.cz\/de\/wp-json\/wp\/v2\/product"}],"about":[{"href":"https:\/\/www.moskito.cz\/de\/wp-json\/wp\/v2\/types\/product"}],"replies":[{"embeddable":true,"href":"https:\/\/www.moskito.cz\/de\/wp-json\/wp\/v2\/comments?post=308448"}],"wp:featuredmedia":[{"embeddable":true,"href":"https:\/\/www.moskito.cz\/de\/wp-json\/wp\/v2\/media\/308449"}],"wp:attachment":[{"href":"https:\/\/www.moskito.cz\/de\/wp-json\/wp\/v2\/media?parent=308448"}],"wp:term":[{"taxonomy":"pwb-brand","embeddable":true,"href":"https:\/\/www.moskito.cz\/de\/wp-json\/wp\/v2\/pwb-brand?post=308448"},{"taxonomy":"product_brand","embeddable":true,"href":"https:\/\/www.moskito.cz\/de\/wp-json\/wp\/v2\/product_brand?post=308448"},{"taxonomy":"product_cat","embeddable":true,"href":"https:\/\/www.moskito.cz\/de\/wp-json\/wp\/v2\/product_cat?post=308448"},{"taxonomy":"product_tag","embeddable":true,"href":"https:\/\/www.moskito.cz\/de\/wp-json\/wp\/v2\/product_tag?post=308448"}],"curies":[{"name":"wp","href":"https:\/\/api.w.org\/{rel}","templated":true}]}}