{"id":308471,"date":"2023-10-11T14:35:57","date_gmt":"2024-02-06T14:48:18","guid":{"rendered":"https:\/\/www.moskito.cz\/produkt\/schiessmesser-microtech-ultratech-od-gruen-123-3od\/"},"modified":"2025-05-07T11:00:13","modified_gmt":"2025-05-07T10:00:13","slug":"schiessmesser-microtech-ultratech-od-gruen-123-3od","status":"publish","type":"product","link":"https:\/\/www.moskito.cz\/de\/produkt\/schiessmesser-microtech-ultratech-od-gruen-123-3od\/","title":{"rendered":"Schie\u00dfmesser Microtech Ultratech OD Gr\u00fcn 123-3OD"},"content":{"rendered":"<p>Schie\u00dfmesser <strong>Microtech<\/strong> Ultratech OD Gr\u00fcn 123-3OD<\/p>\n<p>Als Flaggschiffmodell der OTF-Reihe von Microtech setzt Ultratech\u00ae den Standard f\u00fcr die OTF-Technologie. Durch die patentierte Technologie kann die Abzugsfeder sowohl in der offenen als auch in der geschlossenen Position ruhen, wodurch der Verschlei\u00df der internen Z\u00fcndmechanismen drastisch reduziert wird. Der geformte Geh\u00e4usegriff sorgt f\u00fcr ein leichteres und ergonomischeres Gef\u00fchl und verf\u00fcgt \u00fcber eine glatte, flache Oberfl\u00e4che. Das Microtech Ultratech ist das erste automatische OTF-Messer (von vorne) von Microtech Knives. Verf\u00fcgt \u00fcber eine 3,4-Zoll-Klinge mit verschiedenen Oberfl\u00e4chen und Klingenstilen. Das Ultratech verf\u00fcgt \u00fcber einen 5-Zoll-Griff aus eloxiertem 6061-T6-Aluminium mit Taschenclip, Glasbrecher und Edelstahlbeschl\u00e4gen. Doppelt wirkender Schiebedaumen zum automatischen Abfeuern und Zur\u00fcckziehen.<\/p>\n<p>Gesamtl\u00e4nge: <span id=\"cwos\" class=\"qv3Wpe\">21<\/span> cm<br \/>\nKlinge: <span id=\"cwos\" class=\"qv3Wpe\">8,5<\/span> cm, schwarz, Tanto, vollst\u00e4ndig gezahnt<br \/>\nGriff: OD gr\u00fcnes Aluminium<br \/>\nGewicht: 3,6 Unzen<\/p>\n<p>Stahl: M390<br \/>\n\u00d6ffner: Daumenschieber<br \/>\nTyp: OTF Double Action, automatisch<br \/>\nHergestellt in den USA<br \/>\nModell: 123-3OD<\/p>\n<p>&nbsp;<\/p>\n<p><iframe title=\"Microtech Combat Troodon Torture Test\" width=\"800\" height=\"450\" src=\"https:\/\/www.youtube.com\/embed\/xE9TeOFYEjg?feature=oembed\" frameborder=\"0\" allow=\"accelerometer; autoplay; clipboard-write; encrypted-media; gyroscope; picture-in-picture; web-share\" allowfullscreen><\/iframe><\/p>\n<p>&nbsp;<\/p>\n","protected":false},"excerpt":{"rendered":"<div class=\"elementor-element elementor-element-bbb542b elementor-widget elementor-widget-woocommerce-product-short-description\" data-id=\"bbb542b\" data-element_type=\"widget\" data-widget_type=\"woocommerce-product-short-description.default\">\n<div class=\"elementor-widget-container\">\n<div class=\"woocommerce-product-details__short-description\">\n<p><strong>Im Laufe der Jahre hat Microtech\u00ae Knives Messer mit Leidenschaft und K\u00f6nnen gef\u00fcllt, um nahezu Kunstwerke zu schaffen, die den Gipfel der Funktionalit\u00e4t darstellen. Alle Teile werden in den USA hergestellt.<\/strong><br \/>\n<strong>F\u00fcr alle Microtech-Messer gilt eine lebenslange Garantie.<\/strong><\/p>\n<p><strong>Kostenloser Transport.<\/strong><\/p>\n<\/div>\n<\/div>\n<\/div>\n","protected":false},"featured_media":308472,"comment_status":"open","ping_status":"closed","template":"","meta":[],"pwb-brand":[3278],"product_brand":[],"product_cat":[3285,3343],"product_tag":[3669],"class_list":{"0":"post-308471","1":"product","2":"type-product","3":"status-publish","4":"has-post-thumbnail","6":"pwb-brand-microtech-de","7":"product_cat-messer","8":"product_cat-schiesmesser","9":"product_tag-b2b-de","11":"first","12":"instock","13":"taxable","14":"shipping-taxable","15":"purchasable","16":"product-type-simple"},"brands":[{"id":3278,"name":"Microtech","slug":"microtech-de"}],"_links":{"self":[{"href":"https:\/\/www.moskito.cz\/de\/wp-json\/wp\/v2\/product\/308471","targetHints":{"allow":["GET"]}}],"collection":[{"href":"https:\/\/www.moskito.cz\/de\/wp-json\/wp\/v2\/product"}],"about":[{"href":"https:\/\/www.moskito.cz\/de\/wp-json\/wp\/v2\/types\/product"}],"replies":[{"embeddable":true,"href":"https:\/\/www.moskito.cz\/de\/wp-json\/wp\/v2\/comments?post=308471"}],"wp:featuredmedia":[{"embeddable":true,"href":"https:\/\/www.moskito.cz\/de\/wp-json\/wp\/v2\/media\/308472"}],"wp:attachment":[{"href":"https:\/\/www.moskito.cz\/de\/wp-json\/wp\/v2\/media?parent=308471"}],"wp:term":[{"taxonomy":"pwb-brand","embeddable":true,"href":"https:\/\/www.moskito.cz\/de\/wp-json\/wp\/v2\/pwb-brand?post=308471"},{"taxonomy":"product_brand","embeddable":true,"href":"https:\/\/www.moskito.cz\/de\/wp-json\/wp\/v2\/product_brand?post=308471"},{"taxonomy":"product_cat","embeddable":true,"href":"https:\/\/www.moskito.cz\/de\/wp-json\/wp\/v2\/product_cat?post=308471"},{"taxonomy":"product_tag","embeddable":true,"href":"https:\/\/www.moskito.cz\/de\/wp-json\/wp\/v2\/product_tag?post=308471"}],"curies":[{"name":"wp","href":"https:\/\/api.w.org\/{rel}","templated":true}]}}