{"id":308516,"date":"2023-10-26T15:38:14","date_gmt":"2024-02-06T14:54:06","guid":{"rendered":"https:\/\/www.moskito.cz\/produkt\/schiessmesser-microtech-utx-7-distressed-red-griff-apocalyptic-147-12drd\/"},"modified":"2025-05-07T11:00:15","modified_gmt":"2025-05-07T10:00:15","slug":"schiessmesser-microtech-utx-7-distressed-red-griff-apocalyptic-147-12drd","status":"publish","type":"product","link":"https:\/\/www.moskito.cz\/de\/produkt\/schiessmesser-microtech-utx-7-distressed-red-griff-apocalyptic-147-12drd\/","title":{"rendered":"Schie\u00dfmesser Microtech UTX-7 Distressed Red Griff Apocalyptic 147-12DRD"},"content":{"rendered":"<p>Schie\u00dfmesser <strong>Microtech<\/strong> UTX-7 Distressed Red Griff Apocalyptic 147-12DRD<\/p>\n<p>Suchen Sie nach dem kompaktesten automatischen Frontmesser auf dem Markt? Sie haben es also gefunden! <strong>Der Microtech UTX-70<\/strong> feuert automatisch \u00fcber einen Schiebeknopf auf der rechten Seite der Klinge ein und aus. Super klein (weniger als 6 insgesamt). Tolles kleines Messer!<\/p>\n<p>Dieses Modell verf\u00fcgt \u00fcber einen rot eloxierten 6061-T6-Aluminiumgriff mit dem <strong>Microtech<\/strong> Claw-Logo auf der Vorderseite. Doppelschneidige Dolchklinge aus apokalyptischem M390-Edelstahl mit einer Standardklinge und einer vollst\u00e4ndig gezahnten Klinge. apokalyptische Hardware, Taschenclip und Glasbrecher. Die Klinge verf\u00fcgt \u00fcber Modellinformationen. Der Taschenclip tr\u00e4gt das <strong>Microtech-<\/strong> Logo, die Seriennummer und das Herstellungsdatum.<\/p>\n<p>Herkunftsland: USA<br \/>\nEntstehungsdatum: 2023<br \/>\nGriffmaterial: Aluminium<br \/>\nKlingenmaterial: M390<br \/>\nKlingenstil: Doppelschneidiger Dolch<br \/>\nKlingenfinish: Apokalyptisch<br \/>\nKantentyp: Vollst\u00e4ndig gezahnt<br \/>\nModell\/Muster: UTX-70<br \/>\nMessertyp: Double-Action-Automatik-OTF<br \/>\nSchlosstyp: Vorne<br \/>\nGesamtl\u00e4nge: 14,07 cm<br \/>\nKlingenl\u00e4nge: 6,02 cm<br \/>\nKlingenst\u00e4rke: 0,2 cm<\/p>\n<p><iframe title=\"Microtech Combat Troodon Torture Test\" width=\"800\" height=\"450\" src=\"https:\/\/www.youtube.com\/embed\/xE9TeOFYEjg?feature=oembed\" frameborder=\"0\" allow=\"accelerometer; autoplay; clipboard-write; encrypted-media; gyroscope; picture-in-picture; web-share\" allowfullscreen><\/iframe><\/p>\n<p>&nbsp;<\/p>\n","protected":false},"excerpt":{"rendered":"<p><strong>Suchen Sie nach dem kompaktesten automatischen Frontmesser auf dem Markt? Sie haben es also gefunden! Microtech UTX-70.<\/strong><\/p>\n<p><strong>Kostenloser Transport.<\/strong><\/p>\n","protected":false},"featured_media":308518,"comment_status":"open","ping_status":"closed","template":"","meta":[],"pwb-brand":[3278],"product_brand":[],"product_cat":[3285,3343],"product_tag":[3669],"class_list":{"0":"post-308516","1":"product","2":"type-product","3":"status-publish","4":"has-post-thumbnail","6":"pwb-brand-microtech-de","7":"product_cat-messer","8":"product_cat-schiesmesser","9":"product_tag-b2b-de","11":"first","12":"instock","13":"taxable","14":"shipping-taxable","15":"purchasable","16":"product-type-simple"},"brands":[{"id":3278,"name":"Microtech","slug":"microtech-de"}],"_links":{"self":[{"href":"https:\/\/www.moskito.cz\/de\/wp-json\/wp\/v2\/product\/308516","targetHints":{"allow":["GET"]}}],"collection":[{"href":"https:\/\/www.moskito.cz\/de\/wp-json\/wp\/v2\/product"}],"about":[{"href":"https:\/\/www.moskito.cz\/de\/wp-json\/wp\/v2\/types\/product"}],"replies":[{"embeddable":true,"href":"https:\/\/www.moskito.cz\/de\/wp-json\/wp\/v2\/comments?post=308516"}],"wp:featuredmedia":[{"embeddable":true,"href":"https:\/\/www.moskito.cz\/de\/wp-json\/wp\/v2\/media\/308518"}],"wp:attachment":[{"href":"https:\/\/www.moskito.cz\/de\/wp-json\/wp\/v2\/media?parent=308516"}],"wp:term":[{"taxonomy":"pwb-brand","embeddable":true,"href":"https:\/\/www.moskito.cz\/de\/wp-json\/wp\/v2\/pwb-brand?post=308516"},{"taxonomy":"product_brand","embeddable":true,"href":"https:\/\/www.moskito.cz\/de\/wp-json\/wp\/v2\/product_brand?post=308516"},{"taxonomy":"product_cat","embeddable":true,"href":"https:\/\/www.moskito.cz\/de\/wp-json\/wp\/v2\/product_cat?post=308516"},{"taxonomy":"product_tag","embeddable":true,"href":"https:\/\/www.moskito.cz\/de\/wp-json\/wp\/v2\/product_tag?post=308516"}],"curies":[{"name":"wp","href":"https:\/\/api.w.org\/{rel}","templated":true}]}}