{"id":308561,"date":"2023-10-18T13:35:57","date_gmt":"2024-02-06T14:54:39","guid":{"rendered":"https:\/\/www.moskito.cz\/produkt\/schiessmesser-microtech-ultratech-apocalyptic-122-11apod\/"},"modified":"2025-05-07T11:00:17","modified_gmt":"2025-05-07T10:00:17","slug":"schiessmesser-microtech-ultratech-apocalyptic-122-11apod","status":"publish","type":"product","link":"https:\/\/www.moskito.cz\/de\/produkt\/schiessmesser-microtech-ultratech-apocalyptic-122-11apod\/","title":{"rendered":"Schie\u00dfmesser Microtech Ultratech Apocalyptic 122-11APOD"},"content":{"rendered":"<p>Schie\u00dfmesser <strong>Microtech<\/strong> Ultratech Apocalyptic 122-11APOD<\/p>\n<p>Der Ultratech ist ein <strong>Microtech-<\/strong> Klassiker und seit seiner Einf\u00fchrung der Archetyp f\u00fchrender Automaten. Die Feder basiert auf der gleichen bew\u00e4hrten Mechanik und bleibt sowohl in der ge\u00f6ffneten als auch in der geschlossenen Position still, um den Verschlei\u00df zu reduzieren. Mit dem leistungsstarken automatischen \u00d6ffnen\/R\u00fcckziehen der Klinge auf Knopfdruck und der soliden Klingenverriegelung bleibt das Ultratech von <strong>Microtech<\/strong> der Standard in der Welt der Automatik.<\/p>\n<p>Beschreibung:<br \/>\nGesamtl\u00e4nge: 21,2 cm<br \/>\nL\u00e4nge geschlossen: 12,7 cm<br \/>\nKlingenl\u00e4nge: 8,5 cm<br \/>\nKlingenst\u00e4rke: 0,32 cm<br \/>\nKlingenfinish: Apokalyptisch<br \/>\nKantenstil: Teilweise gezahnt<br \/>\nGriffmaterial: OD gr\u00fcnes Aluminium<br \/>\nGriffst\u00e4rke: 1,2 cm<\/p>\n<p>Taschenclip: Tip-Down<br \/>\nGewicht: 3,5 oz (99,23 g)<br \/>\nHersteller Ref. #: 122-11 USW<br \/>\nHerkunftsland: USA<\/p>\n<p><iframe title=\"Microtech Combat Troodon Torture Test\" width=\"800\" height=\"450\" src=\"https:\/\/www.youtube.com\/embed\/xE9TeOFYEjg?feature=oembed\" frameborder=\"0\" allow=\"accelerometer; autoplay; clipboard-write; encrypted-media; gyroscope; picture-in-picture; web-share\" allowfullscreen><\/iframe><\/p>\n<p>&nbsp;<\/p>\n","protected":false},"excerpt":{"rendered":"<div class=\"elementor-element elementor-element-bbb542b elementor-widget elementor-widget-woocommerce-product-short-description\" data-id=\"bbb542b\" data-element_type=\"widget\" data-widget_type=\"woocommerce-product-short-description.default\">\n<div class=\"elementor-widget-container\">\n<div class=\"woocommerce-product-details__short-description\">\n<p><strong>Im Laufe der Jahre hat Microtech\u00ae Knives Messer mit Leidenschaft und K\u00f6nnen gef\u00fcllt, um nahezu Kunstwerke zu schaffen, die den Gipfel der Funktionalit\u00e4t darstellen. Alle Teile werden in den USA hergestellt.<\/strong><br \/>\n<strong>F\u00fcr alle Microtech-Messer gilt eine lebenslange Garantie.<\/strong><\/p>\n<p><strong>Kostenloser Transport.<\/strong><\/p>\n<\/div>\n<\/div>\n<\/div>\n","protected":false},"featured_media":308566,"comment_status":"open","ping_status":"closed","template":"","meta":[],"pwb-brand":[3278],"product_brand":[],"product_cat":[3285,3343],"product_tag":[3669],"class_list":{"0":"post-308561","1":"product","2":"type-product","3":"status-publish","4":"has-post-thumbnail","6":"pwb-brand-microtech-de","7":"product_cat-messer","8":"product_cat-schiesmesser","9":"product_tag-b2b-de","11":"first","12":"instock","13":"taxable","14":"shipping-taxable","15":"purchasable","16":"product-type-simple"},"brands":[{"id":3278,"name":"Microtech","slug":"microtech-de"}],"_links":{"self":[{"href":"https:\/\/www.moskito.cz\/de\/wp-json\/wp\/v2\/product\/308561","targetHints":{"allow":["GET"]}}],"collection":[{"href":"https:\/\/www.moskito.cz\/de\/wp-json\/wp\/v2\/product"}],"about":[{"href":"https:\/\/www.moskito.cz\/de\/wp-json\/wp\/v2\/types\/product"}],"replies":[{"embeddable":true,"href":"https:\/\/www.moskito.cz\/de\/wp-json\/wp\/v2\/comments?post=308561"}],"wp:featuredmedia":[{"embeddable":true,"href":"https:\/\/www.moskito.cz\/de\/wp-json\/wp\/v2\/media\/308566"}],"wp:attachment":[{"href":"https:\/\/www.moskito.cz\/de\/wp-json\/wp\/v2\/media?parent=308561"}],"wp:term":[{"taxonomy":"pwb-brand","embeddable":true,"href":"https:\/\/www.moskito.cz\/de\/wp-json\/wp\/v2\/pwb-brand?post=308561"},{"taxonomy":"product_brand","embeddable":true,"href":"https:\/\/www.moskito.cz\/de\/wp-json\/wp\/v2\/product_brand?post=308561"},{"taxonomy":"product_cat","embeddable":true,"href":"https:\/\/www.moskito.cz\/de\/wp-json\/wp\/v2\/product_cat?post=308561"},{"taxonomy":"product_tag","embeddable":true,"href":"https:\/\/www.moskito.cz\/de\/wp-json\/wp\/v2\/product_tag?post=308561"}],"curies":[{"name":"wp","href":"https:\/\/api.w.org\/{rel}","templated":true}]}}