{"id":308636,"date":"2023-10-17T19:59:56","date_gmt":"2024-02-06T14:54:45","guid":{"rendered":"https:\/\/www.moskito.cz\/produkt\/schiessmesser-microtech-utx-70-bounty-hunter-apocalyptic-149-10bh\/"},"modified":"2025-05-07T11:00:21","modified_gmt":"2025-05-07T10:00:21","slug":"schiessmesser-microtech-utx-70-bounty-hunter-apocalyptic-149-10bh","status":"publish","type":"product","link":"https:\/\/www.moskito.cz\/de\/produkt\/schiessmesser-microtech-utx-70-bounty-hunter-apocalyptic-149-10bh\/","title":{"rendered":"Schie\u00dfmesser Microtech UTX-70 Bounty Hunter Apocalyptic 149-10BH"},"content":{"rendered":"<p>Schie\u00dfmesser <strong>Microtech<\/strong> UTX-70 Bounty Hunter Apocalyptic 149-10BH<\/p>\n<p>Der UTX-70 ist die perfekte Kombination aus kompakter Gr\u00f6\u00dfe und gro\u00dfartiger Leistung. Bei 70 % der Gr\u00f6\u00dfe wird der UltratechUTX-70 aus denselben Materialien, auf denselben Maschinen und mit demselben Einfallsreichtum wie sein Vorg\u00e4nger hergestellt. <strong>Das UTX-70<\/strong> ist das perfekte Messer f\u00fcr alle Situationen, egal welche Schneidaufgabe Sie haben, es f\u00fcgt sich nahtlos in Ihren Lebensstil ein. Dank des schnellen \u00d6ffnens und Schlie\u00dfens mit einer Hand ist die Arbeit in Sekundenschnelle erledigt. Diese Version hat eine dunkle, eingeklappte apokalyptische Klinge und einen apokalyptischen gr\u00fcnen Griff mit roten Beschl\u00e4gen, was diesem Modell den Spitznamen Kopfgeldj\u00e4ger, auch bekannt als Boba Fett, verleiht. Es hat auch ein sehr cooles Mythosaurier-Logo auf dem Taschenclip, das das Totenkopfsymbol der wahren Mandalorianer war. Ausgestattet mit einem doppelseitigen Taschenclip und kompakter Gr\u00f6\u00dfe ist es die perfekte Wahl f\u00fcr den t\u00e4glichen Gebrauch und Transport.<\/p>\n<p>Spezifikationen<br \/>\nAktion: Doppelte Aktion \u2013 automatisches Ausl\u00f6sen\/automatischer R\u00fcckzug<br \/>\nKlingenl\u00e4nge: 6 cm<br \/>\nKlingenstil: Tanto<br \/>\nChassis: 6061-T6 AL-Legierung, Mil-Spec-Hartbeschichtung, eloxiert, Apocalyptic Green<br \/>\nGriffst\u00e4rke: 0,77 cm<br \/>\nL\u00e4nge geschlossen: 8 cm<br \/>\nGesamtl\u00e4nge: 14 cm<br \/>\nTaschenclip: Vollharter Edelstahl 301<br \/>\nStandard-Obermaterial: 6061-T6 AL-Legierung<br \/>\nAbzug: Edelstahl 303<br \/>\nGewicht: 1,2 Unzen.<br \/>\nStahl: M390<br \/>\nHergestellt in den USA<\/p>\n","protected":false},"excerpt":{"rendered":"<p><strong>Im Laufe der Jahre hat Microtech\u00ae Knives Messer mit Leidenschaft und K\u00f6nnen gef\u00fcllt, um nahezu Kunstwerke zu schaffen, die den Gipfel der Funktionalit\u00e4t darstellen. Alle Teile werden in den USA hergestellt.<\/strong><br \/>\n<strong>F\u00fcr alle Microtech-Messer gilt eine lebenslange Garantie.<\/strong><\/p>\n<p><strong>Kostenloser Transport.<\/strong><\/p>\n","protected":false},"featured_media":308644,"comment_status":"open","ping_status":"closed","template":"","meta":[],"pwb-brand":[3278],"product_brand":[],"product_cat":[3343,3285],"product_tag":[3669],"class_list":{"0":"post-308636","1":"product","2":"type-product","3":"status-publish","4":"has-post-thumbnail","6":"pwb-brand-microtech-de","7":"product_cat-schiesmesser","8":"product_cat-messer","9":"product_tag-b2b-de","11":"first","12":"outofstock","13":"taxable","14":"shipping-taxable","15":"purchasable","16":"product-type-simple"},"brands":[{"id":3278,"name":"Microtech","slug":"microtech-de"}],"_links":{"self":[{"href":"https:\/\/www.moskito.cz\/de\/wp-json\/wp\/v2\/product\/308636","targetHints":{"allow":["GET"]}}],"collection":[{"href":"https:\/\/www.moskito.cz\/de\/wp-json\/wp\/v2\/product"}],"about":[{"href":"https:\/\/www.moskito.cz\/de\/wp-json\/wp\/v2\/types\/product"}],"replies":[{"embeddable":true,"href":"https:\/\/www.moskito.cz\/de\/wp-json\/wp\/v2\/comments?post=308636"}],"wp:featuredmedia":[{"embeddable":true,"href":"https:\/\/www.moskito.cz\/de\/wp-json\/wp\/v2\/media\/308644"}],"wp:attachment":[{"href":"https:\/\/www.moskito.cz\/de\/wp-json\/wp\/v2\/media?parent=308636"}],"wp:term":[{"taxonomy":"pwb-brand","embeddable":true,"href":"https:\/\/www.moskito.cz\/de\/wp-json\/wp\/v2\/pwb-brand?post=308636"},{"taxonomy":"product_brand","embeddable":true,"href":"https:\/\/www.moskito.cz\/de\/wp-json\/wp\/v2\/product_brand?post=308636"},{"taxonomy":"product_cat","embeddable":true,"href":"https:\/\/www.moskito.cz\/de\/wp-json\/wp\/v2\/product_cat?post=308636"},{"taxonomy":"product_tag","embeddable":true,"href":"https:\/\/www.moskito.cz\/de\/wp-json\/wp\/v2\/product_tag?post=308636"}],"curies":[{"name":"wp","href":"https:\/\/api.w.org\/{rel}","templated":true}]}}