{"id":308651,"date":"2023-10-12T18:53:18","date_gmt":"2024-02-06T14:54:46","guid":{"rendered":"https:\/\/www.moskito.cz\/produkt\/schiessmesser-microtech-ludt-apocalyptic-135-10apod\/"},"modified":"2025-05-07T11:00:22","modified_gmt":"2025-05-07T10:00:22","slug":"schiessmesser-microtech-ludt-apocalyptic-135-10apod","status":"publish","type":"product","link":"https:\/\/www.moskito.cz\/de\/produkt\/schiessmesser-microtech-ludt-apocalyptic-135-10apod\/","title":{"rendered":"Schie\u00dfmesser Microtech LUDT Apocalyptic 135-10APOD"},"content":{"rendered":"<p>Schie\u00dfmesser <strong>Microtech<\/strong> LUDT Apocalyptic 135-10APOD<\/p>\n<p><strong>Das LUDT<\/strong> ist eine gro\u00dfe Version des Underwater Demolition Team-Messers. Mitte der 90er Jahre Jahrelang kam es auf den Messermarkt und entwickelte sich schnell zu einem der am schnellsten verkauften Messer in der Geschichte von Microtech. Im Laufe der Jahre wurde <strong>LUDT<\/strong> geformt und ver\u00e4ndert, um dem sich st\u00e4ndig ver\u00e4ndernden Markt gerecht zu werden. LUDT wird seit einiger Zeit nicht mehr aus der Microtech-Reihe vertrieben, daher freuen wir uns, es wieder zu haben.<\/p>\n<p>Die 135-10 <strong>LUDT-<\/strong> Klinge hat einen gew\u00f6lbten R\u00fccken, eine Daumenf\u00fchrung und eine verst\u00e4rkte Spitze f\u00fcr maximale Penetrationseffizienz, ohne die Spitze zu beeintr\u00e4chtigen. Das apokalyptische Finish der Klinge ist extrem langlebig und der OD-gr\u00fcne Griff macht sie zu einer idealen Komponente f\u00fcr EDC. Der Griff ist aus gefr\u00e4stem Flugzeugaluminium gefertigt, um Festigkeit und geringes Gewicht zu gew\u00e4hrleisten. Es ist ergonomisch, blitzschnell und einfach ein erstaunlicher Allrounder. Dieses Messer hat sich mehrfach bew\u00e4hrt und wir kommen sehr gerne wieder darauf zur\u00fcck. Inklusive Trageband und manipulationssicheren Schrauben.<\/p>\n<p>Spezifikationen<br \/>\nAutomatisches \u00d6ffnen \u2013 Seiten\u00f6ffner<br \/>\nStahl: M390<br \/>\nKlingenl\u00e4nge: 8,42 cm<br \/>\nKlingenst\u00e4rke: 0,31 cm<br \/>\nKlingenstil: Single Edge Apocalyptic Drop Point<br \/>\nGriffmaterial: OD Green 6061-T6 Aluminium<br \/>\nL\u00e4nge geschlossen: 12 cm<br \/>\nL\u00e4nge ge\u00f6ffnet: 20 cm<br \/>\nMaterial des Taschenclips: 301 Edelstahl<br \/>\nHergestellt in den USA<\/p>\n<p><iframe title=\"Microtech Combat Troodon Torture Test\" width=\"800\" height=\"450\" src=\"https:\/\/www.youtube.com\/embed\/xE9TeOFYEjg?feature=oembed\" frameborder=\"0\" allow=\"accelerometer; autoplay; clipboard-write; encrypted-media; gyroscope; picture-in-picture; web-share\" allowfullscreen><\/iframe><\/p>\n<p>&nbsp;<\/p>\n","protected":false},"excerpt":{"rendered":"<p><strong>Im Laufe der Jahre hat Microtech\u00ae Knives Messer mit Leidenschaft und K\u00f6nnen gef\u00fcllt, um nahezu Kunstwerke zu schaffen, die den Gipfel der Funktionalit\u00e4t darstellen. Alle Teile werden in den USA hergestellt.<\/strong><br \/>\n<strong>F\u00fcr alle Microtech-Messer gilt eine lebenslange Garantie.<\/strong><\/p>\n<p><strong>Kostenloser Transport.<\/strong><\/p>\n","protected":false},"featured_media":308665,"comment_status":"open","ping_status":"closed","template":"","meta":[],"pwb-brand":[3278],"product_brand":[],"product_cat":[3285,3343],"product_tag":[3669],"class_list":{"0":"post-308651","1":"product","2":"type-product","3":"status-publish","4":"has-post-thumbnail","6":"pwb-brand-microtech-de","7":"product_cat-messer","8":"product_cat-schiesmesser","9":"product_tag-b2b-de","11":"first","12":"outofstock","13":"taxable","14":"shipping-taxable","15":"purchasable","16":"product-type-simple"},"brands":[{"id":3278,"name":"Microtech","slug":"microtech-de"}],"_links":{"self":[{"href":"https:\/\/www.moskito.cz\/de\/wp-json\/wp\/v2\/product\/308651","targetHints":{"allow":["GET"]}}],"collection":[{"href":"https:\/\/www.moskito.cz\/de\/wp-json\/wp\/v2\/product"}],"about":[{"href":"https:\/\/www.moskito.cz\/de\/wp-json\/wp\/v2\/types\/product"}],"replies":[{"embeddable":true,"href":"https:\/\/www.moskito.cz\/de\/wp-json\/wp\/v2\/comments?post=308651"}],"wp:featuredmedia":[{"embeddable":true,"href":"https:\/\/www.moskito.cz\/de\/wp-json\/wp\/v2\/media\/308665"}],"wp:attachment":[{"href":"https:\/\/www.moskito.cz\/de\/wp-json\/wp\/v2\/media?parent=308651"}],"wp:term":[{"taxonomy":"pwb-brand","embeddable":true,"href":"https:\/\/www.moskito.cz\/de\/wp-json\/wp\/v2\/pwb-brand?post=308651"},{"taxonomy":"product_brand","embeddable":true,"href":"https:\/\/www.moskito.cz\/de\/wp-json\/wp\/v2\/product_brand?post=308651"},{"taxonomy":"product_cat","embeddable":true,"href":"https:\/\/www.moskito.cz\/de\/wp-json\/wp\/v2\/product_cat?post=308651"},{"taxonomy":"product_tag","embeddable":true,"href":"https:\/\/www.moskito.cz\/de\/wp-json\/wp\/v2\/product_tag?post=308651"}],"curies":[{"name":"wp","href":"https:\/\/api.w.org\/{rel}","templated":true}]}}