{"id":308682,"date":"2023-10-17T14:21:38","date_gmt":"2024-02-06T14:54:48","guid":{"rendered":"https:\/\/www.moskito.cz\/produkt\/schiessmesser-microtech-combat-troodon-143-1bl\/"},"modified":"2025-05-07T11:00:25","modified_gmt":"2025-05-07T10:00:25","slug":"schiessmesser-microtech-combat-troodon-143-1bl","status":"publish","type":"product","link":"https:\/\/www.moskito.cz\/de\/produkt\/schiessmesser-microtech-combat-troodon-143-1bl\/","title":{"rendered":"Schie\u00dfmesser Microtech Combat Troodon 143-1BL"},"content":{"rendered":"<p>Schie\u00dfmesser <strong>Microtech<\/strong> Combat Troodon 143-1BL<\/p>\n<p>Ein Schie\u00dfmesser von vorne.<\/p>\n<p><strong>Microtech<\/strong> Combat Troodon 143-1T Schie\u00dfmesser \u2013 Dieses Combat Troodon hat eine schwarze, glatte Klinge. Aluminiumgriff mit Edelstahl-Kugelspitze.<br \/>\nDas gr\u00f6\u00dfte OTF-Messer von Microtech ist nach dem Troodon-Dinosaurier benannt. Combat Troodon ist eine wirklich gro\u00dfe Version des beliebten Troodon. Trotz seiner Gr\u00f6\u00dfe ist der Griff schlank und bequem.<\/p>\n<p>Klingenl\u00e4nge: 9,5 cm<br \/>\nKlingenst\u00e4rke: 0,33 cm<br \/>\nKlingenmaterial: M390<br \/>\nKlingenstil: Drop Point<br \/>\nEins\u00e4tze: Flach<br \/>\nOberfl\u00e4che: Schwarz<br \/>\nRandtyp: Uni<br \/>\nGriffl\u00e4nge: 13,3 cm<br \/>\nGriffst\u00e4rke: 1,4 cm<br \/>\nGriffmaterial: Aluminium<\/p>\n<p>Griff: 6061-T6-Aluminium, blaue Mil-Spec-Hartbeschichtung, Elox<br \/>\nTaschenclip: 301 federgeh\u00e4rtet, beidh\u00e4ndig verwendbar<br \/>\nGewicht: 5,3 Unzen.<\/p>\n<p><iframe title=\"Microtech Combat Troodon Torture Test\" width=\"800\" height=\"450\" src=\"https:\/\/www.youtube.com\/embed\/xE9TeOFYEjg?feature=oembed\" frameborder=\"0\" allow=\"accelerometer; autoplay; clipboard-write; encrypted-media; gyroscope; picture-in-picture; web-share\" allowfullscreen><\/iframe><\/p>\n<p>&nbsp;<\/p>\n<p>&nbsp;<\/p>\n","protected":false},"excerpt":{"rendered":"<p><strong>Im Laufe der Jahre hat Microtech\u00ae Knives Messer mit Leidenschaft und K\u00f6nnen gef\u00fcllt, um nahezu Kunstwerke zu schaffen, die den Gipfel der Funktionalit\u00e4t darstellen. Alle Teile werden in den USA hergestellt.<\/strong><br \/>\n<strong>F\u00fcr alle Microtech-Messer gilt eine lebenslange Garantie.<\/strong><\/p>\n<p><strong>Portofrei.<\/strong><\/p>\n","protected":false},"featured_media":308698,"comment_status":"open","ping_status":"closed","template":"","meta":[],"pwb-brand":[3278],"product_brand":[],"product_cat":[3285,3343],"product_tag":[3669],"class_list":{"0":"post-308682","1":"product","2":"type-product","3":"status-publish","4":"has-post-thumbnail","6":"pwb-brand-microtech-de","7":"product_cat-messer","8":"product_cat-schiesmesser","9":"product_tag-b2b-de","11":"first","12":"instock","13":"taxable","14":"shipping-taxable","15":"purchasable","16":"product-type-simple"},"brands":[{"id":3278,"name":"Microtech","slug":"microtech-de"}],"_links":{"self":[{"href":"https:\/\/www.moskito.cz\/de\/wp-json\/wp\/v2\/product\/308682","targetHints":{"allow":["GET"]}}],"collection":[{"href":"https:\/\/www.moskito.cz\/de\/wp-json\/wp\/v2\/product"}],"about":[{"href":"https:\/\/www.moskito.cz\/de\/wp-json\/wp\/v2\/types\/product"}],"replies":[{"embeddable":true,"href":"https:\/\/www.moskito.cz\/de\/wp-json\/wp\/v2\/comments?post=308682"}],"wp:featuredmedia":[{"embeddable":true,"href":"https:\/\/www.moskito.cz\/de\/wp-json\/wp\/v2\/media\/308698"}],"wp:attachment":[{"href":"https:\/\/www.moskito.cz\/de\/wp-json\/wp\/v2\/media?parent=308682"}],"wp:term":[{"taxonomy":"pwb-brand","embeddable":true,"href":"https:\/\/www.moskito.cz\/de\/wp-json\/wp\/v2\/pwb-brand?post=308682"},{"taxonomy":"product_brand","embeddable":true,"href":"https:\/\/www.moskito.cz\/de\/wp-json\/wp\/v2\/product_brand?post=308682"},{"taxonomy":"product_cat","embeddable":true,"href":"https:\/\/www.moskito.cz\/de\/wp-json\/wp\/v2\/product_cat?post=308682"},{"taxonomy":"product_tag","embeddable":true,"href":"https:\/\/www.moskito.cz\/de\/wp-json\/wp\/v2\/product_tag?post=308682"}],"curies":[{"name":"wp","href":"https:\/\/api.w.org\/{rel}","templated":true}]}}