{"id":308693,"date":"2023-10-17T14:59:11","date_gmt":"2024-02-06T14:54:49","guid":{"rendered":"https:\/\/www.moskito.cz\/produkt\/microtech-combat-troodon-tuerkis-stonewash-schiessmesser-143-10tq\/"},"modified":"2025-05-07T11:00:25","modified_gmt":"2025-05-07T10:00:25","slug":"microtech-combat-troodon-tuerkis-stonewash-schiessmesser-143-10tq","status":"publish","type":"product","link":"https:\/\/www.moskito.cz\/de\/produkt\/microtech-combat-troodon-tuerkis-stonewash-schiessmesser-143-10tq\/","title":{"rendered":"Microtech Combat Troodon T\u00fcrkis Stonewash Schie\u00dfmesser 143-10TQ"},"content":{"rendered":"<p><strong>Microtech<\/strong> Combat Troodon T\u00fcrkis Stonewash Schie\u00dfmesser 143-10TQ<\/p>\n<p>Das gr\u00f6\u00dfte OTF-Messer <strong>von Microtech<\/strong> Knives ist nach dem Troodon-Dinosaurier benannt. <strong>Combat Troodon<\/strong> ist eine wirklich gro\u00dfe Version des beliebten Troodon. Trotz seiner Gr\u00f6\u00dfe f\u00fchlt sich der Griff schlank und bequem an. Die Aktion ist nat\u00fcrlich von Microtech hervorragend, wie man es erwarten w\u00fcrde. Gro\u00df und b\u00f6se!<\/p>\n<p>Dieses Modell verf\u00fcgt \u00fcber einen t\u00fcrkis eloxierten 6061-T6-Aluminiumgriff mit R\u00e4ndelung und R\u00e4ndelung f\u00fcr besseren Halt. Einschneidige Klinge aus rostfreiem M390-Stahl mit Stonewash-Finish und Standardschneide. Glasbrecher aus perlgestrahltem Edelstahl, doppelseitiger Taschenclip und Beschl\u00e4ge. Der Taschenclip tr\u00e4gt das Microtech-Logo. Die Klinge verf\u00fcgt \u00fcber Modellinformationen. Der Griff tr\u00e4gt das Microtech Claw-Logo, die Seriennummer und das Herstellungsdatum.<\/p>\n<p>Gesamtl\u00e4nge: 24,2 cm<br \/>\nL\u00e4nge geschlossen: 14,6 cm<br \/>\nKlingenl\u00e4nge: 9,7 cm<br \/>\nKlingenst\u00e4rke: 0,32 cm<br \/>\nOberfl\u00e4chenbehandlung der Klinge: Stonewashed<br \/>\nKlingenstil: Drop Point<br \/>\nRandstil: einfarbig<\/p>\n<p>Klingenmaterial: M390<br \/>\nGriffmaterial: Aluminium<br \/>\nOberfl\u00e4chenbehandlung der Klinge: Stonewash<br \/>\nKantentyp: Standard<br \/>\nModell\/Muster: Combat Troodon<br \/>\nMessertyp: Double-Action-Automatik-OTF<br \/>\nSchlosstyp: Vorne<\/p>\n<p><iframe title=\"Microtech Combat Troodon Torture Test\" width=\"800\" height=\"450\" src=\"https:\/\/www.youtube.com\/embed\/xE9TeOFYEjg?feature=oembed\" frameborder=\"0\" allow=\"accelerometer; autoplay; clipboard-write; encrypted-media; gyroscope; picture-in-picture; web-share\" allowfullscreen><\/iframe><\/p>\n<p>&nbsp;<\/p>\n<p>&nbsp;<\/p>\n<p>&nbsp;<\/p>\n","protected":false},"excerpt":{"rendered":"<div class=\"elementor-element elementor-element-bbb542b elementor-widget elementor-widget-woocommerce-product-short-description\" data-id=\"bbb542b\" data-element_type=\"widget\" data-widget_type=\"woocommerce-product-short-description.default\">\n<div class=\"elementor-widget-container\">\n<div class=\"woocommerce-product-details__short-description\">\n<p><strong>Im Laufe der Jahre hat Microtech\u00ae Knives Messer mit Leidenschaft und K\u00f6nnen gef\u00fcllt, um nahezu Kunstwerke zu schaffen, die den Gipfel der Funktionalit\u00e4t darstellen. Alle Teile werden in den USA hergestellt.<\/strong><br \/>\n<strong>F\u00fcr alle Microtech-Messer gilt eine lebenslange Garantie.<\/strong><\/p>\n<p><strong>Kostenloser Transport.<\/strong><\/p>\n<\/div>\n<\/div>\n<\/div>\n","protected":false},"featured_media":308703,"comment_status":"open","ping_status":"closed","template":"","meta":[],"pwb-brand":[3278],"product_brand":[],"product_cat":[3285,3343],"product_tag":[3669],"class_list":{"0":"post-308693","1":"product","2":"type-product","3":"status-publish","4":"has-post-thumbnail","6":"pwb-brand-microtech-de","7":"product_cat-messer","8":"product_cat-schiesmesser","9":"product_tag-b2b-de","11":"first","12":"outofstock","13":"taxable","14":"shipping-taxable","15":"purchasable","16":"product-type-simple"},"brands":[{"id":3278,"name":"Microtech","slug":"microtech-de"}],"_links":{"self":[{"href":"https:\/\/www.moskito.cz\/de\/wp-json\/wp\/v2\/product\/308693","targetHints":{"allow":["GET"]}}],"collection":[{"href":"https:\/\/www.moskito.cz\/de\/wp-json\/wp\/v2\/product"}],"about":[{"href":"https:\/\/www.moskito.cz\/de\/wp-json\/wp\/v2\/types\/product"}],"replies":[{"embeddable":true,"href":"https:\/\/www.moskito.cz\/de\/wp-json\/wp\/v2\/comments?post=308693"}],"wp:featuredmedia":[{"embeddable":true,"href":"https:\/\/www.moskito.cz\/de\/wp-json\/wp\/v2\/media\/308703"}],"wp:attachment":[{"href":"https:\/\/www.moskito.cz\/de\/wp-json\/wp\/v2\/media?parent=308693"}],"wp:term":[{"taxonomy":"pwb-brand","embeddable":true,"href":"https:\/\/www.moskito.cz\/de\/wp-json\/wp\/v2\/pwb-brand?post=308693"},{"taxonomy":"product_brand","embeddable":true,"href":"https:\/\/www.moskito.cz\/de\/wp-json\/wp\/v2\/product_brand?post=308693"},{"taxonomy":"product_cat","embeddable":true,"href":"https:\/\/www.moskito.cz\/de\/wp-json\/wp\/v2\/product_cat?post=308693"},{"taxonomy":"product_tag","embeddable":true,"href":"https:\/\/www.moskito.cz\/de\/wp-json\/wp\/v2\/product_tag?post=308693"}],"curies":[{"name":"wp","href":"https:\/\/api.w.org\/{rel}","templated":true}]}}