{"id":308750,"date":"2023-10-11T13:15:50","date_gmt":"2024-02-06T14:58:05","guid":{"rendered":"https:\/\/www.moskito.cz\/produkt\/schiessmesser-microtech-makora-206-1tbis\/"},"modified":"2025-05-07T11:00:28","modified_gmt":"2025-05-07T10:00:28","slug":"schiessmesser-microtech-makora-206-1tbis","status":"publish","type":"product","link":"https:\/\/www.moskito.cz\/de\/produkt\/schiessmesser-microtech-makora-206-1tbis\/","title":{"rendered":"Schie\u00dfmesser Microtech Makora 206-1TBIS"},"content":{"rendered":"<p>Schie\u00dfmesser <strong>Microtech<\/strong> Makora 206-1TBIS<\/p>\n<p>Das Makora- Konzept entwickelte sich aus dem ber\u00fchmten Microtech-Ultratech- Design. Es ist seit mehreren Jahren praxiserprobt und bew\u00e4hrt. Dieses Design umfasst viele Funktionen, die von Benutzern angefordert und spezifiziert wurden, die dieses hochwirksame Tool jedem anderen vorziehen. Die Makora-Feder bleibt immer in der \u201eRuhe\u201c-Position, au\u00dfer im ausgefahrenen Zustand. Die komprimierte Feder erm\u00fcdet nicht, wenn das Messer nicht verwendet wird. Dies gibt dem Benutzer die Gewissheit, dass das Messer funktioniert, wenn die Entriegelung gedr\u00fcckt wird. Zu den weiteren Merkmalen geh\u00f6ren schnelles und effizientes \u00d6ffnen und Schlie\u00dfen mit einer Hand, eine hochwertige Stahlklinge, ein doppelseitiger Taschenclip und manipulationssichere Schrauben.<\/p>\n<p>Spezifikationen<br \/>\nKlingenl\u00e4nge: 8,25 cm<br \/>\nSchnittkante: 7,81 cm<br \/>\nL\u00e4nge geschlossen: 12,81 cm<br \/>\nGesamtl\u00e4nge: 21,3 cm<br \/>\nStahl: M390<br \/>\nKlingenst\u00e4rke: 0,31 cm<br \/>\nKlingenstil: Doppelschneidiger Dolch<br \/>\nKlingenschliff: Flach<br \/>\nKlingenfinish: Schwarz<br \/>\nGriffmaterial: Schwarzes Flugzeugaluminium mit schwarzen Traktionseins\u00e4tzen<br \/>\nGriffst\u00e4rke: 1,38 cm<br \/>\nVerriegelungsmechanismus: Schiebend<br \/>\nTaschenclip: Titan (klappbar, rechts\/links tragbar)<br \/>\nGewicht: 3,32 Unzen.<br \/>\nDesigner: Tony Marfione<br \/>\nInneres Nickel-Bor<br \/>\nHergestellt in den USA<\/p>\n<p><iframe title=\"Microtech Combat Troodon Torture Test\" width=\"800\" height=\"450\" src=\"https:\/\/www.youtube.com\/embed\/xE9TeOFYEjg?feature=oembed\" frameborder=\"0\" allow=\"accelerometer; autoplay; clipboard-write; encrypted-media; gyroscope; picture-in-picture; web-share\" allowfullscreen><\/iframe><\/p>\n<p>&nbsp;<\/p>\n","protected":false},"excerpt":{"rendered":"<div class=\"elementor-element elementor-element-bbb542b elementor-widget elementor-widget-woocommerce-product-short-description\" data-id=\"bbb542b\" data-element_type=\"widget\" data-widget_type=\"woocommerce-product-short-description.default\">\n<div class=\"elementor-widget-container\">\n<div class=\"woocommerce-product-details__short-description\">\n<p><strong>Im Laufe der Jahre hat Microtech\u00ae Knives Messer mit Leidenschaft und K\u00f6nnen gef\u00fcllt, um nahezu Kunstwerke zu schaffen, die den Gipfel der Funktionalit\u00e4t darstellen. Alle Teile werden in den USA hergestellt.<\/strong><br \/>\n<strong>Alle Microtech-Messer haben eine lebenslange Garantie (mindestens 80.000 Zyklen, \u00d6ffnen und Schlie\u00dfen).<\/strong><\/p>\n<p><strong>Kostenloser Transport.<\/strong><\/p>\n<\/div>\n<\/div>\n<\/div>\n","protected":false},"featured_media":308757,"comment_status":"open","ping_status":"closed","template":"","meta":[],"pwb-brand":[3278],"product_brand":[],"product_cat":[3285,3343],"product_tag":[3669],"class_list":{"0":"post-308750","1":"product","2":"type-product","3":"status-publish","4":"has-post-thumbnail","6":"pwb-brand-microtech-de","7":"product_cat-messer","8":"product_cat-schiesmesser","9":"product_tag-b2b-de","11":"first","12":"instock","13":"taxable","14":"shipping-taxable","15":"purchasable","16":"product-type-simple"},"brands":[{"id":3278,"name":"Microtech","slug":"microtech-de"}],"_links":{"self":[{"href":"https:\/\/www.moskito.cz\/de\/wp-json\/wp\/v2\/product\/308750","targetHints":{"allow":["GET"]}}],"collection":[{"href":"https:\/\/www.moskito.cz\/de\/wp-json\/wp\/v2\/product"}],"about":[{"href":"https:\/\/www.moskito.cz\/de\/wp-json\/wp\/v2\/types\/product"}],"replies":[{"embeddable":true,"href":"https:\/\/www.moskito.cz\/de\/wp-json\/wp\/v2\/comments?post=308750"}],"wp:featuredmedia":[{"embeddable":true,"href":"https:\/\/www.moskito.cz\/de\/wp-json\/wp\/v2\/media\/308757"}],"wp:attachment":[{"href":"https:\/\/www.moskito.cz\/de\/wp-json\/wp\/v2\/media?parent=308750"}],"wp:term":[{"taxonomy":"pwb-brand","embeddable":true,"href":"https:\/\/www.moskito.cz\/de\/wp-json\/wp\/v2\/pwb-brand?post=308750"},{"taxonomy":"product_brand","embeddable":true,"href":"https:\/\/www.moskito.cz\/de\/wp-json\/wp\/v2\/product_brand?post=308750"},{"taxonomy":"product_cat","embeddable":true,"href":"https:\/\/www.moskito.cz\/de\/wp-json\/wp\/v2\/product_cat?post=308750"},{"taxonomy":"product_tag","embeddable":true,"href":"https:\/\/www.moskito.cz\/de\/wp-json\/wp\/v2\/product_tag?post=308750"}],"curies":[{"name":"wp","href":"https:\/\/api.w.org\/{rel}","templated":true}]}}