{"id":308786,"date":"2023-10-11T18:52:07","date_gmt":"2024-02-06T14:58:09","guid":{"rendered":"https:\/\/www.moskito.cz\/produkt\/schiessmesser-microtech-combat-troodon-stonewashed-143-10bl\/"},"modified":"2025-05-07T11:00:30","modified_gmt":"2025-05-07T10:00:30","slug":"schiessmesser-microtech-combat-troodon-stonewashed-143-10bl","status":"publish","type":"product","link":"https:\/\/www.moskito.cz\/de\/produkt\/schiessmesser-microtech-combat-troodon-stonewashed-143-10bl\/","title":{"rendered":"Schie\u00dfmesser Microtech Combat Troodon Stonewashed 143-10BL"},"content":{"rendered":"<p>Schie\u00dfmesser Microtech Combat Troodon Stonewashed 143-10BL<\/p>\n<p><strong>Der Combat Troodon<\/strong> ist bei Strafverfolgungsbeh\u00f6rden, Milit\u00e4rangeh\u00f6rigen und Ersthelfern beliebt und f\u00fcr ein breites Einsatzspektrum und Nahkampfsituationen konzipiert. Mit seiner skulpturalen Form und den radikalen Designelementen wirkt dieses St\u00fcck massiv und eignet sich dennoch f\u00fcr den Alltag.<\/p>\n<p>Gesamtl\u00e4nge: 24,2 cm<br \/>\nL\u00e4nge geschlossen: 14,6 cm<br \/>\nKlingenl\u00e4nge: 9,7 cm<br \/>\nKlingenst\u00e4rke: 0,32 cm<br \/>\nOberfl\u00e4chenbehandlung der Klinge: Stonewashed<br \/>\nKlingenstil: Drop Point<br \/>\nRandstil: einfarbig<br \/>\nGriffmaterial: Blaues Aluminium<br \/>\nGriffst\u00e4rke: 1,5 cm<br \/>\nTaschenclip: Tip-Down<br \/>\nGewicht: 149,97 g<br \/>\nHersteller Ref. #: 143-10BL<br \/>\nHerkunftsland: USA<\/p>\n<p><iframe title=\"Microtech Combat Troodon Torture Test\" width=\"800\" height=\"450\" src=\"https:\/\/www.youtube.com\/embed\/xE9TeOFYEjg?feature=oembed\" frameborder=\"0\" allow=\"accelerometer; autoplay; clipboard-write; encrypted-media; gyroscope; picture-in-picture; web-share\" allowfullscreen><\/iframe><\/p>\n<p><iframe title=\"Microtech Combat Troodon Torture Test\" width=\"800\" height=\"450\" src=\"https:\/\/www.youtube.com\/embed\/xE9TeOFYEjg?feature=oembed\" frameborder=\"0\" allow=\"accelerometer; autoplay; clipboard-write; encrypted-media; gyroscope; picture-in-picture; web-share\" allowfullscreen><\/iframe><\/p>\n","protected":false},"excerpt":{"rendered":"<p><strong>Im Laufe der Jahre hat Microtech\u00ae Knives Messer mit Leidenschaft und K\u00f6nnen gef\u00fcllt, um nahezu Kunstwerke zu schaffen, die den Gipfel der Funktionalit\u00e4t darstellen. Alle Teile werden in den USA hergestellt.<\/strong><br \/>\n<strong>F\u00fcr alle Microtech-Messer gilt eine lebenslange Garantie.<\/strong><\/p>\n<p><strong>Kostenloser Transport.<\/strong><\/p>\n","protected":false},"featured_media":308789,"comment_status":"open","ping_status":"closed","template":"","meta":[],"pwb-brand":[3278],"product_brand":[],"product_cat":[3285,3343],"product_tag":[3669],"class_list":{"0":"post-308786","1":"product","2":"type-product","3":"status-publish","4":"has-post-thumbnail","6":"pwb-brand-microtech-de","7":"product_cat-messer","8":"product_cat-schiesmesser","9":"product_tag-b2b-de","11":"first","12":"outofstock","13":"taxable","14":"shipping-taxable","15":"purchasable","16":"product-type-simple"},"brands":[{"id":3278,"name":"Microtech","slug":"microtech-de"}],"_links":{"self":[{"href":"https:\/\/www.moskito.cz\/de\/wp-json\/wp\/v2\/product\/308786","targetHints":{"allow":["GET"]}}],"collection":[{"href":"https:\/\/www.moskito.cz\/de\/wp-json\/wp\/v2\/product"}],"about":[{"href":"https:\/\/www.moskito.cz\/de\/wp-json\/wp\/v2\/types\/product"}],"replies":[{"embeddable":true,"href":"https:\/\/www.moskito.cz\/de\/wp-json\/wp\/v2\/comments?post=308786"}],"wp:featuredmedia":[{"embeddable":true,"href":"https:\/\/www.moskito.cz\/de\/wp-json\/wp\/v2\/media\/308789"}],"wp:attachment":[{"href":"https:\/\/www.moskito.cz\/de\/wp-json\/wp\/v2\/media?parent=308786"}],"wp:term":[{"taxonomy":"pwb-brand","embeddable":true,"href":"https:\/\/www.moskito.cz\/de\/wp-json\/wp\/v2\/pwb-brand?post=308786"},{"taxonomy":"product_brand","embeddable":true,"href":"https:\/\/www.moskito.cz\/de\/wp-json\/wp\/v2\/product_brand?post=308786"},{"taxonomy":"product_cat","embeddable":true,"href":"https:\/\/www.moskito.cz\/de\/wp-json\/wp\/v2\/product_cat?post=308786"},{"taxonomy":"product_tag","embeddable":true,"href":"https:\/\/www.moskito.cz\/de\/wp-json\/wp\/v2\/product_tag?post=308786"}],"curies":[{"name":"wp","href":"https:\/\/api.w.org\/{rel}","templated":true}]}}