{"id":308825,"date":"2023-05-08T17:32:11","date_gmt":"2024-02-06T14:59:40","guid":{"rendered":"https:\/\/www.moskito.cz\/produkt\/microtech-signature-series-combat-troodon-zombie-tech-schiessmesserset-219-10setzts\/"},"modified":"2025-05-07T11:00:31","modified_gmt":"2025-05-07T10:00:31","slug":"microtech-signature-series-combat-troodon-zombie-tech-schiessmesserset-219-10setzts","status":"publish","type":"product","link":"https:\/\/www.moskito.cz\/de\/produkt\/microtech-signature-series-combat-troodon-zombie-tech-schiessmesserset-219-10setzts\/","title":{"rendered":"Microtech Signature Series Combat Troodon Zombie Tech Schie\u00dfmesserset 219-10SETZTS"},"content":{"rendered":"<p><strong>Microtech<\/strong> Signature Series Combat Troodon Zombie Tech Schie\u00dfmesserset 219-10SETZTS<\/p>\n<p><strong>Das Combat Troodon<\/strong> ist ein pr\u00e4zisionsgefertigtes taktisches Messer. Es ist 25 % gr\u00f6\u00dfer als das Flaggschiff Troodon. Es verf\u00fcgt \u00fcber einen schlanken Griff, eine konturierte Form, radikale Designelemente und einen ausgekl\u00fcgelten internen Mechanismus, der die Betriebsfunktionalit\u00e4t und Zuverl\u00e4ssigkeit in gr\u00f6\u00dferem Ma\u00dfstab verbessert. <strong>Combat Troodon<\/strong> ist f\u00fcr eine breite Palette von Gebrauchs- und Kampfmessern konzipiert.<\/p>\n<p>Spezifikationen<br \/>\nAktion: Doppeltwirkendes automatisches Feuern und Ziehen<br \/>\nKlingenl\u00e4nge: 9,37 cm<br \/>\nStahl: M390<br \/>\nKlingenstile: Hellhound Tanto und Warhound<br \/>\nOberfl\u00e4chenbehandlung der Klinge: Stonewashed<br \/>\nGriff: Zombie Green Mil-Spec Hard Coat eloxiertes Aluminium 6061-T6<br \/>\nGriffst\u00e4rke: Formkegel Min. 0,304 Zoll, Max. 435 Zoll<br \/>\nL\u00e4nge ge\u00f6ffnet: 23 cm<br \/>\nTaschenclip: 301 federgeh\u00e4rtet, beidh\u00e4ndig verwendbar<br \/>\nGewicht: 4,7 Unzen.<br \/>\nHergestellt in den USA<\/p>\n<p><iframe title=\"Microtech Combat Troodon Torture Test\" width=\"800\" height=\"450\" src=\"https:\/\/www.youtube.com\/embed\/xE9TeOFYEjg?feature=oembed\" frameborder=\"0\" allow=\"accelerometer; autoplay; clipboard-write; encrypted-media; gyroscope; picture-in-picture; web-share\" allowfullscreen><\/iframe><\/p>\n","protected":false},"excerpt":{"rendered":"<p>Im Laufe der Jahre hat <strong>Microtech\u00ae Knives<\/strong> Messer mit Leidenschaft und K\u00f6nnen gef\u00fcllt, um nahezu Kunstwerke zu schaffen, die den Gipfel der Funktionalit\u00e4t darstellen. Alle Teile werden in den USA hergestellt.<br \/>\n<strong>F\u00fcr alle Microtech-Messer gilt eine lebenslange Garantie.<\/strong><\/p>\n<p><strong>Kostenloser Transport.<\/strong><\/p>\n","protected":false},"featured_media":308826,"comment_status":"open","ping_status":"closed","template":"","meta":[],"pwb-brand":[3278],"product_brand":[],"product_cat":[3285,3343],"product_tag":[3669],"class_list":{"0":"post-308825","1":"product","2":"type-product","3":"status-publish","4":"has-post-thumbnail","6":"pwb-brand-microtech-de","7":"product_cat-messer","8":"product_cat-schiesmesser","9":"product_tag-b2b-de","11":"first","12":"instock","13":"taxable","14":"shipping-taxable","15":"purchasable","16":"product-type-simple"},"brands":[{"id":3278,"name":"Microtech","slug":"microtech-de"}],"_links":{"self":[{"href":"https:\/\/www.moskito.cz\/de\/wp-json\/wp\/v2\/product\/308825","targetHints":{"allow":["GET"]}}],"collection":[{"href":"https:\/\/www.moskito.cz\/de\/wp-json\/wp\/v2\/product"}],"about":[{"href":"https:\/\/www.moskito.cz\/de\/wp-json\/wp\/v2\/types\/product"}],"replies":[{"embeddable":true,"href":"https:\/\/www.moskito.cz\/de\/wp-json\/wp\/v2\/comments?post=308825"}],"wp:featuredmedia":[{"embeddable":true,"href":"https:\/\/www.moskito.cz\/de\/wp-json\/wp\/v2\/media\/308826"}],"wp:attachment":[{"href":"https:\/\/www.moskito.cz\/de\/wp-json\/wp\/v2\/media?parent=308825"}],"wp:term":[{"taxonomy":"pwb-brand","embeddable":true,"href":"https:\/\/www.moskito.cz\/de\/wp-json\/wp\/v2\/pwb-brand?post=308825"},{"taxonomy":"product_brand","embeddable":true,"href":"https:\/\/www.moskito.cz\/de\/wp-json\/wp\/v2\/product_brand?post=308825"},{"taxonomy":"product_cat","embeddable":true,"href":"https:\/\/www.moskito.cz\/de\/wp-json\/wp\/v2\/product_cat?post=308825"},{"taxonomy":"product_tag","embeddable":true,"href":"https:\/\/www.moskito.cz\/de\/wp-json\/wp\/v2\/product_tag?post=308825"}],"curies":[{"name":"wp","href":"https:\/\/api.w.org\/{rel}","templated":true}]}}