{"id":308850,"date":"2023-09-13T18:25:11","date_gmt":"2024-02-06T15:02:49","guid":{"rendered":"https:\/\/www.moskito.cz\/produkt\/schiessmesser-microtech-utx-85-cerakote-od-green-232-1cod\/"},"modified":"2025-05-07T11:00:33","modified_gmt":"2025-05-07T10:00:33","slug":"schiessmesser-microtech-utx-85-cerakote-od-green-232-1cod","status":"publish","type":"product","link":"https:\/\/www.moskito.cz\/de\/produkt\/schiessmesser-microtech-utx-85-cerakote-od-green-232-1cod\/","title":{"rendered":"Schie\u00dfmesser Microtech UTX-85 Cerakote OD Green 232-1COD"},"content":{"rendered":"<p>Schie\u00dfmesser <strong>Microtech<\/strong> UTX-85 Cerakote OD Green 232-1COD<\/p>\n<p>Microtech hat das UTX-85-Modell aktualisiert und verbessert. Es verf\u00fcgt \u00fcber eine verbesserte Ergonomie, abgerundete Grifffl\u00e4chen und geriffelte Stellen an den Seiten f\u00fcr einen hervorragenden Halt. Der Ausl\u00f6seknopf wurde neu gestaltet, um den Oberfl\u00e4chenkontakt f\u00fcr einen effektiven Eingriff zu erh\u00f6hen, und der Glasbrecher verf\u00fcgt \u00fcber eine Kugelspitze, die in die Basis mit Dreiecksmuster eingebettet ist, um das allt\u00e4gliche Trageverhalten zu verbessern. Der UTX-85 basiert auf der Ultratech-Plattform und ist auf 85 % seiner L\u00e4nge reduziert. Das UTX-85 ist eine attraktive Wahl f\u00fcr diejenigen, die ein kleineres EDC-Messer bevorzugen und die leistungsstarke Frontbewegung und au\u00dfergew\u00f6hnliche Verarbeitungsqualit\u00e4t <strong>von Microtech<\/strong> sch\u00e4tzen.<\/p>\n<p>Dieses Modell verf\u00fcgt \u00fcber eine Waage mit einem OD Green Cerakote-Aluminiumgriff. OD-gr\u00fcne Dolchklinge aus M390-Edelstahl mit Cerakote-Beschichtung. Fertige Cerakote-Hardware, Taschenclip und Glasbruchspitze. Der Taschenclip tr\u00e4gt das Microtech-Klauenlogo, die Seriennummer und das Herstellungsdatum.<\/p>\n<p>Herkunftsland: USA<br \/>\nKlingenl\u00e4nge: 8 cm<br \/>\nGesamtl\u00e4nge: 19 cm<br \/>\nGriffmaterial: Aluminium<br \/>\nKlingenmaterial: M390<br \/>\nKlingenstil: Doppelschneidiger Dolch<br \/>\nKlingenoberfl\u00e4chenbehandlung: Cerakote<br \/>\nKantentyp: Standard<br \/>\nModell\/Muster: UTX-85<br \/>\nMessertyp: Double-Action-Automatik-OTF<br \/>\nSchlosstyp: Vorne<\/p>\n<p><iframe title=\"Microtech Combat Troodon Torture Test\" width=\"800\" height=\"450\" src=\"https:\/\/www.youtube.com\/embed\/xE9TeOFYEjg?feature=oembed\" frameborder=\"0\" allow=\"accelerometer; autoplay; clipboard-write; encrypted-media; gyroscope; picture-in-picture; web-share\" allowfullscreen><\/iframe><\/p>\n<p>&nbsp;<\/p>\n","protected":false},"excerpt":{"rendered":"<p><strong>Im Laufe der Jahre hat Microtech\u00ae Knives Messer mit Leidenschaft und K\u00f6nnen gef\u00fcllt, um nahezu Kunstwerke zu schaffen, die den Gipfel der Funktionalit\u00e4t darstellen. Alle Teile werden in den USA hergestellt.<\/strong><br \/>\n<strong>F\u00fcr alle Microtech-Messer gilt eine lebenslange Garantie.<\/strong><\/p>\n<p><strong>Kostenloser Transport<\/strong><\/p>\n","protected":false},"featured_media":308889,"comment_status":"open","ping_status":"closed","template":"","meta":[],"pwb-brand":[3278],"product_brand":[],"product_cat":[3285,3343],"product_tag":[3669],"class_list":{"0":"post-308850","1":"product","2":"type-product","3":"status-publish","4":"has-post-thumbnail","6":"pwb-brand-microtech-de","7":"product_cat-messer","8":"product_cat-schiesmesser","9":"product_tag-b2b-de","11":"first","12":"outofstock","13":"taxable","14":"shipping-taxable","15":"purchasable","16":"product-type-simple"},"brands":[{"id":3278,"name":"Microtech","slug":"microtech-de"}],"_links":{"self":[{"href":"https:\/\/www.moskito.cz\/de\/wp-json\/wp\/v2\/product\/308850","targetHints":{"allow":["GET"]}}],"collection":[{"href":"https:\/\/www.moskito.cz\/de\/wp-json\/wp\/v2\/product"}],"about":[{"href":"https:\/\/www.moskito.cz\/de\/wp-json\/wp\/v2\/types\/product"}],"replies":[{"embeddable":true,"href":"https:\/\/www.moskito.cz\/de\/wp-json\/wp\/v2\/comments?post=308850"}],"wp:featuredmedia":[{"embeddable":true,"href":"https:\/\/www.moskito.cz\/de\/wp-json\/wp\/v2\/media\/308889"}],"wp:attachment":[{"href":"https:\/\/www.moskito.cz\/de\/wp-json\/wp\/v2\/media?parent=308850"}],"wp:term":[{"taxonomy":"pwb-brand","embeddable":true,"href":"https:\/\/www.moskito.cz\/de\/wp-json\/wp\/v2\/pwb-brand?post=308850"},{"taxonomy":"product_brand","embeddable":true,"href":"https:\/\/www.moskito.cz\/de\/wp-json\/wp\/v2\/product_brand?post=308850"},{"taxonomy":"product_cat","embeddable":true,"href":"https:\/\/www.moskito.cz\/de\/wp-json\/wp\/v2\/product_cat?post=308850"},{"taxonomy":"product_tag","embeddable":true,"href":"https:\/\/www.moskito.cz\/de\/wp-json\/wp\/v2\/product_tag?post=308850"}],"curies":[{"name":"wp","href":"https:\/\/api.w.org\/{rel}","templated":true}]}}