{"id":308911,"date":"2023-08-14T14:45:06","date_gmt":"2024-02-06T15:03:04","guid":{"rendered":"https:\/\/www.moskito.cz\/produkt\/microtech-signature-daytona-stonewash-126-12bis-schiessmesser\/"},"modified":"2025-05-07T11:00:34","modified_gmt":"2025-05-07T10:00:34","slug":"microtech-signature-daytona-stonewash-126-12bis-schiessmesser","status":"publish","type":"product","link":"https:\/\/www.moskito.cz\/de\/produkt\/microtech-signature-daytona-stonewash-126-12bis-schiessmesser\/","title":{"rendered":"Microtech Signature Daytona Stonewash 126-12BIS Schie\u00dfmesser"},"content":{"rendered":"<p><strong>Microtech<\/strong> Signature Daytona Stonewash 126-12BIS Schie\u00dfmesser<\/p>\n<p>Das MICROTECH 126-12BIS UTX-85 Daytona ist ein hochwertiges OTF-Taschenmesser (Out The Front), das auf Pr\u00e4zision und Stil ausgelegt ist. Basierend auf dem beliebten UTX-85-Modell ist das Daytona auf beiden Seiten des Griffs markant gestaltet, um den Halt und die optische Attraktivit\u00e4t des Messers zu verbessern. Dieses automatische Messer wurde mit der charakteristischen Liebe zum Detail und zur Leistung gefertigt und verspricht ein problemloses und zuverl\u00e4ssiges Benutzererlebnis.<\/p>\n<p>Der Daytona verf\u00fcgt \u00fcber eine Stonewashed-Dolchklinge mit einer einzelnen, vollst\u00e4ndig gezahnten Klinge, die eine hervorragende Schneidleistung und Haltbarkeit bietet. Der flache Schliff sorgt f\u00fcr optimale Schneideigenschaften und eignet sich daher f\u00fcr eine Vielzahl allt\u00e4glicher Aufgaben. Das Klingenmaterial Bohler M390 ist f\u00fcr seine au\u00dfergew\u00f6hnliche H\u00e4rte, Korrosionsbest\u00e4ndigkeit und Schnitthaltigkeit bekannt und somit die beste Wahl f\u00fcr Messerliebhaber.<\/p>\n<p>Haupteigenschaften:<\/p>\n<p>Dolchklinge mit Stonewash-Finish und vollst\u00e4ndig gezahnter Schneide<br \/>\nGefr\u00e4ster Zoll-Schiebe\u00f6ffner zum automatischen \u00d6ffnen und Schlie\u00dfen der Klinge<br \/>\nSilberner Titanblaseneinsatz und schwarzer Aluminiumgriff f\u00fcr besseren Halt und Stil<br \/>\nTaschenclip f\u00fcr sicheres und bequemes Tragen<br \/>\nOTF Double-Action-Automatikmesser f\u00fcr schnellen und einfachen Einsatz<br \/>\nSpezifikationen:<\/p>\n<p>Gesamtl\u00e4nge: 19 cm<br \/>\nKlingenl\u00e4nge: <span id=\"cwos\" class=\"qv3Wpe\">7,75<\/span> cm<br \/>\nKlingenst\u00e4rke: 0,3 cm<br \/>\nKlingenmaterial: B\u00f6hler M390<br \/>\nKlingenstil: Dolch<br \/>\nKlingenschliff: Flach<br \/>\nOberfl\u00e4chenfinish: Stonewash<br \/>\nKantentyp: Vollst\u00e4ndig gezahnt<br \/>\nGriffmaterial: Aluminium<br \/>\nschwarze Farbe<br \/>\nGewicht: 3,40 Unzen<br \/>\nBenutzer: Rechte Hand<br \/>\nTaschenclip: Tip-Down<br \/>\n\u00d6ffner: Daumenschieber<br \/>\nMarke: Microtech<br \/>\nModell: Daytona<br \/>\nModellnummer: 126-12BIS<br \/>\nHerkunftsland: USA<br \/>\nBeste Verwendung: Alltagskleidung<br \/>\nProdukttyp: Messer<br \/>\nDie MICROTECH Daytona ist nicht nur ein funktionales Instrument, sondern auch ein Statement-St\u00fcck. Egal, ob Sie begeisterter Sammler oder Alltagsnutzer sind, dieses Messer \u00fcberzeugt durch seine hochwertige Verarbeitung und sein Design. Der Double-Action-Mechanismus erm\u00f6glicht einen schnellen und einfachen Einsatz, w\u00e4hrend der ergonomische Griff f\u00fcr einen bequemen Halt bei l\u00e4ngerem Gebrauch sorgt.<\/p>\n<p><iframe title=\"Microtech Combat Troodon Torture Test\" width=\"800\" height=\"450\" src=\"https:\/\/www.youtube.com\/embed\/xE9TeOFYEjg?feature=oembed\" frameborder=\"0\" allow=\"accelerometer; autoplay; clipboard-write; encrypted-media; gyroscope; picture-in-picture; web-share\" allowfullscreen><\/iframe><\/p>\n<p>&nbsp;<\/p>\n","protected":false},"excerpt":{"rendered":"<p><strong>Im Laufe der Jahre hat Microtech\u00ae Knives Messer mit Leidenschaft und K\u00f6nnen gef\u00fcllt, um nahezu Kunstwerke zu schaffen, die den Gipfel der Funktionalit\u00e4t darstellen. Alle Teile werden in den USA hergestellt.<\/strong><br \/>\n<strong>Alle Microtech-Messer haben eine lebenslange Garantie (mindestens 80.000 Zyklen, \u00d6ffnen und Schlie\u00dfen).<\/strong><\/p>\n<p><strong>Kostenloser Transport.<\/strong><\/p>\n","protected":false},"featured_media":308919,"comment_status":"open","ping_status":"closed","template":"","meta":[],"pwb-brand":[3278],"product_brand":[],"product_cat":[3285,3343],"product_tag":[3669],"class_list":{"0":"post-308911","1":"product","2":"type-product","3":"status-publish","4":"has-post-thumbnail","6":"pwb-brand-microtech-de","7":"product_cat-messer","8":"product_cat-schiesmesser","9":"product_tag-b2b-de","11":"first","12":"instock","13":"taxable","14":"shipping-taxable","15":"purchasable","16":"product-type-simple"},"brands":[{"id":3278,"name":"Microtech","slug":"microtech-de"}],"_links":{"self":[{"href":"https:\/\/www.moskito.cz\/de\/wp-json\/wp\/v2\/product\/308911","targetHints":{"allow":["GET"]}}],"collection":[{"href":"https:\/\/www.moskito.cz\/de\/wp-json\/wp\/v2\/product"}],"about":[{"href":"https:\/\/www.moskito.cz\/de\/wp-json\/wp\/v2\/types\/product"}],"replies":[{"embeddable":true,"href":"https:\/\/www.moskito.cz\/de\/wp-json\/wp\/v2\/comments?post=308911"}],"wp:featuredmedia":[{"embeddable":true,"href":"https:\/\/www.moskito.cz\/de\/wp-json\/wp\/v2\/media\/308919"}],"wp:attachment":[{"href":"https:\/\/www.moskito.cz\/de\/wp-json\/wp\/v2\/media?parent=308911"}],"wp:term":[{"taxonomy":"pwb-brand","embeddable":true,"href":"https:\/\/www.moskito.cz\/de\/wp-json\/wp\/v2\/pwb-brand?post=308911"},{"taxonomy":"product_brand","embeddable":true,"href":"https:\/\/www.moskito.cz\/de\/wp-json\/wp\/v2\/product_brand?post=308911"},{"taxonomy":"product_cat","embeddable":true,"href":"https:\/\/www.moskito.cz\/de\/wp-json\/wp\/v2\/product_cat?post=308911"},{"taxonomy":"product_tag","embeddable":true,"href":"https:\/\/www.moskito.cz\/de\/wp-json\/wp\/v2\/product_tag?post=308911"}],"curies":[{"name":"wp","href":"https:\/\/api.w.org\/{rel}","templated":true}]}}